{"id":8121,"date":"2025-12-02T19:05:03","date_gmt":"2025-12-02T19:05:03","guid":{"rendered":"https:\/\/koraledetale.pl\/?post_type=product&#038;p=8121"},"modified":"2026-01-04T11:10:53","modified_gmt":"2026-01-04T11:10:53","slug":"bransoletka-dobrodziejka-ze-spinelami-opalami-tanzanitami-i-szmaragdami","status":"publish","type":"product","link":"https:\/\/koraledetale.pl\/?product=bransoletka-dobrodziejka-ze-spinelami-opalami-tanzanitami-i-szmaragdami","title":{"rendered":"Bransoletka DOBRODZIEJKA ze spinelami, opalami, tanzanitami i szmaragdami"},"content":{"rendered":"<p>Wielko\u015b\u0107 kamieni:<\/p>\n<ul>\n<li>spinel \u2013 3 mm,<\/li>\n<li>opal &#8211; ok. 3&#215;2 mm,<\/li>\n<li>tanzanit &#8211; ok. 3,5&#215;2 mm,<\/li>\n<li>szmaragd &#8211; ok. 3&#215;2 mm,<\/li>\n<li>hematyt \u2013 2&#215;1 mm.<\/li>\n<\/ul>\n<p>D\u0142ugo\u015b\u0107 bransoletki: 17,3 \u2013 20,3 cm.<\/p>\n<p>Wszystkie elementy metalowe wykonane s\u0105 z nieuczulaj\u0105cej stali szlachetnej w kolorze z\u0142otym.<\/p>\n","protected":false},"excerpt":{"rendered":"<p>Bransoletka ze spinelami, przeplatanymi opalami, tanzanitami i szmaragdami.<\/p>\n","protected":false},"featured_media":8125,"comment_status":"open","ping_status":"closed","template":"","meta":{"advanced_seo_description":"","jetpack_seo_html_title":"","jetpack_seo_noindex":false},"product_brand":[],"product_cat":[229],"product_tag":[1927,1949,2942,806,39,143,508,31],"class_list":{"0":"post-8121","1":"product","2":"type-product","3":"status-publish","4":"has-post-thumbnail","6":"product_cat-sprzedane","7":"product_tag-bransoletka-z-czarnymi-kamieniami-naturalnymi","8":"product_tag-bransoletka-z-kolorowymi-kamieniami-naturalnymi","9":"product_tag-bransoletka-ze-spinelami-tanzanitami-opalami-i-szmaragdami","10":"product_tag-opal","11":"product_tag-spinel","12":"product_tag-szmaragd","13":"product_tag-tanzanit","14":"product_tag-zloty-hematyt","16":"first","17":"outofstock","18":"shipping-taxable","19":"purchasable","20":"product-type-simple"},"jetpack_sharing_enabled":true,"_links":{"self":[{"href":"https:\/\/koraledetale.pl\/index.php?rest_route=\/wp\/v2\/product\/8121","targetHints":{"allow":["GET"]}}],"collection":[{"href":"https:\/\/koraledetale.pl\/index.php?rest_route=\/wp\/v2\/product"}],"about":[{"href":"https:\/\/koraledetale.pl\/index.php?rest_route=\/wp\/v2\/types\/product"}],"replies":[{"embeddable":true,"href":"https:\/\/koraledetale.pl\/index.php?rest_route=%2Fwp%2Fv2%2Fcomments&post=8121"}],"wp:featuredmedia":[{"embeddable":true,"href":"https:\/\/koraledetale.pl\/index.php?rest_route=\/wp\/v2\/media\/8125"}],"wp:attachment":[{"href":"https:\/\/koraledetale.pl\/index.php?rest_route=%2Fwp%2Fv2%2Fmedia&parent=8121"}],"wp:term":[{"taxonomy":"product_brand","embeddable":true,"href":"https:\/\/koraledetale.pl\/index.php?rest_route=%2Fwp%2Fv2%2Fproduct_brand&post=8121"},{"taxonomy":"product_cat","embeddable":true,"href":"https:\/\/koraledetale.pl\/index.php?rest_route=%2Fwp%2Fv2%2Fproduct_cat&post=8121"},{"taxonomy":"product_tag","embeddable":true,"href":"https:\/\/koraledetale.pl\/index.php?rest_route=%2Fwp%2Fv2%2Fproduct_tag&post=8121"}],"curies":[{"name":"wp","href":"https:\/\/api.w.org\/{rel}","templated":true}]}}