{"id":8112,"date":"2025-11-11T08:37:12","date_gmt":"2025-11-11T08:37:12","guid":{"rendered":"https:\/\/koraledetale.pl\/?post_type=product&#038;p=8112"},"modified":"2025-12-17T16:53:27","modified_gmt":"2025-12-17T16:53:27","slug":"kolczyki-ach-z-perlami-barokowymi-wersja-zlota","status":"publish","type":"product","link":"https:\/\/koraledetale.pl\/?product=kolczyki-ach-z-perlami-barokowymi-wersja-zlota","title":{"rendered":"Kolczyki ACH z per\u0142ami barokowymi \u2013 wersja z\u0142ota"},"content":{"rendered":"<p>Wielko\u015b\u0107 per\u0142y \u2013 ok. 16\u00d714 mm.<\/p>\n<p>D\u0142ugo\u015b\u0107 kolczyk\u00f3w \u2013 3,7 cm.<\/p>\n<p>Wszystkie elementy metalowe wykonane s\u0105 z nieuczulaj\u0105cej stali szlachetnej w kolorze z\u0142otym.<\/p>\n","protected":false},"excerpt":{"rendered":"<p>Kolczyki z du\u017cymi per\u0142ami barokowymi, zawieszonymi na grubych, okr\u0105g\u0142ych, zamykanych biglach.<\/p>\n","protected":false},"featured_media":8060,"comment_status":"open","ping_status":"closed","template":"","meta":{"advanced_seo_description":"","jetpack_seo_html_title":"","jetpack_seo_noindex":false},"product_brand":[],"product_cat":[229],"product_tag":[1823,2223,556],"class_list":{"0":"post-8112","1":"product","2":"type-product","3":"status-publish","4":"has-post-thumbnail","6":"product_cat-sprzedane","7":"product_tag-dlugie-kolczyki-z-perlami","8":"product_tag-kolczyki-z-perla-barokowa","9":"product_tag-perla-barokowa","11":"first","12":"outofstock","13":"shipping-taxable","14":"purchasable","15":"product-type-simple"},"jetpack_sharing_enabled":true,"_links":{"self":[{"href":"https:\/\/koraledetale.pl\/index.php?rest_route=\/wp\/v2\/product\/8112","targetHints":{"allow":["GET"]}}],"collection":[{"href":"https:\/\/koraledetale.pl\/index.php?rest_route=\/wp\/v2\/product"}],"about":[{"href":"https:\/\/koraledetale.pl\/index.php?rest_route=\/wp\/v2\/types\/product"}],"replies":[{"embeddable":true,"href":"https:\/\/koraledetale.pl\/index.php?rest_route=%2Fwp%2Fv2%2Fcomments&post=8112"}],"wp:featuredmedia":[{"embeddable":true,"href":"https:\/\/koraledetale.pl\/index.php?rest_route=\/wp\/v2\/media\/8060"}],"wp:attachment":[{"href":"https:\/\/koraledetale.pl\/index.php?rest_route=%2Fwp%2Fv2%2Fmedia&parent=8112"}],"wp:term":[{"taxonomy":"product_brand","embeddable":true,"href":"https:\/\/koraledetale.pl\/index.php?rest_route=%2Fwp%2Fv2%2Fproduct_brand&post=8112"},{"taxonomy":"product_cat","embeddable":true,"href":"https:\/\/koraledetale.pl\/index.php?rest_route=%2Fwp%2Fv2%2Fproduct_cat&post=8112"},{"taxonomy":"product_tag","embeddable":true,"href":"https:\/\/koraledetale.pl\/index.php?rest_route=%2Fwp%2Fv2%2Fproduct_tag&post=8112"}],"curies":[{"name":"wp","href":"https:\/\/api.w.org\/{rel}","templated":true}]}}