{"id":8110,"date":"2025-11-11T08:35:15","date_gmt":"2025-11-11T08:35:15","guid":{"rendered":"https:\/\/koraledetale.pl\/?post_type=product&#038;p=8110"},"modified":"2025-11-30T07:49:11","modified_gmt":"2025-11-30T07:49:11","slug":"naszyjnik-ach-przeciwwaga-z-perlami-wersja-srebrna","status":"publish","type":"product","link":"https:\/\/koraledetale.pl\/?product=naszyjnik-ach-przeciwwaga-z-perlami-wersja-srebrna","title":{"rendered":"Naszyjnik ACH przeciwwaga z per\u0142ami &#8211; wersja srebrna"},"content":{"rendered":"<p>Wielko\u015b\u0107 pere\u0142 \u2013 ok. 17-16\u00d713 mm.<\/p>\n<p>Maksymalna d\u0142ugo\u015b\u0107 naszyjnika \u2013 86 cm.<\/p>\n<p>Wszystkie elementy metalowe wykonane s\u0105 z nieuczulaj\u0105cej stali szlachetnej w kolorze srebrnym.<\/p>\n","protected":false},"excerpt":{"rendered":"<p>D\u0142ugi \u0142a\u0144cuszek \u2013 tzw. przeciwwaga, z pracuj\u0105cymi ko\u0144c\u00f3wkami zako\u0144czonymi per\u0142ami barokowymi. Naszyjnik mo\u017cna dowolnie regulowa\u0107, stwarzaj\u0105c mn\u00f3stwo wariant\u00f3w jego noszenia.<\/p>\n","protected":false},"featured_media":8075,"comment_status":"open","ping_status":"closed","template":"","meta":{"advanced_seo_description":"","jetpack_seo_html_title":"","jetpack_seo_noindex":false},"product_brand":[],"product_cat":[229],"product_tag":[556,2937,2938,1424],"class_list":{"0":"post-8110","1":"product","2":"type-product","3":"status-publish","4":"has-post-thumbnail","6":"product_cat-sprzedane","7":"product_tag-perla-barokowa","8":"product_tag-regulowany-naszyjnik-z-perla-barokowa","9":"product_tag-regulowany-lancuszek-z-perla-barokowa","10":"product_tag-lancuszek-z-perla-barokowa","12":"first","13":"outofstock","14":"shipping-taxable","15":"purchasable","16":"product-type-simple"},"jetpack_sharing_enabled":true,"_links":{"self":[{"href":"https:\/\/koraledetale.pl\/index.php?rest_route=\/wp\/v2\/product\/8110","targetHints":{"allow":["GET"]}}],"collection":[{"href":"https:\/\/koraledetale.pl\/index.php?rest_route=\/wp\/v2\/product"}],"about":[{"href":"https:\/\/koraledetale.pl\/index.php?rest_route=\/wp\/v2\/types\/product"}],"replies":[{"embeddable":true,"href":"https:\/\/koraledetale.pl\/index.php?rest_route=%2Fwp%2Fv2%2Fcomments&post=8110"}],"wp:featuredmedia":[{"embeddable":true,"href":"https:\/\/koraledetale.pl\/index.php?rest_route=\/wp\/v2\/media\/8075"}],"wp:attachment":[{"href":"https:\/\/koraledetale.pl\/index.php?rest_route=%2Fwp%2Fv2%2Fmedia&parent=8110"}],"wp:term":[{"taxonomy":"product_brand","embeddable":true,"href":"https:\/\/koraledetale.pl\/index.php?rest_route=%2Fwp%2Fv2%2Fproduct_brand&post=8110"},{"taxonomy":"product_cat","embeddable":true,"href":"https:\/\/koraledetale.pl\/index.php?rest_route=%2Fwp%2Fv2%2Fproduct_cat&post=8110"},{"taxonomy":"product_tag","embeddable":true,"href":"https:\/\/koraledetale.pl\/index.php?rest_route=%2Fwp%2Fv2%2Fproduct_tag&post=8110"}],"curies":[{"name":"wp","href":"https:\/\/api.w.org\/{rel}","templated":true}]}}