{"id":8105,"date":"2025-11-11T08:42:58","date_gmt":"2025-11-11T08:42:58","guid":{"rendered":"https:\/\/koraledetale.pl\/?post_type=product&#038;p=8105"},"modified":"2025-11-21T08:45:21","modified_gmt":"2025-11-21T08:45:21","slug":"bransoletka-ach-z-perla-i-kolkiem-wersja-zlota","status":"publish","type":"product","link":"https:\/\/koraledetale.pl\/?product=bransoletka-ach-z-perla-i-kolkiem-wersja-zlota","title":{"rendered":"Bransoletka ACH z per\u0142\u0105 i k\u00f3\u0142kiem \u2013 wersja z\u0142ota"},"content":{"rendered":"<p>Wielko\u015b\u0107 per\u0142y \u2013 ok. 17\u00d714 mm.<\/p>\n<p>D\u0142ugo\u015b\u0107 bransoletki \u2013 19 cm.<\/p>\n<p>Wszystkie elementy metalowe wykonane s\u0105 z nieuczulaj\u0105cej stali szlachetnej w kolorze z\u0142otym.<\/p>\n","protected":false},"excerpt":{"rendered":"<p>Bransoletka z \u0142a\u0144cuchem o grubych, plecionych oczkach, z ozdobnym k\u00f3\u0142kiem oraz du\u017c\u0105 per\u0142\u0105 barokow\u0105.<\/p>\n","protected":false},"featured_media":8050,"comment_status":"open","ping_status":"closed","template":"","meta":{"advanced_seo_description":"","jetpack_seo_html_title":"","jetpack_seo_noindex":false},"product_brand":[],"product_cat":[229],"product_tag":[2939,556],"class_list":{"0":"post-8105","1":"product","2":"type-product","3":"status-publish","4":"has-post-thumbnail","6":"product_cat-sprzedane","7":"product_tag-bransoletka-z-perla-barokowa","8":"product_tag-perla-barokowa","10":"first","11":"outofstock","12":"shipping-taxable","13":"purchasable","14":"product-type-simple"},"jetpack_sharing_enabled":true,"_links":{"self":[{"href":"https:\/\/koraledetale.pl\/index.php?rest_route=\/wp\/v2\/product\/8105","targetHints":{"allow":["GET"]}}],"collection":[{"href":"https:\/\/koraledetale.pl\/index.php?rest_route=\/wp\/v2\/product"}],"about":[{"href":"https:\/\/koraledetale.pl\/index.php?rest_route=\/wp\/v2\/types\/product"}],"replies":[{"embeddable":true,"href":"https:\/\/koraledetale.pl\/index.php?rest_route=%2Fwp%2Fv2%2Fcomments&post=8105"}],"wp:featuredmedia":[{"embeddable":true,"href":"https:\/\/koraledetale.pl\/index.php?rest_route=\/wp\/v2\/media\/8050"}],"wp:attachment":[{"href":"https:\/\/koraledetale.pl\/index.php?rest_route=%2Fwp%2Fv2%2Fmedia&parent=8105"}],"wp:term":[{"taxonomy":"product_brand","embeddable":true,"href":"https:\/\/koraledetale.pl\/index.php?rest_route=%2Fwp%2Fv2%2Fproduct_brand&post=8105"},{"taxonomy":"product_cat","embeddable":true,"href":"https:\/\/koraledetale.pl\/index.php?rest_route=%2Fwp%2Fv2%2Fproduct_cat&post=8105"},{"taxonomy":"product_tag","embeddable":true,"href":"https:\/\/koraledetale.pl\/index.php?rest_route=%2Fwp%2Fv2%2Fproduct_tag&post=8105"}],"curies":[{"name":"wp","href":"https:\/\/api.w.org\/{rel}","templated":true}]}}