{"id":8104,"date":"2025-11-11T08:42:40","date_gmt":"2025-11-11T08:42:40","guid":{"rendered":"https:\/\/koraledetale.pl\/?post_type=product&#038;p=8104"},"modified":"2026-04-27T17:51:03","modified_gmt":"2026-04-27T17:51:03","slug":"naszyjnik-ach-z-perlami-i-kolkami-wersja-zlota","status":"publish","type":"product","link":"https:\/\/koraledetale.pl\/?product=naszyjnik-ach-z-perlami-i-kolkami-wersja-zlota","title":{"rendered":"Naszyjnik ACH z per\u0142ami i k\u00f3\u0142kami \u2013 wersja z\u0142ota"},"content":{"rendered":"<p>Wielko\u015b\u0107 per\u0142y \u2013 ok. 18\u00d716 mm.<\/p>\n<p>D\u0142ugo\u015b\u0107 naszyjnika \u2013 79 cm \u2013 zawieszka z k\u00f3\u0142kiem \u2013 5 cm<\/p>\n<p>Wszystkie elementy metalowe wykonane s\u0105 z nieuczulaj\u0105cej stali szlachetnej w kolorze z\u0142otym.<\/p>\n","protected":false},"excerpt":{"rendered":"<p>D\u0142ugi \u0142a\u0144cuch o grubych, plecionych oczkach, z dwoma ozdobnymi k\u00f3\u0142kami oraz du\u017c\u0105 per\u0142\u0105 barokow\u0105.<\/p>\n","protected":false},"featured_media":8076,"comment_status":"open","ping_status":"closed","template":"","meta":{"advanced_seo_description":"","jetpack_seo_html_title":"","jetpack_seo_noindex":false},"product_brand":[],"product_cat":[15],"product_tag":[556,2937,2938,1424],"class_list":{"0":"post-8104","1":"product","2":"type-product","3":"status-publish","4":"has-post-thumbnail","6":"product_cat-naszyjniki","7":"product_tag-perla-barokowa","8":"product_tag-regulowany-naszyjnik-z-perla-barokowa","9":"product_tag-regulowany-lancuszek-z-perla-barokowa","10":"product_tag-lancuszek-z-perla-barokowa","12":"first","13":"instock","14":"shipping-taxable","15":"purchasable","16":"product-type-simple"},"jetpack_sharing_enabled":true,"_links":{"self":[{"href":"https:\/\/koraledetale.pl\/index.php?rest_route=\/wp\/v2\/product\/8104","targetHints":{"allow":["GET"]}}],"collection":[{"href":"https:\/\/koraledetale.pl\/index.php?rest_route=\/wp\/v2\/product"}],"about":[{"href":"https:\/\/koraledetale.pl\/index.php?rest_route=\/wp\/v2\/types\/product"}],"replies":[{"embeddable":true,"href":"https:\/\/koraledetale.pl\/index.php?rest_route=%2Fwp%2Fv2%2Fcomments&post=8104"}],"wp:featuredmedia":[{"embeddable":true,"href":"https:\/\/koraledetale.pl\/index.php?rest_route=\/wp\/v2\/media\/8076"}],"wp:attachment":[{"href":"https:\/\/koraledetale.pl\/index.php?rest_route=%2Fwp%2Fv2%2Fmedia&parent=8104"}],"wp:term":[{"taxonomy":"product_brand","embeddable":true,"href":"https:\/\/koraledetale.pl\/index.php?rest_route=%2Fwp%2Fv2%2Fproduct_brand&post=8104"},{"taxonomy":"product_cat","embeddable":true,"href":"https:\/\/koraledetale.pl\/index.php?rest_route=%2Fwp%2Fv2%2Fproduct_cat&post=8104"},{"taxonomy":"product_tag","embeddable":true,"href":"https:\/\/koraledetale.pl\/index.php?rest_route=%2Fwp%2Fv2%2Fproduct_tag&post=8104"}],"curies":[{"name":"wp","href":"https:\/\/api.w.org\/{rel}","templated":true}]}}