{"id":8101,"date":"2025-11-11T08:36:54","date_gmt":"2025-11-11T08:36:54","guid":{"rendered":"https:\/\/koraledetale.pl\/?post_type=product&#038;p=8101"},"modified":"2026-03-07T13:52:36","modified_gmt":"2026-03-07T13:52:36","slug":"naszyjnik-ach-z-perla-barokowa-wersja-srebrno-zlota","status":"publish","type":"product","link":"https:\/\/koraledetale.pl\/?product=naszyjnik-ach-z-perla-barokowa-wersja-srebrno-zlota","title":{"rendered":"Naszyjnik ACH z per\u0142\u0105 barokow\u0105 \u2013 wersja srebrno-z\u0142ota"},"content":{"rendered":"<p>Wielko\u015b\u0107 per\u0142y \u2013 ok. 15\u00d715 mm.<\/p>\n<p>D\u0142ugo\u015b\u0107 naszyjnika \u2013 71 cm + 6 cm &#8211; zawieszka.<\/p>\n<p>Wszystkie elementy metalowe wykonane s\u0105 z nieuczulaj\u0105cej stali szlachetnej w kolorze srebrnym i z\u0142otym.<\/p>\n","protected":false},"excerpt":{"rendered":"<p>\u015aredniej d\u0142ugo\u015bci naszyjnik z \u0142a\u0144cuchem w kolorze srebrnym, z zawieszk\u0105 &#8211; pod\u0142u\u017cnym, nieregularnym elementem, zwie\u0144czonym per\u0142\u0105 barokow\u0105.<\/p>\n","protected":false},"featured_media":8090,"comment_status":"open","ping_status":"closed","template":"","meta":{"advanced_seo_description":"","jetpack_seo_html_title":"","jetpack_seo_noindex":false},"product_brand":[],"product_cat":[229],"product_tag":[556,2937,2938,1424],"class_list":{"0":"post-8101","1":"product","2":"type-product","3":"status-publish","4":"has-post-thumbnail","6":"product_cat-sprzedane","7":"product_tag-perla-barokowa","8":"product_tag-regulowany-naszyjnik-z-perla-barokowa","9":"product_tag-regulowany-lancuszek-z-perla-barokowa","10":"product_tag-lancuszek-z-perla-barokowa","12":"first","13":"outofstock","14":"shipping-taxable","15":"purchasable","16":"product-type-simple"},"jetpack_sharing_enabled":true,"_links":{"self":[{"href":"https:\/\/koraledetale.pl\/index.php?rest_route=\/wp\/v2\/product\/8101","targetHints":{"allow":["GET"]}}],"collection":[{"href":"https:\/\/koraledetale.pl\/index.php?rest_route=\/wp\/v2\/product"}],"about":[{"href":"https:\/\/koraledetale.pl\/index.php?rest_route=\/wp\/v2\/types\/product"}],"replies":[{"embeddable":true,"href":"https:\/\/koraledetale.pl\/index.php?rest_route=%2Fwp%2Fv2%2Fcomments&post=8101"}],"wp:featuredmedia":[{"embeddable":true,"href":"https:\/\/koraledetale.pl\/index.php?rest_route=\/wp\/v2\/media\/8090"}],"wp:attachment":[{"href":"https:\/\/koraledetale.pl\/index.php?rest_route=%2Fwp%2Fv2%2Fmedia&parent=8101"}],"wp:term":[{"taxonomy":"product_brand","embeddable":true,"href":"https:\/\/koraledetale.pl\/index.php?rest_route=%2Fwp%2Fv2%2Fproduct_brand&post=8101"},{"taxonomy":"product_cat","embeddable":true,"href":"https:\/\/koraledetale.pl\/index.php?rest_route=%2Fwp%2Fv2%2Fproduct_cat&post=8101"},{"taxonomy":"product_tag","embeddable":true,"href":"https:\/\/koraledetale.pl\/index.php?rest_route=%2Fwp%2Fv2%2Fproduct_tag&post=8101"}],"curies":[{"name":"wp","href":"https:\/\/api.w.org\/{rel}","templated":true}]}}