{"id":8099,"date":"2025-11-11T08:38:40","date_gmt":"2025-11-11T08:38:40","guid":{"rendered":"https:\/\/koraledetale.pl\/?post_type=product&#038;p=8099"},"modified":"2025-12-20T11:07:40","modified_gmt":"2025-12-20T11:07:40","slug":"naszyjnik-ach-przeciwwaga-z-perlami-wersja-zlota","status":"publish","type":"product","link":"https:\/\/koraledetale.pl\/?product=naszyjnik-ach-przeciwwaga-z-perlami-wersja-zlota","title":{"rendered":"Naszyjnik ACH przeciwwaga z per\u0142ami \u2013 wersja z\u0142ota"},"content":{"rendered":"<p>Wielko\u015b\u0107 pere\u0142 \u2013 ok. 15\u00d715-17 mm.<\/p>\n<p>Maksymalna d\u0142ugo\u015b\u0107 naszyjnika \u2013 84 cm.<\/p>\n<p>Wszystkie elementy metalowe wykonane s\u0105 z nieuczulaj\u0105cej stali szlachetnej w kolorze z\u0142otym.<\/p>\n","protected":false},"excerpt":{"rendered":"<p>D\u0142ugi \u0142a\u0144cuszek \u2013 tzw. przeciwwaga, z pracuj\u0105cymi ko\u0144c\u00f3wkami zako\u0144czonymi per\u0142ami barokowymi. Naszyjnik mo\u017cna dowolnie regulowa\u0107, stwarzaj\u0105c mn\u00f3stwo wariant\u00f3w jego noszenia.<\/p>\n","protected":false},"featured_media":8074,"comment_status":"open","ping_status":"closed","template":"","meta":{"advanced_seo_description":"","jetpack_seo_html_title":"","jetpack_seo_noindex":false},"product_brand":[],"product_cat":[229],"product_tag":[556,2933,2934,2935],"class_list":{"0":"post-8099","1":"product","2":"type-product","3":"status-publish","4":"has-post-thumbnail","6":"product_cat-sprzedane","7":"product_tag-perla-barokowa","8":"product_tag-pracujacy-lancuszek-z-perlami-barokowymi","9":"product_tag-lancuszek-z-perlami-barokowymi","10":"product_tag-naszyjnik-przeciwwaga-z-perlami-barokowymi","12":"first","13":"outofstock","14":"shipping-taxable","15":"purchasable","16":"product-type-simple"},"jetpack_sharing_enabled":true,"_links":{"self":[{"href":"https:\/\/koraledetale.pl\/index.php?rest_route=\/wp\/v2\/product\/8099","targetHints":{"allow":["GET"]}}],"collection":[{"href":"https:\/\/koraledetale.pl\/index.php?rest_route=\/wp\/v2\/product"}],"about":[{"href":"https:\/\/koraledetale.pl\/index.php?rest_route=\/wp\/v2\/types\/product"}],"replies":[{"embeddable":true,"href":"https:\/\/koraledetale.pl\/index.php?rest_route=%2Fwp%2Fv2%2Fcomments&post=8099"}],"wp:featuredmedia":[{"embeddable":true,"href":"https:\/\/koraledetale.pl\/index.php?rest_route=\/wp\/v2\/media\/8074"}],"wp:attachment":[{"href":"https:\/\/koraledetale.pl\/index.php?rest_route=%2Fwp%2Fv2%2Fmedia&parent=8099"}],"wp:term":[{"taxonomy":"product_brand","embeddable":true,"href":"https:\/\/koraledetale.pl\/index.php?rest_route=%2Fwp%2Fv2%2Fproduct_brand&post=8099"},{"taxonomy":"product_cat","embeddable":true,"href":"https:\/\/koraledetale.pl\/index.php?rest_route=%2Fwp%2Fv2%2Fproduct_cat&post=8099"},{"taxonomy":"product_tag","embeddable":true,"href":"https:\/\/koraledetale.pl\/index.php?rest_route=%2Fwp%2Fv2%2Fproduct_tag&post=8099"}],"curies":[{"name":"wp","href":"https:\/\/api.w.org\/{rel}","templated":true}]}}