{"id":8037,"date":"2025-11-01T10:45:12","date_gmt":"2025-11-01T10:45:12","guid":{"rendered":"https:\/\/koraledetale.pl\/?post_type=product&#038;p=8037"},"modified":"2025-11-02T10:11:34","modified_gmt":"2025-11-02T10:11:34","slug":"naszyjnik-elf-z-czarnymi-turmalinami-granatami-i-krysztalem-gorskim","status":"publish","type":"product","link":"https:\/\/koraledetale.pl\/?product=naszyjnik-elf-z-czarnymi-turmalinami-granatami-i-krysztalem-gorskim","title":{"rendered":"Naszyjnik ELF z czarnymi turmalinami, granatami i kryszta\u0142em g\u00f3rskim"},"content":{"rendered":"<p>Wielko\u015b\u0107 kamieni (mierzona w najszerszych miejscach):<\/p>\n<ul>\n<li>czarny turmalin \u2013 3,5 mm,<\/li>\n<li>granat &#8211; 12,5&#215;12,5 mm i 6,5 mm,<\/li>\n<li>kryszta\u0142 g\u00f3rski &#8211; 21&#215;8 mm,<\/li>\n<li>hematyt \u2013 2 mm.<\/li>\n<\/ul>\n<p>D\u0142ugo\u015b\u0107 naszyjnika: 58 cm + zawieszka 7 cm (z k\u00f3\u0142kiem).<\/p>\n<p>Kamienie zasupe\u0142kowane s\u0105 na czarnej, mocnej nici jubilerskiej.<\/p>\n<p>Wszystkie elementy metalowe wykonane s\u0105 z nieuczulaj\u0105cej stali szlachetnej w kolorze z\u0142otym.<\/p>\n","protected":false},"excerpt":{"rendered":"<p>\u015aredniej d\u0142ugo\u015bci naszyjnik z czarnymi turmalinami, z wplecionymi ciemnymi granatami po bokach. Zwie\u0144czeniem naszyjnika jest du\u017ce, ozdobne zapi\u0119cie, od kt\u00f3rego odchodzi zawieszka z du\u017cym granatem oraz kryszta\u0142em g\u00f3rskim w okuciu.<\/p>\n","protected":false},"featured_media":8040,"comment_status":"open","ping_status":"closed","template":"","meta":{"advanced_seo_description":"","jetpack_seo_html_title":"","jetpack_seo_noindex":false},"product_brand":[],"product_cat":[229],"product_tag":[2931,288,71,702,2932,2930,31],"class_list":{"0":"post-8037","1":"product","2":"type-product","3":"status-publish","4":"has-post-thumbnail","6":"product_cat-sprzedane","7":"product_tag-amulet-na-szyje-z-czarnymi-turmalinami-i-krysztalem-gorskim","8":"product_tag-czarny-turmalin","9":"product_tag-granat","10":"product_tag-krysztal-gorski","11":"product_tag-naszyjnik-ochronny-z-czarnymi-turmalinami-i-krysztalem-gorskim","12":"product_tag-naszyjnik-z-czarnymi-turmalinami-granatami-i-krysztalem-gorskim","13":"product_tag-zloty-hematyt","15":"first","16":"outofstock","17":"shipping-taxable","18":"purchasable","19":"product-type-simple"},"jetpack_sharing_enabled":true,"_links":{"self":[{"href":"https:\/\/koraledetale.pl\/index.php?rest_route=\/wp\/v2\/product\/8037","targetHints":{"allow":["GET"]}}],"collection":[{"href":"https:\/\/koraledetale.pl\/index.php?rest_route=\/wp\/v2\/product"}],"about":[{"href":"https:\/\/koraledetale.pl\/index.php?rest_route=\/wp\/v2\/types\/product"}],"replies":[{"embeddable":true,"href":"https:\/\/koraledetale.pl\/index.php?rest_route=%2Fwp%2Fv2%2Fcomments&post=8037"}],"wp:featuredmedia":[{"embeddable":true,"href":"https:\/\/koraledetale.pl\/index.php?rest_route=\/wp\/v2\/media\/8040"}],"wp:attachment":[{"href":"https:\/\/koraledetale.pl\/index.php?rest_route=%2Fwp%2Fv2%2Fmedia&parent=8037"}],"wp:term":[{"taxonomy":"product_brand","embeddable":true,"href":"https:\/\/koraledetale.pl\/index.php?rest_route=%2Fwp%2Fv2%2Fproduct_brand&post=8037"},{"taxonomy":"product_cat","embeddable":true,"href":"https:\/\/koraledetale.pl\/index.php?rest_route=%2Fwp%2Fv2%2Fproduct_cat&post=8037"},{"taxonomy":"product_tag","embeddable":true,"href":"https:\/\/koraledetale.pl\/index.php?rest_route=%2Fwp%2Fv2%2Fproduct_tag&post=8037"}],"curies":[{"name":"wp","href":"https:\/\/api.w.org\/{rel}","templated":true}]}}