{"id":8032,"date":"2025-10-30T15:35:35","date_gmt":"2025-10-30T15:35:35","guid":{"rendered":"https:\/\/koraledetale.pl\/?post_type=product&#038;p=8032"},"modified":"2025-11-03T08:18:31","modified_gmt":"2025-11-03T08:18:31","slug":"naszyjnik-mapa-serca-z-chryzoprazami","status":"publish","type":"product","link":"https:\/\/koraledetale.pl\/?product=naszyjnik-mapa-serca-z-chryzoprazami","title":{"rendered":"Naszyjnik MAPA SERCA z chryzoprazami"},"content":{"rendered":"<p>Wielko\u015b\u0107 kamieni:<\/p>\n<ul>\n<li>chryzopraz \u2013 3 mm, 15x8x6 mm (przy zawieszce &#8211; mierzony w najszerszych miejscach),<\/li>\n<li>hematyt \u2013 2 mm.<\/li>\n<\/ul>\n<p>D\u0142ugo\u015b\u0107 naszyjnika: 97 cm + zawieszka \u2013 3 cm.<\/p>\n<p>Kamienie zasupe\u0142kowane s\u0105 na zielonej, mocnej nici jubilerskiej.<\/p>\n<p>Wszystkie elementy metalowe wykonane s\u0105 z nieuczulaj\u0105cej stali szlachetnej w kolorze srebrnym.<\/p>\n","protected":false},"excerpt":{"rendered":"<p>D\u0142ugi, delikatny naszyjnik z drobnymi chryzoprazami i z\u0142otymi hematytami, zwie\u0144czony zawieszk\u0105 z du\u017cym, p\u0142askim chryzoprazem. Baz\u0105 naszyjnika jest jasnobr\u0105zowa, mocna ni\u0107 jubilerska.<\/p>\n","protected":false},"featured_media":8034,"comment_status":"open","ping_status":"closed","template":"","meta":{"advanced_seo_description":"","jetpack_seo_html_title":"","jetpack_seo_noindex":false},"product_brand":[],"product_cat":[229],"product_tag":[119,2929,2928,2405,26],"class_list":{"0":"post-8032","1":"product","2":"type-product","3":"status-publish","4":"has-post-thumbnail","6":"product_cat-sprzedane","7":"product_tag-chryzopraz","8":"product_tag-delikatny-naszyjnik-z-chryzoprazami","9":"product_tag-dlugi-naszyjnik-z-chryzoprazami","10":"product_tag-dlugi-naszyjnik-z-zielonymi-kamieniami-naturalnymi","11":"product_tag-srebrny-hematyt","13":"first","14":"outofstock","15":"shipping-taxable","16":"purchasable","17":"product-type-simple"},"jetpack_sharing_enabled":true,"_links":{"self":[{"href":"https:\/\/koraledetale.pl\/index.php?rest_route=\/wp\/v2\/product\/8032","targetHints":{"allow":["GET"]}}],"collection":[{"href":"https:\/\/koraledetale.pl\/index.php?rest_route=\/wp\/v2\/product"}],"about":[{"href":"https:\/\/koraledetale.pl\/index.php?rest_route=\/wp\/v2\/types\/product"}],"replies":[{"embeddable":true,"href":"https:\/\/koraledetale.pl\/index.php?rest_route=%2Fwp%2Fv2%2Fcomments&post=8032"}],"wp:featuredmedia":[{"embeddable":true,"href":"https:\/\/koraledetale.pl\/index.php?rest_route=\/wp\/v2\/media\/8034"}],"wp:attachment":[{"href":"https:\/\/koraledetale.pl\/index.php?rest_route=%2Fwp%2Fv2%2Fmedia&parent=8032"}],"wp:term":[{"taxonomy":"product_brand","embeddable":true,"href":"https:\/\/koraledetale.pl\/index.php?rest_route=%2Fwp%2Fv2%2Fproduct_brand&post=8032"},{"taxonomy":"product_cat","embeddable":true,"href":"https:\/\/koraledetale.pl\/index.php?rest_route=%2Fwp%2Fv2%2Fproduct_cat&post=8032"},{"taxonomy":"product_tag","embeddable":true,"href":"https:\/\/koraledetale.pl\/index.php?rest_route=%2Fwp%2Fv2%2Fproduct_tag&post=8032"}],"curies":[{"name":"wp","href":"https:\/\/api.w.org\/{rel}","templated":true}]}}