{"id":8027,"date":"2025-10-28T18:24:51","date_gmt":"2025-10-28T18:24:51","guid":{"rendered":"https:\/\/koraledetale.pl\/?post_type=product&#038;p=8027"},"modified":"2026-04-02T11:14:54","modified_gmt":"2026-04-02T11:14:54","slug":"kolczyki-nomad-z-larimarami","status":"publish","type":"product","link":"https:\/\/koraledetale.pl\/?product=kolczyki-nomad-z-larimarami","title":{"rendered":"Kolczyki NOMAD z larimarami"},"content":{"rendered":"<p>Wielko\u015b\u0107 kamieni:<\/p>\n<ul>\n<li>larimar \u2013 4,5\u00d73 mm,<\/li>\n<li>hematyt \u2013 2 mm.<\/li>\n<\/ul>\n<p>D\u0142ugo\u015b\u0107 kolczyk\u00f3w \u2013 6,7 cm.<\/p>\n<p>\u015arodkowy element wykonany jest z drapanego mosi\u0105dzu (nie zawiera niklu, wi\u0119c nie wywo\u0142uje reakcji alergicznych, nie zmienia te\u017c koloru), pozosta\u0142e elementy metalowe wykonane s\u0105 z nieuczulaj\u0105cej stali szlachetnej w kolorze z\u0142otym.<\/p>\n","protected":false},"excerpt":{"rendered":"<p>D\u0142ugie kolczyki z du\u017cym, nieregularnym elementem z \u201cdrapan\u0105\u201d faktur\u0105, na kt\u00f3rym zawieszone s\u0105 oponki larimaru.<\/p>\n","protected":false},"featured_media":8029,"comment_status":"open","ping_status":"closed","template":"","meta":{"advanced_seo_description":"","jetpack_seo_html_title":"","jetpack_seo_noindex":false},"product_brand":[],"product_cat":[229],"product_tag":[193,2926,488,2023,2927],"class_list":{"0":"post-8027","1":"product","2":"type-product","3":"status-publish","4":"has-post-thumbnail","6":"product_cat-sprzedane","7":"product_tag-cytryn","8":"product_tag-dlugie-kolczyki-z-larimarami","9":"product_tag-larimar","10":"product_tag-nomad","11":"product_tag-oryginalne-kolczyki-z-larimarami","13":"first","14":"outofstock","15":"shipping-taxable","16":"purchasable","17":"product-type-simple"},"jetpack_sharing_enabled":true,"_links":{"self":[{"href":"https:\/\/koraledetale.pl\/index.php?rest_route=\/wp\/v2\/product\/8027","targetHints":{"allow":["GET"]}}],"collection":[{"href":"https:\/\/koraledetale.pl\/index.php?rest_route=\/wp\/v2\/product"}],"about":[{"href":"https:\/\/koraledetale.pl\/index.php?rest_route=\/wp\/v2\/types\/product"}],"replies":[{"embeddable":true,"href":"https:\/\/koraledetale.pl\/index.php?rest_route=%2Fwp%2Fv2%2Fcomments&post=8027"}],"wp:featuredmedia":[{"embeddable":true,"href":"https:\/\/koraledetale.pl\/index.php?rest_route=\/wp\/v2\/media\/8029"}],"wp:attachment":[{"href":"https:\/\/koraledetale.pl\/index.php?rest_route=%2Fwp%2Fv2%2Fmedia&parent=8027"}],"wp:term":[{"taxonomy":"product_brand","embeddable":true,"href":"https:\/\/koraledetale.pl\/index.php?rest_route=%2Fwp%2Fv2%2Fproduct_brand&post=8027"},{"taxonomy":"product_cat","embeddable":true,"href":"https:\/\/koraledetale.pl\/index.php?rest_route=%2Fwp%2Fv2%2Fproduct_cat&post=8027"},{"taxonomy":"product_tag","embeddable":true,"href":"https:\/\/koraledetale.pl\/index.php?rest_route=%2Fwp%2Fv2%2Fproduct_tag&post=8027"}],"curies":[{"name":"wp","href":"https:\/\/api.w.org\/{rel}","templated":true}]}}