{"id":7998,"date":"2025-10-23T11:43:40","date_gmt":"2025-10-23T11:43:40","guid":{"rendered":"https:\/\/koraledetale.pl\/?post_type=product&#038;p=7998"},"modified":"2026-01-28T13:52:22","modified_gmt":"2026-01-28T13:52:22","slug":"kolczyki-moce-z-fluorytami","status":"publish","type":"product","link":"https:\/\/koraledetale.pl\/?product=kolczyki-moce-z-fluorytami","title":{"rendered":"Kolczyki MOCE z fluorytami"},"content":{"rendered":"<p>Wielko\u015b\u0107 kamieni:<\/p>\n<ul>\n<li>fluoryt \u2013 12&#215;10,5&#215;5,5 mm i 4,5&#215;4,5 mm,<\/li>\n<li>hematyt \u2013 2\u00d71 i 2 mm.<\/li>\n<\/ul>\n<p>\u015arednica monety \u2013 1,2 cm<\/p>\n<p>D\u0142ugo\u015b\u0107 kolczyk\u00f3w &#8211; 2,9 i 3 cm.<\/p>\n<p>Wszystkie elementy metalowe wykonane s\u0105 z nieuczulaj\u0105cej stali chirurgicznej szlachetnej w kolorze z\u0142otym.<\/p>\n","protected":false},"excerpt":{"rendered":"<p>Asymetryczne kolczyki z kolorowymi fluorytami (kosteczkami i \u0142ezk\u0105) oraz monet\u0105, zawieszonymi na k\u00f3\u0142kach ze sztyftami.<\/p>\n","protected":false},"featured_media":7997,"comment_status":"open","ping_status":"closed","template":"","meta":{"advanced_seo_description":"","jetpack_seo_html_title":"","jetpack_seo_noindex":false},"product_brand":[],"product_cat":[229],"product_tag":[2918,2917,24,31],"class_list":{"0":"post-7998","1":"product","2":"type-product","3":"status-publish","4":"has-post-thumbnail","6":"product_cat-sprzedane","7":"product_tag-asumetryczne-kolczyki-na-sztyftach","8":"product_tag-asymetryczne-kolczyki-z-fluorytami-i-moneta","9":"product_tag-fluoryt","10":"product_tag-zloty-hematyt","12":"first","13":"outofstock","14":"shipping-taxable","15":"purchasable","16":"product-type-simple"},"jetpack_sharing_enabled":true,"_links":{"self":[{"href":"https:\/\/koraledetale.pl\/index.php?rest_route=\/wp\/v2\/product\/7998","targetHints":{"allow":["GET"]}}],"collection":[{"href":"https:\/\/koraledetale.pl\/index.php?rest_route=\/wp\/v2\/product"}],"about":[{"href":"https:\/\/koraledetale.pl\/index.php?rest_route=\/wp\/v2\/types\/product"}],"replies":[{"embeddable":true,"href":"https:\/\/koraledetale.pl\/index.php?rest_route=%2Fwp%2Fv2%2Fcomments&post=7998"}],"wp:featuredmedia":[{"embeddable":true,"href":"https:\/\/koraledetale.pl\/index.php?rest_route=\/wp\/v2\/media\/7997"}],"wp:attachment":[{"href":"https:\/\/koraledetale.pl\/index.php?rest_route=%2Fwp%2Fv2%2Fmedia&parent=7998"}],"wp:term":[{"taxonomy":"product_brand","embeddable":true,"href":"https:\/\/koraledetale.pl\/index.php?rest_route=%2Fwp%2Fv2%2Fproduct_brand&post=7998"},{"taxonomy":"product_cat","embeddable":true,"href":"https:\/\/koraledetale.pl\/index.php?rest_route=%2Fwp%2Fv2%2Fproduct_cat&post=7998"},{"taxonomy":"product_tag","embeddable":true,"href":"https:\/\/koraledetale.pl\/index.php?rest_route=%2Fwp%2Fv2%2Fproduct_tag&post=7998"}],"curies":[{"name":"wp","href":"https:\/\/api.w.org\/{rel}","templated":true}]}}