{"id":7990,"date":"2025-10-23T10:25:52","date_gmt":"2025-10-23T10:25:52","guid":{"rendered":"https:\/\/koraledetale.pl\/?post_type=product&#038;p=7990"},"modified":"2025-12-13T11:59:40","modified_gmt":"2025-12-13T11:59:40","slug":"bransoletka-moce-z-fluorytami","status":"publish","type":"product","link":"https:\/\/koraledetale.pl\/?product=bransoletka-moce-z-fluorytami","title":{"rendered":"Bransoletka MOCE z fluorytami"},"content":{"rendered":"<p>Wielko\u015b\u0107 kamieni:<\/p>\n<ul>\n<li>fluoryt \u2013 4,5X4,5 mm,<\/li>\n<li>hematyt \u2013 2\u00d71 i 2 mm.<\/li>\n<\/ul>\n<p>\u015arednica monety &#8211; 1,2 cm<\/p>\n<p>Mo\u017cesz wybra\u0107 d\u0142ugo\u015b\u0107 bransoletki (wpisz w polu z uwagami do zam\u00f3wienia, kt\u00f3r\u0105 wybierasz):<\/p>\n<ul>\n<li>wariant I: 16,7 \u2013 19,7 cm,<\/li>\n<li>wariant II: 17,7 &#8211; 20,7 cm.<\/li>\n<\/ul>\n<p>Wszystkie elementy metalowe wykonane s\u0105 z nieuczulaj\u0105cej stali chirurgicznej szlachetnej w kolorze z\u0142otym.<\/p>\n","protected":false},"excerpt":{"rendered":"<p>Bransoletka z kosteczkami fluorytu, przeplatanymi z\u0142otymi hematytami, z plecionym k\u00f3\u0142kiem z zawieszkami: monet\u0105 i fluorytem zwie\u0144czaj\u0105cym przed\u0142u\u017ck\u0119.<\/p>\n","protected":false},"featured_media":7993,"comment_status":"open","ping_status":"closed","template":"","meta":{"advanced_seo_description":"","jetpack_seo_html_title":"","jetpack_seo_noindex":false},"product_brand":[],"product_cat":[229],"product_tag":[2913,2915,2914,2916,31],"class_list":{"0":"post-7990","1":"product","2":"type-product","3":"status-publish","4":"has-post-thumbnail","6":"product_cat-sprzedane","7":"product_tag-bransoletka-z-kolorowymi-fluorytami","8":"product_tag-bransoletka-z-kolorowymi-kamieniami-naturalnymi-i-moneta","9":"product_tag-bransoletka-z-kolorowymi-krysztalami-i-zawieszkami","10":"product_tag-kolorowe-fluoryty","11":"product_tag-zloty-hematyt","13":"first","14":"outofstock","15":"shipping-taxable","16":"purchasable","17":"product-type-simple"},"jetpack_sharing_enabled":true,"_links":{"self":[{"href":"https:\/\/koraledetale.pl\/index.php?rest_route=\/wp\/v2\/product\/7990","targetHints":{"allow":["GET"]}}],"collection":[{"href":"https:\/\/koraledetale.pl\/index.php?rest_route=\/wp\/v2\/product"}],"about":[{"href":"https:\/\/koraledetale.pl\/index.php?rest_route=\/wp\/v2\/types\/product"}],"replies":[{"embeddable":true,"href":"https:\/\/koraledetale.pl\/index.php?rest_route=%2Fwp%2Fv2%2Fcomments&post=7990"}],"wp:featuredmedia":[{"embeddable":true,"href":"https:\/\/koraledetale.pl\/index.php?rest_route=\/wp\/v2\/media\/7993"}],"wp:attachment":[{"href":"https:\/\/koraledetale.pl\/index.php?rest_route=%2Fwp%2Fv2%2Fmedia&parent=7990"}],"wp:term":[{"taxonomy":"product_brand","embeddable":true,"href":"https:\/\/koraledetale.pl\/index.php?rest_route=%2Fwp%2Fv2%2Fproduct_brand&post=7990"},{"taxonomy":"product_cat","embeddable":true,"href":"https:\/\/koraledetale.pl\/index.php?rest_route=%2Fwp%2Fv2%2Fproduct_cat&post=7990"},{"taxonomy":"product_tag","embeddable":true,"href":"https:\/\/koraledetale.pl\/index.php?rest_route=%2Fwp%2Fv2%2Fproduct_tag&post=7990"}],"curies":[{"name":"wp","href":"https:\/\/api.w.org\/{rel}","templated":true}]}}