{"id":7983,"date":"2025-10-21T12:02:49","date_gmt":"2025-10-21T12:02:49","guid":{"rendered":"https:\/\/koraledetale.pl\/?post_type=product&#038;p=7983"},"modified":"2026-03-07T18:27:57","modified_gmt":"2026-03-07T18:27:57","slug":"bransoletka-jesienna-z-chryzoprazami","status":"publish","type":"product","link":"https:\/\/koraledetale.pl\/?product=bransoletka-jesienna-z-chryzoprazami","title":{"rendered":"Bransoletka JESIENNA z chryzoprazami"},"content":{"rendered":"<p>Wielko\u015b\u0107 kamieni:<\/p>\n<ul>\n<li>chryzopraz \u2013 3,5 mm i 7,5&#215;7,5&#215;5 mm,<\/li>\n<li>hematyt \u2013 2\u00d71 mm i 2 mm.<\/li>\n<\/ul>\n<p>D\u0142ugo\u015b\u0107 bransoletki: 16,8 &#8211; 20,8 cm.<\/p>\n<p>Kamienie zasupe\u0142kowane s\u0105 na zielonej, wytrzyma\u0142ej nici jubilerskiej.<\/p>\n<p>Wszystkie elementy metalowe wykonane s\u0105 z nieuczulaj\u0105cej stali szlachetnej w kolorze z\u0142otym.<\/p>\n","protected":false},"excerpt":{"rendered":"<p>Bransoletka z chryzoprazami w kolorach jesieni, z wplecionymi z\u0142otymi hematytami oraz wi\u0119kszym chryzoprazem w kszta\u0142cie kwadratu.<\/p>\n","protected":false},"featured_media":7982,"comment_status":"open","ping_status":"closed","template":"","meta":{"advanced_seo_description":"","jetpack_seo_html_title":"","jetpack_seo_noindex":false},"product_brand":[],"product_cat":[229],"product_tag":[2414,2906,119,31],"class_list":{"0":"post-7983","1":"product","2":"type-product","3":"status-publish","4":"has-post-thumbnail","6":"product_cat-sprzedane","7":"product_tag-bransoletka-z-brazowymi-kamieniami-naturalnymi","8":"product_tag-bransoletka-z-chryzoprazami","9":"product_tag-chryzopraz","10":"product_tag-zloty-hematyt","12":"first","13":"outofstock","14":"shipping-taxable","15":"purchasable","16":"product-type-simple"},"jetpack_sharing_enabled":true,"_links":{"self":[{"href":"https:\/\/koraledetale.pl\/index.php?rest_route=\/wp\/v2\/product\/7983","targetHints":{"allow":["GET"]}}],"collection":[{"href":"https:\/\/koraledetale.pl\/index.php?rest_route=\/wp\/v2\/product"}],"about":[{"href":"https:\/\/koraledetale.pl\/index.php?rest_route=\/wp\/v2\/types\/product"}],"replies":[{"embeddable":true,"href":"https:\/\/koraledetale.pl\/index.php?rest_route=%2Fwp%2Fv2%2Fcomments&post=7983"}],"wp:featuredmedia":[{"embeddable":true,"href":"https:\/\/koraledetale.pl\/index.php?rest_route=\/wp\/v2\/media\/7982"}],"wp:attachment":[{"href":"https:\/\/koraledetale.pl\/index.php?rest_route=%2Fwp%2Fv2%2Fmedia&parent=7983"}],"wp:term":[{"taxonomy":"product_brand","embeddable":true,"href":"https:\/\/koraledetale.pl\/index.php?rest_route=%2Fwp%2Fv2%2Fproduct_brand&post=7983"},{"taxonomy":"product_cat","embeddable":true,"href":"https:\/\/koraledetale.pl\/index.php?rest_route=%2Fwp%2Fv2%2Fproduct_cat&post=7983"},{"taxonomy":"product_tag","embeddable":true,"href":"https:\/\/koraledetale.pl\/index.php?rest_route=%2Fwp%2Fv2%2Fproduct_tag&post=7983"}],"curies":[{"name":"wp","href":"https:\/\/api.w.org\/{rel}","templated":true}]}}