{"id":798,"date":"2021-06-27T16:39:37","date_gmt":"2021-06-27T16:39:37","guid":{"rendered":"https:\/\/koraledetale.pl\/?post_type=product&#038;p=798"},"modified":"2024-11-11T11:13:55","modified_gmt":"2024-11-11T11:13:55","slug":"regulowany-naszyjnik-z-apatytem","status":"publish","type":"product","link":"https:\/\/koraledetale.pl\/?product=regulowany-naszyjnik-z-apatytem","title":{"rendered":"Regulowany naszyjnik z apatytem"},"content":{"rendered":"<p>Wielko\u015b\u0107 kamieni:<\/p>\n<ul>\n<li>larimar \u2013 3 mm,<\/li>\n<li>apatyt \u2013 14\u00d710 mm,<\/li>\n<li>chryzokola &#8211; 3,5 mm,<\/li>\n<li>hematyt \u2013 2 mm, 4\u00d71 mm.<\/li>\n<\/ul>\n<p>D\u0142ugo\u015b\u0107 naszyjnika regulowana do 80 cm zawieszka 2,2 cm.<\/p>\n","protected":false},"excerpt":{"rendered":"<p>Delikatny naszyjnik o regulowanej d\u0142ugo\u015bci z larimarem z dodatkiem chryzokoli i z\u0142otych hematyt\u00f3w. Zwie\u0144czeniem naszyjnika jest zawieszka ze szlifowanego apatytu i larimaru. Naszyjnik mo\u017ce by\u0107 noszony jako kr\u00f3tki, \u015bredniej d\u0142ugo\u015bci lub d\u0142ugi, dzi\u0119ki \u0142atwej regulacji (przez przesuni\u0119cie hematyt\u00f3w na sznureczku).<\/p>\n","protected":false},"featured_media":802,"comment_status":"open","ping_status":"closed","template":"","meta":{"advanced_seo_description":"","jetpack_seo_html_title":"","jetpack_seo_noindex":false},"product_brand":[],"product_cat":[229],"product_tag":[336,335,286],"class_list":{"0":"post-798","1":"product","2":"type-product","3":"status-publish","4":"has-post-thumbnail","6":"product_cat-sprzedane","7":"product_tag-naszyjnik-z-chryokola","8":"product_tag-regulowany-naszyjnik-z-apatytem-i-larimarami","9":"product_tag-regulowany-naszyjnik-z-kamieni-naturalnych","11":"first","12":"outofstock","13":"shipping-taxable","14":"product-type-simple"},"jetpack_sharing_enabled":true,"_links":{"self":[{"href":"https:\/\/koraledetale.pl\/index.php?rest_route=\/wp\/v2\/product\/798","targetHints":{"allow":["GET"]}}],"collection":[{"href":"https:\/\/koraledetale.pl\/index.php?rest_route=\/wp\/v2\/product"}],"about":[{"href":"https:\/\/koraledetale.pl\/index.php?rest_route=\/wp\/v2\/types\/product"}],"replies":[{"embeddable":true,"href":"https:\/\/koraledetale.pl\/index.php?rest_route=%2Fwp%2Fv2%2Fcomments&post=798"}],"wp:featuredmedia":[{"embeddable":true,"href":"https:\/\/koraledetale.pl\/index.php?rest_route=\/wp\/v2\/media\/802"}],"wp:attachment":[{"href":"https:\/\/koraledetale.pl\/index.php?rest_route=%2Fwp%2Fv2%2Fmedia&parent=798"}],"wp:term":[{"taxonomy":"product_brand","embeddable":true,"href":"https:\/\/koraledetale.pl\/index.php?rest_route=%2Fwp%2Fv2%2Fproduct_brand&post=798"},{"taxonomy":"product_cat","embeddable":true,"href":"https:\/\/koraledetale.pl\/index.php?rest_route=%2Fwp%2Fv2%2Fproduct_cat&post=798"},{"taxonomy":"product_tag","embeddable":true,"href":"https:\/\/koraledetale.pl\/index.php?rest_route=%2Fwp%2Fv2%2Fproduct_tag&post=798"}],"curies":[{"name":"wp","href":"https:\/\/api.w.org\/{rel}","templated":true}]}}