{"id":7966,"date":"2025-10-20T16:31:04","date_gmt":"2025-10-20T16:31:04","guid":{"rendered":"https:\/\/koraledetale.pl\/?post_type=product&#038;p=7966"},"modified":"2026-01-16T12:53:08","modified_gmt":"2026-01-16T12:53:08","slug":"choker-wspierajacy-z-czarnymi-turmalinami","status":"publish","type":"product","link":"https:\/\/koraledetale.pl\/?product=choker-wspierajacy-z-czarnymi-turmalinami","title":{"rendered":"Choker WSPIERAJ\u0104CY z czarnymi turmalinami"},"content":{"rendered":"<p>Wielko\u015b\u0107 kamieni:<\/p>\n<ul>\n<li>czarny turmalin \u2013 3\u00d72,5 mm,<\/li>\n<li>hematyt \u2013 2\u00d71 i 2 mm.<\/li>\n<\/ul>\n<p>D\u0142ugo\u015b\u0107 naszyjnika: 39,5 \u2013 44,5 cm + zawieszka 1,9 cm.<\/p>\n<p>Wszystkie elementy metalowe wykonane s\u0105 z nieuczulaj\u0105cej stali szlachetnej w kolorze z\u0142otym.<\/p>\n","protected":false},"excerpt":{"rendered":"<p>Naszyjnik z oponkami czarnego turmalinu, przeplatanymi z\u0142otymi hematytami, z zawieszk\u0105 &#8211; a\u017curow\u0105 hams\u0105.<\/p>\n","protected":false},"featured_media":7957,"comment_status":"open","ping_status":"closed","template":"","meta":{"advanced_seo_description":"","jetpack_seo_html_title":"","jetpack_seo_noindex":false},"product_brand":[],"product_cat":[229],"product_tag":[2905,288,33,2841,31],"class_list":{"0":"post-7966","1":"product","2":"type-product","3":"status-publish","4":"has-post-thumbnail","6":"product_cat-sprzedane","7":"product_tag-choker-z-czarnymi-turmalinami-i-hamsa","8":"product_tag-czarny-turmalin","9":"product_tag-hamsa","10":"product_tag-ochronny-naszyjnik-z-czarnymi-kamieniami-naturalnymi","11":"product_tag-zloty-hematyt","13":"first","14":"outofstock","15":"shipping-taxable","16":"purchasable","17":"product-type-simple"},"jetpack_sharing_enabled":true,"_links":{"self":[{"href":"https:\/\/koraledetale.pl\/index.php?rest_route=\/wp\/v2\/product\/7966","targetHints":{"allow":["GET"]}}],"collection":[{"href":"https:\/\/koraledetale.pl\/index.php?rest_route=\/wp\/v2\/product"}],"about":[{"href":"https:\/\/koraledetale.pl\/index.php?rest_route=\/wp\/v2\/types\/product"}],"replies":[{"embeddable":true,"href":"https:\/\/koraledetale.pl\/index.php?rest_route=%2Fwp%2Fv2%2Fcomments&post=7966"}],"wp:featuredmedia":[{"embeddable":true,"href":"https:\/\/koraledetale.pl\/index.php?rest_route=\/wp\/v2\/media\/7957"}],"wp:attachment":[{"href":"https:\/\/koraledetale.pl\/index.php?rest_route=%2Fwp%2Fv2%2Fmedia&parent=7966"}],"wp:term":[{"taxonomy":"product_brand","embeddable":true,"href":"https:\/\/koraledetale.pl\/index.php?rest_route=%2Fwp%2Fv2%2Fproduct_brand&post=7966"},{"taxonomy":"product_cat","embeddable":true,"href":"https:\/\/koraledetale.pl\/index.php?rest_route=%2Fwp%2Fv2%2Fproduct_cat&post=7966"},{"taxonomy":"product_tag","embeddable":true,"href":"https:\/\/koraledetale.pl\/index.php?rest_route=%2Fwp%2Fv2%2Fproduct_tag&post=7966"}],"curies":[{"name":"wp","href":"https:\/\/api.w.org\/{rel}","templated":true}]}}