{"id":7939,"date":"2025-10-15T09:58:59","date_gmt":"2025-10-15T09:58:59","guid":{"rendered":"https:\/\/koraledetale.pl\/?post_type=product&#038;p=7939"},"modified":"2025-12-04T15:25:38","modified_gmt":"2025-12-04T15:25:38","slug":"bransoletka-anielska-z-hematytami","status":"publish","type":"product","link":"https:\/\/koraledetale.pl\/?product=bransoletka-anielska-z-hematytami","title":{"rendered":"Bransoletka ANIELSKA z hematytami"},"content":{"rendered":"<p>Wielko\u015b\u0107 hematyt\u00f3w \u2013 3,5 mm i 2 mm.<\/p>\n<p>D\u0142ugo\u015b\u0107 bransoletki: 17,5-19,5 cm.<\/p>\n<p>Wszystkie elementy metalowe wykonane s\u0105 z nieuczulaj\u0105cej stali szlachetnej w kolorze z\u0142otym.<\/p>\n","protected":false},"excerpt":{"rendered":"<p>Bransoletka z szarymi i z\u0142otymi hematytami, z dwiema zawieszkami &#8211; anielskimi skrzyd\u0142ami.<\/p>\n","protected":false},"featured_media":7943,"comment_status":"open","ping_status":"closed","template":"","meta":{"advanced_seo_description":"","jetpack_seo_html_title":"","jetpack_seo_noindex":false},"product_brand":[],"product_cat":[229],"product_tag":[2897,1769,503,67,2898],"class_list":{"0":"post-7939","1":"product","2":"type-product","3":"status-publish","4":"has-post-thumbnail","6":"product_cat-sprzedane","7":"product_tag-bransoletka-z-hematytami-i-skrzydlami-aniola","8":"product_tag-bransoletka-z-szarymi-kamieniami-naturalnymi","9":"product_tag-bransoletka-z-zawieszkami","10":"product_tag-hematyt","11":"product_tag-skrzydla-aniola","13":"first","14":"outofstock","15":"shipping-taxable","16":"purchasable","17":"product-type-simple"},"jetpack_sharing_enabled":true,"_links":{"self":[{"href":"https:\/\/koraledetale.pl\/index.php?rest_route=\/wp\/v2\/product\/7939","targetHints":{"allow":["GET"]}}],"collection":[{"href":"https:\/\/koraledetale.pl\/index.php?rest_route=\/wp\/v2\/product"}],"about":[{"href":"https:\/\/koraledetale.pl\/index.php?rest_route=\/wp\/v2\/types\/product"}],"replies":[{"embeddable":true,"href":"https:\/\/koraledetale.pl\/index.php?rest_route=%2Fwp%2Fv2%2Fcomments&post=7939"}],"wp:featuredmedia":[{"embeddable":true,"href":"https:\/\/koraledetale.pl\/index.php?rest_route=\/wp\/v2\/media\/7943"}],"wp:attachment":[{"href":"https:\/\/koraledetale.pl\/index.php?rest_route=%2Fwp%2Fv2%2Fmedia&parent=7939"}],"wp:term":[{"taxonomy":"product_brand","embeddable":true,"href":"https:\/\/koraledetale.pl\/index.php?rest_route=%2Fwp%2Fv2%2Fproduct_brand&post=7939"},{"taxonomy":"product_cat","embeddable":true,"href":"https:\/\/koraledetale.pl\/index.php?rest_route=%2Fwp%2Fv2%2Fproduct_cat&post=7939"},{"taxonomy":"product_tag","embeddable":true,"href":"https:\/\/koraledetale.pl\/index.php?rest_route=%2Fwp%2Fv2%2Fproduct_tag&post=7939"}],"curies":[{"name":"wp","href":"https:\/\/api.w.org\/{rel}","templated":true}]}}