{"id":7938,"date":"2025-10-14T14:14:29","date_gmt":"2025-10-14T14:14:29","guid":{"rendered":"https:\/\/koraledetale.pl\/?post_type=product&#038;p=7938"},"modified":"2025-12-08T09:59:18","modified_gmt":"2025-12-08T09:59:18","slug":"bransoletka-trio-iii-z-bursztynami","status":"publish","type":"product","link":"https:\/\/koraledetale.pl\/?product=bransoletka-trio-iii-z-bursztynami","title":{"rendered":"Bransoletka TRIO III z bursztynami"},"content":{"rendered":"<p>Wielko\u015b\u0107 kamieni:<\/p>\n<ul>\n<li>bursztyn \u2013 5,5&#215;2 mm i 5 mm,<\/li>\n<li>hematyt \u2013 3\u00d71 mm i 2 mm.<\/li>\n<\/ul>\n<p>Kamienie zasupe\u0142kowane s\u0105 na jasnobr\u0105zowej, wytrzyma\u0142ej nici jubilerskiej.<\/p>\n<p>\u015arednica k\u00f3\u0142ka \u2013 1,4 cm, \u015brednica monety &#8211; 1,2 mm.<\/p>\n<p>D\u0142ugo\u015b\u0107 bransoletki: 18,5 &#8211; 23 cm.<\/p>\n<p>Wszystkie elementy metalowe wykonane s\u0105 z nieuczulaj\u0105cej stali szlachetnej w kolorze z\u0142otym.<\/p>\n","protected":false},"excerpt":{"rendered":"<p>Bransoletka z miodowych bursztyn\u00f3w &#8211; dysk\u00f3w i kulek, przeplatanych z\u0142otymi hematytami, z plecionym k\u00f3\u0142kiem, monet\u0105 oraz przed\u0142u\u017ck\u0105, zako\u0144czon\u0105 zawieszk\u0105 z bursztynu.<\/p>\n<p>Mo\u017cesz j\u0105 po\u0142\u0105czy\u0107 z bransoletk\u0105 TRIO I, tworz\u0105c kr\u00f3tki naszyjnik, a je\u015bli dodasz do nich TRIO II \u2013 powstanie ciekawy naszyjnik \u015bredniej d\u0142ugo\u015bci.<\/p>\n","protected":false},"featured_media":7928,"comment_status":"open","ping_status":"closed","template":"","meta":{"advanced_seo_description":"","jetpack_seo_html_title":"","jetpack_seo_noindex":false},"product_brand":[],"product_cat":[229],"product_tag":[2894,2896,2895,31],"class_list":{"0":"post-7938","1":"product","2":"type-product","3":"status-publish","4":"has-post-thumbnail","6":"product_cat-sprzedane","7":"product_tag-bransoletka-z-miodowymi-bursztynami-z-zawieszkami","8":"product_tag-krotki-naszyjnik-z-bursztynami-z-moneta","9":"product_tag-miodowy-bursztyn","10":"product_tag-zloty-hematyt","12":"first","13":"outofstock","14":"shipping-taxable","15":"purchasable","16":"product-type-simple"},"jetpack_sharing_enabled":true,"_links":{"self":[{"href":"https:\/\/koraledetale.pl\/index.php?rest_route=\/wp\/v2\/product\/7938","targetHints":{"allow":["GET"]}}],"collection":[{"href":"https:\/\/koraledetale.pl\/index.php?rest_route=\/wp\/v2\/product"}],"about":[{"href":"https:\/\/koraledetale.pl\/index.php?rest_route=\/wp\/v2\/types\/product"}],"replies":[{"embeddable":true,"href":"https:\/\/koraledetale.pl\/index.php?rest_route=%2Fwp%2Fv2%2Fcomments&post=7938"}],"wp:featuredmedia":[{"embeddable":true,"href":"https:\/\/koraledetale.pl\/index.php?rest_route=\/wp\/v2\/media\/7928"}],"wp:attachment":[{"href":"https:\/\/koraledetale.pl\/index.php?rest_route=%2Fwp%2Fv2%2Fmedia&parent=7938"}],"wp:term":[{"taxonomy":"product_brand","embeddable":true,"href":"https:\/\/koraledetale.pl\/index.php?rest_route=%2Fwp%2Fv2%2Fproduct_brand&post=7938"},{"taxonomy":"product_cat","embeddable":true,"href":"https:\/\/koraledetale.pl\/index.php?rest_route=%2Fwp%2Fv2%2Fproduct_cat&post=7938"},{"taxonomy":"product_tag","embeddable":true,"href":"https:\/\/koraledetale.pl\/index.php?rest_route=%2Fwp%2Fv2%2Fproduct_tag&post=7938"}],"curies":[{"name":"wp","href":"https:\/\/api.w.org\/{rel}","templated":true}]}}