{"id":7924,"date":"2025-10-14T13:49:41","date_gmt":"2025-10-14T13:49:41","guid":{"rendered":"https:\/\/koraledetale.pl\/?post_type=product&#038;p=7924"},"modified":"2025-12-20T11:29:37","modified_gmt":"2025-12-20T11:29:37","slug":"bransoletka-trio-z-bursztynami-i","status":"publish","type":"product","link":"https:\/\/koraledetale.pl\/?product=bransoletka-trio-z-bursztynami-i","title":{"rendered":"Bransoletka TRIO I z bursztynami"},"content":{"rendered":"<p>Wielko\u015b\u0107 kamieni:<\/p>\n<ul>\n<li>bursztyn \u2013 6,5 mm, 5 mm i 7\u00d75 mm,<\/li>\n<li>hematyt \u2013 3\u00d71 mm i 2 mm.<\/li>\n<\/ul>\n<p>\u015arednica blaszki &#8211; 1,6 cm<\/p>\n<p>Bransoletk\u0119 zapniesz na dowolnym oczku. Maksymalna d\u0142ugo\u015b\u0107 bransoletki &#8211; 22 cm.<\/p>\n<p>Wszystkie elementy metalowe wykonane s\u0105 z nieuczulaj\u0105cej stali szlachetnej w kolorze z\u0142otym.<\/p>\n","protected":false},"excerpt":{"rendered":"<p>Bransoletka z \u0142a\u0144cuszka o pod\u0142u\u017cnych, karbowanych oczkach, z zawieszkami z bursztyn\u00f3w i z m\u0142otkowan\u0105, okr\u0105g\u0142\u0105 blaszk\u0105.<\/p>\n<p>Mo\u017cesz j\u0105 po\u0142\u0105czy\u0107 z bransoletk\u0105 TRIO II lub TRIO III, tworz\u0105c kr\u00f3tki naszyjnik, a je\u015bli po\u0142\u0105czysz wszystkie trzy bransoletki z serii TRIO &#8211; powstanie ciekawy naszyjnik \u015bredniej d\u0142ugo\u015bci.<\/p>\n","protected":false},"featured_media":7933,"comment_status":"open","ping_status":"closed","template":"","meta":{"advanced_seo_description":"","jetpack_seo_html_title":"","jetpack_seo_noindex":false},"product_brand":[],"product_cat":[17],"product_tag":[2159,1136,31,2890],"class_list":{"0":"post-7924","1":"product","2":"type-product","3":"status-publish","4":"has-post-thumbnail","6":"product_cat-bransoletki","7":"product_tag-bransoletka-z-bursztynami","8":"product_tag-bursztyn","9":"product_tag-zloty-hematyt","10":"product_tag-lancuszkowa-bransoletka-z-zawieszkami","12":"first","13":"instock","14":"shipping-taxable","15":"purchasable","16":"product-type-simple"},"jetpack_sharing_enabled":true,"_links":{"self":[{"href":"https:\/\/koraledetale.pl\/index.php?rest_route=\/wp\/v2\/product\/7924","targetHints":{"allow":["GET"]}}],"collection":[{"href":"https:\/\/koraledetale.pl\/index.php?rest_route=\/wp\/v2\/product"}],"about":[{"href":"https:\/\/koraledetale.pl\/index.php?rest_route=\/wp\/v2\/types\/product"}],"replies":[{"embeddable":true,"href":"https:\/\/koraledetale.pl\/index.php?rest_route=%2Fwp%2Fv2%2Fcomments&post=7924"}],"wp:featuredmedia":[{"embeddable":true,"href":"https:\/\/koraledetale.pl\/index.php?rest_route=\/wp\/v2\/media\/7933"}],"wp:attachment":[{"href":"https:\/\/koraledetale.pl\/index.php?rest_route=%2Fwp%2Fv2%2Fmedia&parent=7924"}],"wp:term":[{"taxonomy":"product_brand","embeddable":true,"href":"https:\/\/koraledetale.pl\/index.php?rest_route=%2Fwp%2Fv2%2Fproduct_brand&post=7924"},{"taxonomy":"product_cat","embeddable":true,"href":"https:\/\/koraledetale.pl\/index.php?rest_route=%2Fwp%2Fv2%2Fproduct_cat&post=7924"},{"taxonomy":"product_tag","embeddable":true,"href":"https:\/\/koraledetale.pl\/index.php?rest_route=%2Fwp%2Fv2%2Fproduct_tag&post=7924"}],"curies":[{"name":"wp","href":"https:\/\/api.w.org\/{rel}","templated":true}]}}