{"id":7919,"date":"2025-10-12T12:23:16","date_gmt":"2025-10-12T12:23:16","guid":{"rendered":"https:\/\/koraledetale.pl\/?post_type=product&#038;p=7919"},"modified":"2025-12-14T10:17:28","modified_gmt":"2025-12-14T10:17:28","slug":"naszyjnik-ganesha-z-turkusami","status":"publish","type":"product","link":"https:\/\/koraledetale.pl\/?product=naszyjnik-ganesha-z-turkusami","title":{"rendered":"Naszyjnik GANESHA z turkusami"},"content":{"rendered":"<p>Wielko\u015b\u0107 kamieni:<\/p>\n<ul>\n<li>turkus \u2013 ok. 3&#215;2,5 mm,<\/li>\n<li>hematyt \u2013 3\u00d71 mm i 2 mm.<\/li>\n<\/ul>\n<p>D\u0142ugo\u015b\u0107 naszyjnika: 64 cm (z \u0142atwo\u015bci\u0105 za\u0142o\u017cysz go przez g\u0142ow\u0119 ale ma te\u017c zapi\u0119cie) + zawieszka 2,6 cm.<\/p>\n<p>Kamienie zasupe\u0142kowane s\u0105 na br\u0105zowej, mocnej nici jubilerskiej.<\/p>\n<p>Wszystkie elementy metalowe wykonane s\u0105 z nieuczulaj\u0105cej stali szlachetnej w kolorze z\u0142otym.<\/p>\n","protected":false},"excerpt":{"rendered":"<p>\u015aredniej d\u0142ugo\u015bci naszyjnik z plastrami turkusu, przeplatanymi plastrami z\u0142otego hematytu, uzupe\u0142niony \u0142a\u0144cuszkiem z kuleczkami. Zwie\u0144czeniem naszyjnika jest zawieszka z wizerunkiem Ganeshy.<\/p>\n","protected":false},"featured_media":7922,"comment_status":"open","ping_status":"closed","template":"","meta":{"advanced_seo_description":"","jetpack_seo_html_title":"","jetpack_seo_noindex":false},"product_brand":[],"product_cat":[229],"product_tag":[2889,2887,105,31,2888],"class_list":{"0":"post-7919","1":"product","2":"type-product","3":"status-publish","4":"has-post-thumbnail","6":"product_cat-sprzedane","7":"product_tag-ganesha","8":"product_tag-sredniej-dlugosci-naszyjnik-z-turkusami-i-ganesha","9":"product_tag-turkus","10":"product_tag-zloty-hematyt","11":"product_tag-lancuszek-z-turkusami-i-ganesha","13":"first","14":"outofstock","15":"shipping-taxable","16":"purchasable","17":"product-type-simple"},"jetpack_sharing_enabled":true,"_links":{"self":[{"href":"https:\/\/koraledetale.pl\/index.php?rest_route=\/wp\/v2\/product\/7919","targetHints":{"allow":["GET"]}}],"collection":[{"href":"https:\/\/koraledetale.pl\/index.php?rest_route=\/wp\/v2\/product"}],"about":[{"href":"https:\/\/koraledetale.pl\/index.php?rest_route=\/wp\/v2\/types\/product"}],"replies":[{"embeddable":true,"href":"https:\/\/koraledetale.pl\/index.php?rest_route=%2Fwp%2Fv2%2Fcomments&post=7919"}],"wp:featuredmedia":[{"embeddable":true,"href":"https:\/\/koraledetale.pl\/index.php?rest_route=\/wp\/v2\/media\/7922"}],"wp:attachment":[{"href":"https:\/\/koraledetale.pl\/index.php?rest_route=%2Fwp%2Fv2%2Fmedia&parent=7919"}],"wp:term":[{"taxonomy":"product_brand","embeddable":true,"href":"https:\/\/koraledetale.pl\/index.php?rest_route=%2Fwp%2Fv2%2Fproduct_brand&post=7919"},{"taxonomy":"product_cat","embeddable":true,"href":"https:\/\/koraledetale.pl\/index.php?rest_route=%2Fwp%2Fv2%2Fproduct_cat&post=7919"},{"taxonomy":"product_tag","embeddable":true,"href":"https:\/\/koraledetale.pl\/index.php?rest_route=%2Fwp%2Fv2%2Fproduct_tag&post=7919"}],"curies":[{"name":"wp","href":"https:\/\/api.w.org\/{rel}","templated":true}]}}