{"id":7909,"date":"2025-10-09T13:18:34","date_gmt":"2025-10-09T13:18:34","guid":{"rendered":"https:\/\/koraledetale.pl\/?post_type=product&#038;p=7909"},"modified":"2026-01-31T16:47:48","modified_gmt":"2026-01-31T16:47:48","slug":"kolczyki-seledynowe-z-chalcedonami-i-perlami","status":"publish","type":"product","link":"https:\/\/koraledetale.pl\/?product=kolczyki-seledynowe-z-chalcedonami-i-perlami","title":{"rendered":"Kolczyki SELEDYNOWE z chalcedonami i per\u0142ami"},"content":{"rendered":"<p>Wielko\u015b\u0107 kamieni<\/p>\n<ul>\n<li>chalcedon &#8211; 10,5\u00d710,5&#215;7 mm,<\/li>\n<li>per\u0142a &#8211; 3,8 mm.<\/li>\n<\/ul>\n<p>D\u0142ugo\u015b\u0107 kolczyk\u00f3w \u2013 3,5 cm.<\/p>\n<p>Wszystkie elementy metalowe wykonane s\u0105 z nieuczulaj\u0105cej stali szlachetnej w kolorze z\u0142otym.<\/p>\n","protected":false},"excerpt":{"rendered":"<p>Kolczyki z \u0142ezkami chalcedonu i per\u0142ami, zawieszonymi na otwartych biglach.<\/p>\n","protected":false},"featured_media":7908,"comment_status":"open","ping_status":"closed","template":"","meta":{"advanced_seo_description":"","jetpack_seo_html_title":"","jetpack_seo_noindex":false},"product_brand":[],"product_cat":[18],"product_tag":[439,2883,2884,57],"class_list":{"0":"post-7909","1":"product","2":"type-product","3":"status-publish","4":"has-post-thumbnail","6":"product_cat-kolczyki","7":"product_tag-chalcedon","8":"product_tag-kolczyki-z-chalcedonami-i-perlami","9":"product_tag-kolczyki-z-seledynowymi-kamieniami-naturalnymi","10":"product_tag-perla","12":"first","13":"instock","14":"shipping-taxable","15":"purchasable","16":"product-type-simple"},"jetpack_sharing_enabled":true,"_links":{"self":[{"href":"https:\/\/koraledetale.pl\/index.php?rest_route=\/wp\/v2\/product\/7909","targetHints":{"allow":["GET"]}}],"collection":[{"href":"https:\/\/koraledetale.pl\/index.php?rest_route=\/wp\/v2\/product"}],"about":[{"href":"https:\/\/koraledetale.pl\/index.php?rest_route=\/wp\/v2\/types\/product"}],"replies":[{"embeddable":true,"href":"https:\/\/koraledetale.pl\/index.php?rest_route=%2Fwp%2Fv2%2Fcomments&post=7909"}],"wp:featuredmedia":[{"embeddable":true,"href":"https:\/\/koraledetale.pl\/index.php?rest_route=\/wp\/v2\/media\/7908"}],"wp:attachment":[{"href":"https:\/\/koraledetale.pl\/index.php?rest_route=%2Fwp%2Fv2%2Fmedia&parent=7909"}],"wp:term":[{"taxonomy":"product_brand","embeddable":true,"href":"https:\/\/koraledetale.pl\/index.php?rest_route=%2Fwp%2Fv2%2Fproduct_brand&post=7909"},{"taxonomy":"product_cat","embeddable":true,"href":"https:\/\/koraledetale.pl\/index.php?rest_route=%2Fwp%2Fv2%2Fproduct_cat&post=7909"},{"taxonomy":"product_tag","embeddable":true,"href":"https:\/\/koraledetale.pl\/index.php?rest_route=%2Fwp%2Fv2%2Fproduct_tag&post=7909"}],"curies":[{"name":"wp","href":"https:\/\/api.w.org\/{rel}","templated":true}]}}