{"id":7898,"date":"2025-10-07T14:41:10","date_gmt":"2025-10-07T14:41:10","guid":{"rendered":"https:\/\/koraledetale.pl\/?post_type=product&#038;p=7898"},"modified":"2026-02-21T10:40:43","modified_gmt":"2026-02-21T10:40:43","slug":"kolczyki-morska-bryza-z-lapis-lazuli","status":"publish","type":"product","link":"https:\/\/koraledetale.pl\/?product=kolczyki-morska-bryza-z-lapis-lazuli","title":{"rendered":"Kolczyki MORSKA BRYZA z lapis lazuli"},"content":{"rendered":"<p>Wielko\u015b\u0107 lapis lazuli \u2013 9x7x4 mm.<\/p>\n<p>D\u0142ugo\u015b\u0107 kolczyk\u00f3w \u2013 2,3 cm.<\/p>\n<p>Wszystkie elementy metalowe wykonane s\u0105 z nieuczulaj\u0105cej stali szlachetnej w kolorze z\u0142otym.<\/p>\n","protected":false},"excerpt":{"rendered":"<p>Niedu\u017ce kolczyki na sztyftach z dwoma splecionymi k\u00f3\u0142kami, od kt\u00f3rych odchodzi fasetowana \u0142ezka lapis lazuli o g\u0142\u0119bokiej, kobaltowej barwie.<\/p>\n","protected":false},"featured_media":7894,"comment_status":"open","ping_status":"closed","template":"","meta":{"advanced_seo_description":"","jetpack_seo_html_title":"","jetpack_seo_noindex":false},"product_brand":[],"product_cat":[229],"product_tag":[2880,2881,1409],"class_list":{"0":"post-7898","1":"product","2":"type-product","3":"status-publish","4":"has-post-thumbnail","6":"product_cat-sprzedane","7":"product_tag-kolczyki-na-sztyftach-z-lapis-lazuli","8":"product_tag-krotkie-kolczyki-z-lapisami","9":"product_tag-lapis-lazuli","11":"first","12":"outofstock","13":"shipping-taxable","14":"purchasable","15":"product-type-simple"},"jetpack_sharing_enabled":true,"_links":{"self":[{"href":"https:\/\/koraledetale.pl\/index.php?rest_route=\/wp\/v2\/product\/7898","targetHints":{"allow":["GET"]}}],"collection":[{"href":"https:\/\/koraledetale.pl\/index.php?rest_route=\/wp\/v2\/product"}],"about":[{"href":"https:\/\/koraledetale.pl\/index.php?rest_route=\/wp\/v2\/types\/product"}],"replies":[{"embeddable":true,"href":"https:\/\/koraledetale.pl\/index.php?rest_route=%2Fwp%2Fv2%2Fcomments&post=7898"}],"wp:featuredmedia":[{"embeddable":true,"href":"https:\/\/koraledetale.pl\/index.php?rest_route=\/wp\/v2\/media\/7894"}],"wp:attachment":[{"href":"https:\/\/koraledetale.pl\/index.php?rest_route=%2Fwp%2Fv2%2Fmedia&parent=7898"}],"wp:term":[{"taxonomy":"product_brand","embeddable":true,"href":"https:\/\/koraledetale.pl\/index.php?rest_route=%2Fwp%2Fv2%2Fproduct_brand&post=7898"},{"taxonomy":"product_cat","embeddable":true,"href":"https:\/\/koraledetale.pl\/index.php?rest_route=%2Fwp%2Fv2%2Fproduct_cat&post=7898"},{"taxonomy":"product_tag","embeddable":true,"href":"https:\/\/koraledetale.pl\/index.php?rest_route=%2Fwp%2Fv2%2Fproduct_tag&post=7898"}],"curies":[{"name":"wp","href":"https:\/\/api.w.org\/{rel}","templated":true}]}}