{"id":7891,"date":"2025-10-07T14:34:31","date_gmt":"2025-10-07T14:34:31","guid":{"rendered":"https:\/\/koraledetale.pl\/?post_type=product&#038;p=7891"},"modified":"2025-10-07T14:34:31","modified_gmt":"2025-10-07T14:34:31","slug":"kolczyki-morska-piana-z-howlitami","status":"publish","type":"product","link":"https:\/\/koraledetale.pl\/?product=kolczyki-morska-piana-z-howlitami","title":{"rendered":"Kolczyki MORSKA PIANA z howlitami"},"content":{"rendered":"<p>Wielko\u015b\u0107 howlit\u00f3w \u2013 11x9x5 mm.<\/p>\n<p>D\u0142ugo\u015b\u0107 kolczyk\u00f3w \u2013 2,2 cm.<\/p>\n<p>Wszystkie elementy metalowe wykonane s\u0105 z nieuczulaj\u0105cej stali szlachetnej w kolorze z\u0142otym.<\/p>\n","protected":false},"excerpt":{"rendered":"<p>Niedu\u017ce kolczyki na sztyftach z okr\u0105g\u0142\u0105 blaszk\u0105 o fakturze piany, od kt\u00f3rej odchodzi g\u0142adka \u0142ezka howlitu o podobnym malunku (narysowanym przez natur\u0119).<\/p>\n","protected":false},"featured_media":7893,"comment_status":"open","ping_status":"closed","template":"","meta":{"advanced_seo_description":"","jetpack_seo_html_title":"","jetpack_seo_noindex":false},"product_brand":[],"product_cat":[18],"product_tag":[897,2879,1021],"class_list":{"0":"post-7891","1":"product","2":"type-product","3":"status-publish","4":"has-post-thumbnail","6":"product_cat-kolczyki","7":"product_tag-howlit","8":"product_tag-kolczyki-na-sztyftach-z-zielonymi-kamieniami-naturalnymi","9":"product_tag-kolczyki-z-howlitami","11":"first","12":"instock","13":"shipping-taxable","14":"purchasable","15":"product-type-simple"},"jetpack_sharing_enabled":true,"_links":{"self":[{"href":"https:\/\/koraledetale.pl\/index.php?rest_route=\/wp\/v2\/product\/7891","targetHints":{"allow":["GET"]}}],"collection":[{"href":"https:\/\/koraledetale.pl\/index.php?rest_route=\/wp\/v2\/product"}],"about":[{"href":"https:\/\/koraledetale.pl\/index.php?rest_route=\/wp\/v2\/types\/product"}],"replies":[{"embeddable":true,"href":"https:\/\/koraledetale.pl\/index.php?rest_route=%2Fwp%2Fv2%2Fcomments&post=7891"}],"wp:featuredmedia":[{"embeddable":true,"href":"https:\/\/koraledetale.pl\/index.php?rest_route=\/wp\/v2\/media\/7893"}],"wp:attachment":[{"href":"https:\/\/koraledetale.pl\/index.php?rest_route=%2Fwp%2Fv2%2Fmedia&parent=7891"}],"wp:term":[{"taxonomy":"product_brand","embeddable":true,"href":"https:\/\/koraledetale.pl\/index.php?rest_route=%2Fwp%2Fv2%2Fproduct_brand&post=7891"},{"taxonomy":"product_cat","embeddable":true,"href":"https:\/\/koraledetale.pl\/index.php?rest_route=%2Fwp%2Fv2%2Fproduct_cat&post=7891"},{"taxonomy":"product_tag","embeddable":true,"href":"https:\/\/koraledetale.pl\/index.php?rest_route=%2Fwp%2Fv2%2Fproduct_tag&post=7891"}],"curies":[{"name":"wp","href":"https:\/\/api.w.org\/{rel}","templated":true}]}}