{"id":7885,"date":"2025-10-03T13:43:54","date_gmt":"2025-10-03T13:43:54","guid":{"rendered":"https:\/\/koraledetale.pl\/?post_type=product&#038;p=7885"},"modified":"2025-10-19T08:48:12","modified_gmt":"2025-10-19T08:48:12","slug":"naszyjnik-czulosc-z-jaspisami-i-tygrysim-okiem","status":"publish","type":"product","link":"https:\/\/koraledetale.pl\/?product=naszyjnik-czulosc-z-jaspisami-i-tygrysim-okiem","title":{"rendered":"Naszyjnik CZU\u0141O\u015a\u0106 z jaspisami i tygrysim okiem"},"content":{"rendered":"<p>Wielko\u015b\u0107 kamieni:<\/p>\n<ul>\n<li>jaspis \u2013 ok. 8,5 mm,<\/li>\n<li>tygrysie oko \u2013 4,5\u00d73 mm,<\/li>\n<li>hematyt \u2013 2 mm, 4\u00d72 mm.<\/li>\n<\/ul>\n<p>Wszystkie elementy metalowe wykonane s\u0105 z nieuczulaj\u0105cej stali szlachetnej w kolorze z\u0142otym.<\/p>\n<p>D\u0142ugo\u015b\u0107 naszyjnika: 44,5 &#8211; 49,5 cm.<\/p>\n","protected":false},"excerpt":{"rendered":"<p>Naszyjnik z kuleczkami jaspisu obrazkowego, przeplatanego ma\u0142ymi hematytami, z wplecionymi plastrami tygrysiego oka, z zawieszk\u0105 \u2013 okr\u0105g\u0142\u0105 blaszk\u0105, odchodz\u0105c\u0105 od p\u0142askiego k\u00f3\u0142ka.<\/p>\n","protected":false},"featured_media":7877,"comment_status":"open","ping_status":"closed","template":"","meta":{"advanced_seo_description":"","jetpack_seo_html_title":"","jetpack_seo_noindex":false},"product_brand":[],"product_cat":[229],"product_tag":[2877,2876,2450,2875,2874,2418,31],"class_list":{"0":"post-7885","1":"product","2":"type-product","3":"status-publish","4":"has-post-thumbnail","6":"product_cat-sprzedane","7":"product_tag-japis-obrazkowy","8":"product_tag-naszyjnik-w-kolorach-jesieni","9":"product_tag-naszyjnik-w-kolorach-ziemi","10":"product_tag-naszyjnik-z-brazowymi-kamieniami-naturalnymi","11":"product_tag-naszyjnik-z-jaspisami-obrazkowymi-i-tygrysim-okiem","12":"product_tag-tygrysie-oko","13":"product_tag-zloty-hematyt","15":"first","16":"outofstock","17":"shipping-taxable","18":"purchasable","19":"product-type-simple"},"jetpack_sharing_enabled":true,"_links":{"self":[{"href":"https:\/\/koraledetale.pl\/index.php?rest_route=\/wp\/v2\/product\/7885","targetHints":{"allow":["GET"]}}],"collection":[{"href":"https:\/\/koraledetale.pl\/index.php?rest_route=\/wp\/v2\/product"}],"about":[{"href":"https:\/\/koraledetale.pl\/index.php?rest_route=\/wp\/v2\/types\/product"}],"replies":[{"embeddable":true,"href":"https:\/\/koraledetale.pl\/index.php?rest_route=%2Fwp%2Fv2%2Fcomments&post=7885"}],"wp:featuredmedia":[{"embeddable":true,"href":"https:\/\/koraledetale.pl\/index.php?rest_route=\/wp\/v2\/media\/7877"}],"wp:attachment":[{"href":"https:\/\/koraledetale.pl\/index.php?rest_route=%2Fwp%2Fv2%2Fmedia&parent=7885"}],"wp:term":[{"taxonomy":"product_brand","embeddable":true,"href":"https:\/\/koraledetale.pl\/index.php?rest_route=%2Fwp%2Fv2%2Fproduct_brand&post=7885"},{"taxonomy":"product_cat","embeddable":true,"href":"https:\/\/koraledetale.pl\/index.php?rest_route=%2Fwp%2Fv2%2Fproduct_cat&post=7885"},{"taxonomy":"product_tag","embeddable":true,"href":"https:\/\/koraledetale.pl\/index.php?rest_route=%2Fwp%2Fv2%2Fproduct_tag&post=7885"}],"curies":[{"name":"wp","href":"https:\/\/api.w.org\/{rel}","templated":true}]}}