{"id":7871,"date":"2025-10-01T10:16:56","date_gmt":"2025-10-01T10:16:56","guid":{"rendered":"https:\/\/koraledetale.pl\/?post_type=product&#038;p=7871"},"modified":"2025-10-09T13:20:42","modified_gmt":"2025-10-09T13:20:42","slug":"bransoletka-drzewo-zycia-z-pirytami-wersja-zlota","status":"publish","type":"product","link":"https:\/\/koraledetale.pl\/?product=bransoletka-drzewo-zycia-z-pirytami-wersja-zlota","title":{"rendered":"Bransoletka DRZEWO \u017bYCIA z pirytami \u2013 wersja z\u0142ota"},"content":{"rendered":"<p>Wielko\u015b\u0107 kamieni:<\/p>\n<ul>\n<li>piryt \u2013 3 mm,<\/li>\n<li>hematyt \u2013 2&#215;8,5 mm, 3&#215;1,5 mm i 2 mm.<\/li>\n<\/ul>\n<p>D\u0142ugo\u015b\u0107 bransoletki:\u00a0 16,3 \u2013 19,3 cm.<\/p>\n<p>Kamienie zasupe\u0142kowane s\u0105 na \u017c\u00f3\u0142tej, mocnej nici jubilerskiej.<\/p>\n<p>Wszystkie elementy metalowe wykonane s\u0105 z nieuczulaj\u0105cej stali szlachetnej w kolorze z\u0142otym.<\/p>\n","protected":false},"excerpt":{"rendered":"<p>Bransoletka z pirytami z dodatkiem z\u0142otych hematyt\u00f3w, zasupe\u0142kowanych na \u017c\u00f3\u0142tej nitce, z zawieszk\u0105 \u2013 drzewem \u017cycia, oraz jedwabnym, \u017c\u00f3\u0142tym chwostem przy przed\u0142u\u017cce.<\/p>\n","protected":false},"featured_media":7865,"comment_status":"open","ping_status":"closed","template":"","meta":{"advanced_seo_description":"","jetpack_seo_html_title":"","jetpack_seo_noindex":false},"product_brand":[],"product_cat":[17],"product_tag":[1862,2867,633,156],"class_list":{"0":"post-7871","1":"product","2":"type-product","3":"status-publish","4":"has-post-thumbnail","6":"product_cat-bransoletki","7":"product_tag-bransoletka-z-kamieniami-naturalnymi-i-drzewem-zycia","8":"product_tag-bransoletka-z-pirytami-i-drzewem-zycia","9":"product_tag-drzewo-zycia","10":"product_tag-piryt","12":"first","13":"instock","14":"shipping-taxable","15":"purchasable","16":"product-type-simple"},"jetpack_sharing_enabled":true,"_links":{"self":[{"href":"https:\/\/koraledetale.pl\/index.php?rest_route=\/wp\/v2\/product\/7871","targetHints":{"allow":["GET"]}}],"collection":[{"href":"https:\/\/koraledetale.pl\/index.php?rest_route=\/wp\/v2\/product"}],"about":[{"href":"https:\/\/koraledetale.pl\/index.php?rest_route=\/wp\/v2\/types\/product"}],"replies":[{"embeddable":true,"href":"https:\/\/koraledetale.pl\/index.php?rest_route=%2Fwp%2Fv2%2Fcomments&post=7871"}],"wp:featuredmedia":[{"embeddable":true,"href":"https:\/\/koraledetale.pl\/index.php?rest_route=\/wp\/v2\/media\/7865"}],"wp:attachment":[{"href":"https:\/\/koraledetale.pl\/index.php?rest_route=%2Fwp%2Fv2%2Fmedia&parent=7871"}],"wp:term":[{"taxonomy":"product_brand","embeddable":true,"href":"https:\/\/koraledetale.pl\/index.php?rest_route=%2Fwp%2Fv2%2Fproduct_brand&post=7871"},{"taxonomy":"product_cat","embeddable":true,"href":"https:\/\/koraledetale.pl\/index.php?rest_route=%2Fwp%2Fv2%2Fproduct_cat&post=7871"},{"taxonomy":"product_tag","embeddable":true,"href":"https:\/\/koraledetale.pl\/index.php?rest_route=%2Fwp%2Fv2%2Fproduct_tag&post=7871"}],"curies":[{"name":"wp","href":"https:\/\/api.w.org\/{rel}","templated":true}]}}