{"id":7860,"date":"2025-10-01T10:08:20","date_gmt":"2025-10-01T10:08:20","guid":{"rendered":"https:\/\/koraledetale.pl\/?post_type=product&#038;p=7860"},"modified":"2025-12-20T11:31:32","modified_gmt":"2025-12-20T11:31:32","slug":"bransoletka-drzewo-zycia-z-pirytami-wersja-srebrna","status":"publish","type":"product","link":"https:\/\/koraledetale.pl\/?product=bransoletka-drzewo-zycia-z-pirytami-wersja-srebrna","title":{"rendered":"Bransoletka DRZEWO \u017bYCIA z pirytami &#8211; wersja srebrna"},"content":{"rendered":"<p>Wielko\u015b\u0107 kamieni:<\/p>\n<ul>\n<li>piryt \u2013 3 mm,<\/li>\n<li>hematyt \u2013 2&#215;4 mm, 3&#215;1 mm i 2 mm.<\/li>\n<\/ul>\n<p>D\u0142ugo\u015b\u0107 bransoletki:\u00a0 16 \u2013 19 cm.<\/p>\n<p>Kamienie zasupe\u0142kowane s\u0105 na \u017c\u00f3\u0142tej, mocnej nici jubilerskiej.<\/p>\n<p>Wszystkie elementy metalowe wykonane s\u0105 z nieuczulaj\u0105cej stali szlachetnej w kolorze srebrnym.<\/p>\n<p>&nbsp;<\/p>\n","protected":false},"excerpt":{"rendered":"<p>Bransoletka z pirytami z dodatkiem srebrnych hematyt\u00f3w, zasupe\u0142kowanych na \u017c\u00f3\u0142tej nitce, z zawieszk\u0105 \u2013 drzewem \u017cycia, oraz jedwabnym, \u017c\u00f3\u0142tym chwostem przy przed\u0142u\u017cce.<\/p>\n","protected":false},"featured_media":7864,"comment_status":"open","ping_status":"closed","template":"","meta":{"advanced_seo_description":"","jetpack_seo_html_title":"","jetpack_seo_noindex":false},"product_brand":[],"product_cat":[229],"product_tag":[80,2867,633,156,26],"class_list":{"0":"post-7860","1":"product","2":"type-product","3":"status-publish","4":"has-post-thumbnail","6":"product_cat-sprzedane","7":"product_tag-bransoletka-z-kamieniami-naturalnymi","8":"product_tag-bransoletka-z-pirytami-i-drzewem-zycia","9":"product_tag-drzewo-zycia","10":"product_tag-piryt","11":"product_tag-srebrny-hematyt","13":"first","14":"outofstock","15":"shipping-taxable","16":"purchasable","17":"product-type-simple"},"jetpack_sharing_enabled":true,"_links":{"self":[{"href":"https:\/\/koraledetale.pl\/index.php?rest_route=\/wp\/v2\/product\/7860","targetHints":{"allow":["GET"]}}],"collection":[{"href":"https:\/\/koraledetale.pl\/index.php?rest_route=\/wp\/v2\/product"}],"about":[{"href":"https:\/\/koraledetale.pl\/index.php?rest_route=\/wp\/v2\/types\/product"}],"replies":[{"embeddable":true,"href":"https:\/\/koraledetale.pl\/index.php?rest_route=%2Fwp%2Fv2%2Fcomments&post=7860"}],"wp:featuredmedia":[{"embeddable":true,"href":"https:\/\/koraledetale.pl\/index.php?rest_route=\/wp\/v2\/media\/7864"}],"wp:attachment":[{"href":"https:\/\/koraledetale.pl\/index.php?rest_route=%2Fwp%2Fv2%2Fmedia&parent=7860"}],"wp:term":[{"taxonomy":"product_brand","embeddable":true,"href":"https:\/\/koraledetale.pl\/index.php?rest_route=%2Fwp%2Fv2%2Fproduct_brand&post=7860"},{"taxonomy":"product_cat","embeddable":true,"href":"https:\/\/koraledetale.pl\/index.php?rest_route=%2Fwp%2Fv2%2Fproduct_cat&post=7860"},{"taxonomy":"product_tag","embeddable":true,"href":"https:\/\/koraledetale.pl\/index.php?rest_route=%2Fwp%2Fv2%2Fproduct_tag&post=7860"}],"curies":[{"name":"wp","href":"https:\/\/api.w.org\/{rel}","templated":true}]}}