{"id":7859,"date":"2025-09-30T10:04:12","date_gmt":"2025-09-30T10:04:12","guid":{"rendered":"https:\/\/koraledetale.pl\/?post_type=product&#038;p=7859"},"modified":"2025-10-06T16:21:01","modified_gmt":"2025-10-06T16:21:01","slug":"bransoletka-lunula-i-labradoryt","status":"publish","type":"product","link":"https:\/\/koraledetale.pl\/?product=bransoletka-lunula-i-labradoryt","title":{"rendered":"Bransoletka LUNULA I LABRADORYT"},"content":{"rendered":"<p>Wielko\u015b\u0107 kamieni:<\/p>\n<ul>\n<li>labradoryt \u2013 ok. 4\u00d72,5,5 mm i 3 mm (przy przed\u0142u\u017cce),<\/li>\n<li>hematyt \u2013 3\u00d71 mm i 2 mm.<\/li>\n<\/ul>\n<p>D\u0142ugo\u015b\u0107 bransoletki: 17-20,5 cm.<\/p>\n<p>Kamienie zasupe\u0142kowane s\u0105 na czarnej, mocnej nici jubilerskiej.<\/p>\n<p>Wszystkie elementy metalowe wykonane s\u0105 z nieuczulaj\u0105cej stali szlachetnej w kolorze z\u0142otym.<\/p>\n","protected":false},"excerpt":{"rendered":"<p>Warstwowa bransoletka z ciosanych labradoryt\u00f3w, przeplatanych z\u0142otymi hematytami oraz \u0142a\u0144cuszkiem z kuleczkami.<\/p>\n","protected":false},"featured_media":7854,"comment_status":"open","ping_status":"closed","template":"","meta":{"advanced_seo_description":"","jetpack_seo_html_title":"","jetpack_seo_noindex":false},"product_brand":[],"product_cat":[17],"product_tag":[56,1389,2724,2725,31],"class_list":{"0":"post-7859","1":"product","2":"type-product","3":"status-publish","4":"has-post-thumbnail","6":"product_cat-bransoletki","7":"product_tag-labradoryt","8":"product_tag-podwojna-bransoletka-z-kamieniami-naturalnymi","9":"product_tag-podwojna-bransoletka-z-labradorytami","10":"product_tag-warstwowa-bransoletka-z-labradorytami","11":"product_tag-zloty-hematyt","13":"first","14":"instock","15":"shipping-taxable","16":"purchasable","17":"product-type-simple"},"jetpack_sharing_enabled":true,"_links":{"self":[{"href":"https:\/\/koraledetale.pl\/index.php?rest_route=\/wp\/v2\/product\/7859","targetHints":{"allow":["GET"]}}],"collection":[{"href":"https:\/\/koraledetale.pl\/index.php?rest_route=\/wp\/v2\/product"}],"about":[{"href":"https:\/\/koraledetale.pl\/index.php?rest_route=\/wp\/v2\/types\/product"}],"replies":[{"embeddable":true,"href":"https:\/\/koraledetale.pl\/index.php?rest_route=%2Fwp%2Fv2%2Fcomments&post=7859"}],"wp:featuredmedia":[{"embeddable":true,"href":"https:\/\/koraledetale.pl\/index.php?rest_route=\/wp\/v2\/media\/7854"}],"wp:attachment":[{"href":"https:\/\/koraledetale.pl\/index.php?rest_route=%2Fwp%2Fv2%2Fmedia&parent=7859"}],"wp:term":[{"taxonomy":"product_brand","embeddable":true,"href":"https:\/\/koraledetale.pl\/index.php?rest_route=%2Fwp%2Fv2%2Fproduct_brand&post=7859"},{"taxonomy":"product_cat","embeddable":true,"href":"https:\/\/koraledetale.pl\/index.php?rest_route=%2Fwp%2Fv2%2Fproduct_cat&post=7859"},{"taxonomy":"product_tag","embeddable":true,"href":"https:\/\/koraledetale.pl\/index.php?rest_route=%2Fwp%2Fv2%2Fproduct_tag&post=7859"}],"curies":[{"name":"wp","href":"https:\/\/api.w.org\/{rel}","templated":true}]}}