{"id":7849,"date":"2025-09-29T12:01:54","date_gmt":"2025-09-29T12:01:54","guid":{"rendered":"https:\/\/koraledetale.pl\/?post_type=product&#038;p=7849"},"modified":"2025-11-30T07:52:47","modified_gmt":"2025-11-30T07:52:47","slug":"lancuszek-zrodlo-z-labradorytem","status":"publish","type":"product","link":"https:\/\/koraledetale.pl\/?product=lancuszek-zrodlo-z-labradorytem","title":{"rendered":"\u0141a\u0144cuszek \u0179R\u00d3D\u0141O z labradorytem"},"content":{"rendered":"<p>Wielko\u015b\u0107 labradorytu \u2013 15\u00d710,5\u00d77 mm.<\/p>\n<p>D\u0142ugo\u015b\u0107 naszyjnika &#8211; 47,5 cm + zawieszka 2 cm.<\/p>\n<p>Wszystkie elementy metalowe wykonane s\u0105 z nieuczulaj\u0105cej stali szlachetnej w kolorze srebrnym.<\/p>\n","protected":false},"excerpt":{"rendered":"<p>\u0141a\u0144cuszek z zapi\u0119ciem z przodu, od kt\u00f3rego odchodzi zawieszka &#8211; geometryczny labradoryt o niebieskiej zorzy. Po boku naszyjnika jest jeszcze jedna zawieszka &#8211; okr\u0105g\u0142a blaszka.<\/p>\n","protected":false},"featured_media":7850,"comment_status":"open","ping_status":"closed","template":"","meta":{"advanced_seo_description":"","jetpack_seo_html_title":"","jetpack_seo_noindex":false},"product_brand":[],"product_cat":[229],"product_tag":[56,72,1672,2864],"class_list":{"0":"post-7849","1":"product","2":"type-product","3":"status-publish","4":"has-post-thumbnail","6":"product_cat-sprzedane","7":"product_tag-labradoryt","8":"product_tag-zawieszka","9":"product_tag-lancuszek-z-kamieniem-naturalnym","10":"product_tag-lancuszek-z-labradorytem","12":"first","13":"outofstock","14":"shipping-taxable","15":"purchasable","16":"product-type-simple"},"jetpack_sharing_enabled":true,"_links":{"self":[{"href":"https:\/\/koraledetale.pl\/index.php?rest_route=\/wp\/v2\/product\/7849","targetHints":{"allow":["GET"]}}],"collection":[{"href":"https:\/\/koraledetale.pl\/index.php?rest_route=\/wp\/v2\/product"}],"about":[{"href":"https:\/\/koraledetale.pl\/index.php?rest_route=\/wp\/v2\/types\/product"}],"replies":[{"embeddable":true,"href":"https:\/\/koraledetale.pl\/index.php?rest_route=%2Fwp%2Fv2%2Fcomments&post=7849"}],"wp:featuredmedia":[{"embeddable":true,"href":"https:\/\/koraledetale.pl\/index.php?rest_route=\/wp\/v2\/media\/7850"}],"wp:attachment":[{"href":"https:\/\/koraledetale.pl\/index.php?rest_route=%2Fwp%2Fv2%2Fmedia&parent=7849"}],"wp:term":[{"taxonomy":"product_brand","embeddable":true,"href":"https:\/\/koraledetale.pl\/index.php?rest_route=%2Fwp%2Fv2%2Fproduct_brand&post=7849"},{"taxonomy":"product_cat","embeddable":true,"href":"https:\/\/koraledetale.pl\/index.php?rest_route=%2Fwp%2Fv2%2Fproduct_cat&post=7849"},{"taxonomy":"product_tag","embeddable":true,"href":"https:\/\/koraledetale.pl\/index.php?rest_route=%2Fwp%2Fv2%2Fproduct_tag&post=7849"}],"curies":[{"name":"wp","href":"https:\/\/api.w.org\/{rel}","templated":true}]}}