{"id":7848,"date":"2025-09-29T11:53:22","date_gmt":"2025-09-29T11:53:22","guid":{"rendered":"https:\/\/koraledetale.pl\/?post_type=product&#038;p=7848"},"modified":"2025-09-29T12:02:42","modified_gmt":"2025-09-29T12:02:42","slug":"naszyjnik-zrodlo-z-labradorytami","status":"publish","type":"product","link":"https:\/\/koraledetale.pl\/?product=naszyjnik-zrodlo-z-labradorytami","title":{"rendered":"Naszyjnik \u0179R\u00d3D\u0141O z labradorytami"},"content":{"rendered":"<p>Wielko\u015b\u0107 kamieni:<\/p>\n<ul>\n<li>labradoryt \u2013 6\u00d74 mm i 14&#215;9,5&#215;9 mm,<\/li>\n<li>hematyt \u2013 4x 2,5 mm.<\/li>\n<\/ul>\n<p>D\u0142ugo\u015b\u0107 naszyjnika: 44\u201355 cm + zawieszka 2,5 cm.<\/p>\n<p>Wszystkie elementy metalowe wykonane s\u0105 z nieuczulaj\u0105cej stali szlachetnej w kolorze srebrnym.<\/p>\n","protected":false},"excerpt":{"rendered":"<p>Naszyjnik z oponkami czarnego labradorytu, przeplatanego grafitowymi hematytami, z pojedynczym, wi\u0119kszym labradorytem, oraz \u0142a\u0144cuchem o du\u017cych, pod\u0142u\u017cnych oczkach. \u0141a\u0144cuch pe\u0142ni r\u00f3wnie\u017c rol\u0119 przed\u0142u\u017cki, zako\u0144czonej du\u017c\u0105 zawieszk\u0105 z wyt\u0142oczonymi promieniami s\u0142o\u0144ca i czerwon\u0105 nitk\u0105 dla ochrony i szcz\u0119\u015bcia.<\/p>\n","protected":false},"featured_media":7846,"comment_status":"open","ping_status":"closed","template":"","meta":{"advanced_seo_description":"","jetpack_seo_html_title":"","jetpack_seo_noindex":false},"product_brand":[],"product_cat":[15],"product_tag":[2861,606,580,2862,2863,72],"class_list":{"0":"post-7848","1":"product","2":"type-product","3":"status-publish","4":"has-post-thumbnail","6":"product_cat-naszyjniki","7":"product_tag-czarny-labradoryt","8":"product_tag-czerwona-nitka","9":"product_tag-grafitowy-hematyt","10":"product_tag-naszyjnik-z-czarnymi-labradorytami-i-grafitowymi-hematytami","11":"product_tag-naszyjnik-z-grafitowymi-kamieniami-naturalnymi-i-zawieszka","12":"product_tag-zawieszka","14":"first","15":"instock","16":"shipping-taxable","17":"purchasable","18":"product-type-simple"},"jetpack_sharing_enabled":true,"_links":{"self":[{"href":"https:\/\/koraledetale.pl\/index.php?rest_route=\/wp\/v2\/product\/7848","targetHints":{"allow":["GET"]}}],"collection":[{"href":"https:\/\/koraledetale.pl\/index.php?rest_route=\/wp\/v2\/product"}],"about":[{"href":"https:\/\/koraledetale.pl\/index.php?rest_route=\/wp\/v2\/types\/product"}],"replies":[{"embeddable":true,"href":"https:\/\/koraledetale.pl\/index.php?rest_route=%2Fwp%2Fv2%2Fcomments&post=7848"}],"wp:featuredmedia":[{"embeddable":true,"href":"https:\/\/koraledetale.pl\/index.php?rest_route=\/wp\/v2\/media\/7846"}],"wp:attachment":[{"href":"https:\/\/koraledetale.pl\/index.php?rest_route=%2Fwp%2Fv2%2Fmedia&parent=7848"}],"wp:term":[{"taxonomy":"product_brand","embeddable":true,"href":"https:\/\/koraledetale.pl\/index.php?rest_route=%2Fwp%2Fv2%2Fproduct_brand&post=7848"},{"taxonomy":"product_cat","embeddable":true,"href":"https:\/\/koraledetale.pl\/index.php?rest_route=%2Fwp%2Fv2%2Fproduct_cat&post=7848"},{"taxonomy":"product_tag","embeddable":true,"href":"https:\/\/koraledetale.pl\/index.php?rest_route=%2Fwp%2Fv2%2Fproduct_tag&post=7848"}],"curies":[{"name":"wp","href":"https:\/\/api.w.org\/{rel}","templated":true}]}}