{"id":7837,"date":"2025-09-27T10:57:59","date_gmt":"2025-09-27T10:57:59","guid":{"rendered":"https:\/\/koraledetale.pl\/?post_type=product&#038;p=7837"},"modified":"2025-12-09T12:44:20","modified_gmt":"2025-12-09T12:44:20","slug":"kolczyki-supernowa-z-kamieniami-ksiezycowymi","status":"publish","type":"product","link":"https:\/\/koraledetale.pl\/?product=kolczyki-supernowa-z-kamieniami-ksiezycowymi","title":{"rendered":"Kolczyki SUPERNOVA z kamieniami ksi\u0119\u017cycowymi"},"content":{"rendered":"<p>Wielko\u015b\u0107 kamieni ksi\u0119\u017cycowych \u2013 12x6x4 mm.<\/p>\n<p>D\u0142ugo\u015b\u0107 kolczyk\u00f3w \u2013 5,3 cm i 5,4 cm.<\/p>\n<p>Wszystkie elementy metalowe wykonane s\u0105 z nieuczulaj\u0105cej stali szlachetnej w kolorze z\u0142otym.<\/p>\n<p>Kolczyki s\u0105 bezpieczne przy u\u017cywaniu zgodnie z ich zastosowaniem.<\/p>\n","protected":false},"excerpt":{"rendered":"<p>Asymetryczne kolczyki z kamieniami ksi\u0119\u017cycowymi w kszta\u0142cie migda\u0142u, z ksi\u0119\u017cycem i gwiazd\u0105, zawieszonymi na k\u00f3\u0142kach i otwartych biglach.<\/p>\n","protected":false},"featured_media":7831,"comment_status":"open","ping_status":"closed","template":"","meta":{"advanced_seo_description":"","jetpack_seo_html_title":"","jetpack_seo_noindex":false},"product_brand":[],"product_cat":[229],"product_tag":[2858,2066,1116,64,2859,501,2860],"class_list":{"0":"post-7837","1":"product","2":"type-product","3":"status-publish","4":"has-post-thumbnail","6":"product_cat-sprzedane","7":"product_tag-asymetryczne-kolczyki-z-kamieniami-ksiezycowymi","8":"product_tag-asymetryczne-kolczyki-z-kamieniami-naturalnymi","9":"product_tag-gwiazda","10":"product_tag-kamien-ksiezycowy","11":"product_tag-kolczyki-z-ksiezycem-i-gwiazda-oraz-kamieniami-ksiezycowymi","12":"product_tag-ksiezyc","13":"product_tag-ksiezycowy","15":"first","16":"outofstock","17":"shipping-taxable","18":"purchasable","19":"product-type-simple"},"jetpack_sharing_enabled":true,"_links":{"self":[{"href":"https:\/\/koraledetale.pl\/index.php?rest_route=\/wp\/v2\/product\/7837","targetHints":{"allow":["GET"]}}],"collection":[{"href":"https:\/\/koraledetale.pl\/index.php?rest_route=\/wp\/v2\/product"}],"about":[{"href":"https:\/\/koraledetale.pl\/index.php?rest_route=\/wp\/v2\/types\/product"}],"replies":[{"embeddable":true,"href":"https:\/\/koraledetale.pl\/index.php?rest_route=%2Fwp%2Fv2%2Fcomments&post=7837"}],"wp:featuredmedia":[{"embeddable":true,"href":"https:\/\/koraledetale.pl\/index.php?rest_route=\/wp\/v2\/media\/7831"}],"wp:attachment":[{"href":"https:\/\/koraledetale.pl\/index.php?rest_route=%2Fwp%2Fv2%2Fmedia&parent=7837"}],"wp:term":[{"taxonomy":"product_brand","embeddable":true,"href":"https:\/\/koraledetale.pl\/index.php?rest_route=%2Fwp%2Fv2%2Fproduct_brand&post=7837"},{"taxonomy":"product_cat","embeddable":true,"href":"https:\/\/koraledetale.pl\/index.php?rest_route=%2Fwp%2Fv2%2Fproduct_cat&post=7837"},{"taxonomy":"product_tag","embeddable":true,"href":"https:\/\/koraledetale.pl\/index.php?rest_route=%2Fwp%2Fv2%2Fproduct_tag&post=7837"}],"curies":[{"name":"wp","href":"https:\/\/api.w.org\/{rel}","templated":true}]}}