{"id":7816,"date":"2025-09-25T13:28:27","date_gmt":"2025-09-25T13:28:27","guid":{"rendered":"https:\/\/koraledetale.pl\/?post_type=product&#038;p=7816"},"modified":"2026-03-03T14:02:26","modified_gmt":"2026-03-03T14:02:26","slug":"naszyjnik-unisex-z-turkusami-i-awenturynem","status":"publish","type":"product","link":"https:\/\/koraledetale.pl\/?product=naszyjnik-unisex-z-turkusami-i-awenturynem","title":{"rendered":"Naszyjnik UNISEX z turkusami i awenturynem"},"content":{"rendered":"<p>Wielko\u015b\u0107 kamieni:<\/p>\n<ul>\n<li>turkus \u2013 ok. 3\u00d73 mm i 25x15x15 mm (bry\u0142ka),<\/li>\n<li>awenturyn \u2013 ok. 13\u00d74 mm,<\/li>\n<li>hematyt \u2013 3\u00d72 mm.<\/li>\n<\/ul>\n<p>D\u0142ugo\u015b\u0107 naszyjnika \u2013 58 cm + zawieszka 3,5 cm (z k\u00f3\u0142kiem).<\/p>\n<p>Wszystkie elementy metalowe wykonane s\u0105 z nieuczulaj\u0105cej stali szlachetnej w kolorze srebrnym.<\/p>\n","protected":false},"excerpt":{"rendered":"<p>Naszyjnik z kr\u00f3tkimi wa\u0142eczkami turkusu, przeplatanymi srebrnymi hematytami, z d\u0142ugim wa\u0142eczkiem pomara\u0144czowego awenturynu, uzupe\u0142niony \u0142a\u0144cuchem o pod\u0142u\u017cnych oczkach, z zapi\u0119ciem z przodu, od kt\u00f3rego odchodzi du\u017ca bry\u0142ka turkusu.<\/p>\n","protected":false},"featured_media":7825,"comment_status":"open","ping_status":"closed","template":"","meta":{"advanced_seo_description":"","jetpack_seo_html_title":"","jetpack_seo_noindex":false},"product_brand":[],"product_cat":[229],"product_tag":[482,2851,2333,2849,26,105,2850],"class_list":{"0":"post-7816","1":"product","2":"type-product","3":"status-publish","4":"has-post-thumbnail","6":"product_cat-sprzedane","7":"product_tag-awenturyn","8":"product_tag-naszyjnik-dla-niej-i-dla-niego","9":"product_tag-naszyjnik-z-niebieskimi-kamieniami-naturalnymi","10":"product_tag-naszyjnik-z-turkusami-i-awenturynem","11":"product_tag-srebrny-hematyt","12":"product_tag-turkus","13":"product_tag-lancuszek-z-turkusami-i-awenturynem","15":"first","16":"outofstock","17":"shipping-taxable","18":"purchasable","19":"product-type-simple"},"jetpack_sharing_enabled":true,"_links":{"self":[{"href":"https:\/\/koraledetale.pl\/index.php?rest_route=\/wp\/v2\/product\/7816","targetHints":{"allow":["GET"]}}],"collection":[{"href":"https:\/\/koraledetale.pl\/index.php?rest_route=\/wp\/v2\/product"}],"about":[{"href":"https:\/\/koraledetale.pl\/index.php?rest_route=\/wp\/v2\/types\/product"}],"replies":[{"embeddable":true,"href":"https:\/\/koraledetale.pl\/index.php?rest_route=%2Fwp%2Fv2%2Fcomments&post=7816"}],"wp:featuredmedia":[{"embeddable":true,"href":"https:\/\/koraledetale.pl\/index.php?rest_route=\/wp\/v2\/media\/7825"}],"wp:attachment":[{"href":"https:\/\/koraledetale.pl\/index.php?rest_route=%2Fwp%2Fv2%2Fmedia&parent=7816"}],"wp:term":[{"taxonomy":"product_brand","embeddable":true,"href":"https:\/\/koraledetale.pl\/index.php?rest_route=%2Fwp%2Fv2%2Fproduct_brand&post=7816"},{"taxonomy":"product_cat","embeddable":true,"href":"https:\/\/koraledetale.pl\/index.php?rest_route=%2Fwp%2Fv2%2Fproduct_cat&post=7816"},{"taxonomy":"product_tag","embeddable":true,"href":"https:\/\/koraledetale.pl\/index.php?rest_route=%2Fwp%2Fv2%2Fproduct_tag&post=7816"}],"curies":[{"name":"wp","href":"https:\/\/api.w.org\/{rel}","templated":true}]}}