{"id":7804,"date":"2025-09-21T17:33:48","date_gmt":"2025-09-21T17:33:48","guid":{"rendered":"https:\/\/koraledetale.pl\/?post_type=product&#038;p=7804"},"modified":"2025-09-26T09:19:08","modified_gmt":"2025-09-26T09:19:08","slug":"naszyjnik-doskonaly-z-perlami-i-kolorowymi-kamieniami-naturalnymi","status":"publish","type":"product","link":"https:\/\/koraledetale.pl\/?product=naszyjnik-doskonaly-z-perlami-i-kolorowymi-kamieniami-naturalnymi","title":{"rendered":"Naszyjnik DOSKONA\u0141Y z per\u0142ami i kolorowymi kamieniami naturalnymi"},"content":{"rendered":"<p>Wielko\u015b\u0107 kamieni:<\/p>\n<ul>\n<li>per\u0142y \u2013 ok. 7,5\u00d76 mm,<\/li>\n<li>kianit &#8211; ok. 11&#215;6 mm,<\/li>\n<li>kwarc truskawkowy &#8211; 11,5&#215;12,5&#215;4,5 mm<\/li>\n<li>akwamaryn &#8211; 5&#215;5 mm,<\/li>\n<li>kwarc dymny &#8211; 12x9x8 mm,<\/li>\n<li>kamie\u0144 s\u0142oneczny &#8211;\u00a0 5,5&#215;4 mm,<\/li>\n<li>frenit &#8211; 8&#215;6 mm,<\/li>\n<li>opal &#8211; 9&#215;5 mm,<\/li>\n<li>fluoryt &#8211; 4,5&#215;4,5 mm,<\/li>\n<li>chalcedon &#8211; 11&#215;9,5&#215;6,5 mm,<\/li>\n<li>hematyt \u2013 2&#215;1 mm, 3&#215;1,5 mm i 2 mm.<\/li>\n<\/ul>\n<p>D\u0142ugo\u015b\u0107 naszyjnika &#8211; 62 cm + zawieszka 3,1 cm (z karabi\u0144czykiem).<\/p>\n<p>Kamienie zasupe\u0142kowane s\u0105 na jasnobr\u0105zowej, mocnej nici jubilerskiej.<\/p>\n<p>Wszystkie elementy metalowe wykonane s\u0105 z nieuczulaj\u0105cej stali szlachetnej w kolorze z\u0142otym.<\/p>\n","protected":false},"excerpt":{"rendered":"<p>Unikalny, wyj\u0105tkowy naszyjnik z per\u0142ami w odcieniach r\u00f3\u017cu, be\u017cu i szaro\u015bci, przeplatanymi kolorowymi kamieniami: wa\u0142eczkami zielonego i b\u0142\u0119kitnego kianitu, kwarcem truskawkowym w kszta\u0142cie serca, kosteczkami b\u0142\u0119kitnego i niebieskiego akwamarynu, g\u0142adk\u0105 bry\u0142k\u0105 kwarcu dymnego, fasetowan\u0105 oponk\u0105 kamienia s\u0142onecznego, fasetowan\u0105 oliwk\u0105 frenitu, oponk\u0105 r\u00f3\u017cowego opalu i kosteczk\u0105 br\u0105zowego fluorytu, oraz z\u0142otymi hematytami. Zwie\u0144czeniem naszyjnika jest k\u00f3\u0142ko z (odpinan\u0105) zawieszk\u0105 &#8211; lunul\u0105 z \u0142ezk\u0105 b\u0142\u0119kitnego chalcedonu. Zawieszk\u0119 mo\u017cesz dopi\u0105\u0107 w dowolnym miejscu naszyjnika lub nosi\u0107 naszyjnik bez zawieszki. Po boku naszyjnika jest jeszcze jedna zawieszka &#8211; ma\u0142a gwiazdka.<\/p>\n","protected":false},"featured_media":7805,"comment_status":"open","ping_status":"closed","template":"","meta":{"advanced_seo_description":"","jetpack_seo_html_title":"","jetpack_seo_noindex":false},"product_brand":[],"product_cat":[229],"product_tag":[93,439,24,125,323,63,58,757,2845,2846,2847],"class_list":{"0":"post-7804","1":"product","2":"type-product","3":"status-publish","4":"has-post-thumbnail","6":"product_cat-sprzedane","7":"product_tag-akwamaryn","8":"product_tag-chalcedon","9":"product_tag-fluoryt","10":"product_tag-frenit","11":"product_tag-kianit","12":"product_tag-kwarc-dymny","13":"product_tag-kwarc-truskawkowy","14":"product_tag-lunula","15":"product_tag-naszyjnik-z-kolorowymi-kamieniami-naturalnymi-i-lunula","16":"product_tag-naszyjnik-z-kolorowymi-perlami-i-odpinana-zawieszka","17":"product_tag-perlam-opal","19":"first","20":"outofstock","21":"shipping-taxable","22":"purchasable","23":"product-type-simple"},"jetpack_sharing_enabled":true,"_links":{"self":[{"href":"https:\/\/koraledetale.pl\/index.php?rest_route=\/wp\/v2\/product\/7804","targetHints":{"allow":["GET"]}}],"collection":[{"href":"https:\/\/koraledetale.pl\/index.php?rest_route=\/wp\/v2\/product"}],"about":[{"href":"https:\/\/koraledetale.pl\/index.php?rest_route=\/wp\/v2\/types\/product"}],"replies":[{"embeddable":true,"href":"https:\/\/koraledetale.pl\/index.php?rest_route=%2Fwp%2Fv2%2Fcomments&post=7804"}],"wp:featuredmedia":[{"embeddable":true,"href":"https:\/\/koraledetale.pl\/index.php?rest_route=\/wp\/v2\/media\/7805"}],"wp:attachment":[{"href":"https:\/\/koraledetale.pl\/index.php?rest_route=%2Fwp%2Fv2%2Fmedia&parent=7804"}],"wp:term":[{"taxonomy":"product_brand","embeddable":true,"href":"https:\/\/koraledetale.pl\/index.php?rest_route=%2Fwp%2Fv2%2Fproduct_brand&post=7804"},{"taxonomy":"product_cat","embeddable":true,"href":"https:\/\/koraledetale.pl\/index.php?rest_route=%2Fwp%2Fv2%2Fproduct_cat&post=7804"},{"taxonomy":"product_tag","embeddable":true,"href":"https:\/\/koraledetale.pl\/index.php?rest_route=%2Fwp%2Fv2%2Fproduct_tag&post=7804"}],"curies":[{"name":"wp","href":"https:\/\/api.w.org\/{rel}","templated":true}]}}