{"id":7782,"date":"2025-09-19T07:12:21","date_gmt":"2025-09-19T07:12:21","guid":{"rendered":"https:\/\/koraledetale.pl\/?post_type=product&#038;p=7782"},"modified":"2026-03-07T07:56:22","modified_gmt":"2026-03-07T07:56:22","slug":"naszyjnik-miriam-z-czarnymi-turmalinami-i-diopsydami","status":"publish","type":"product","link":"https:\/\/koraledetale.pl\/?product=naszyjnik-miriam-z-czarnymi-turmalinami-i-diopsydami","title":{"rendered":"Naszyjnik MIRIAM z czarnymi turmalinami i diopsydami"},"content":{"rendered":"<p>Wielko\u015b\u0107 kamieni:<\/p>\n<ul>\n<li>czarny turmalin \u2013 4 mm,<\/li>\n<li>diopsyd &#8211; 4,7&#215;3 mm,<\/li>\n<li>hematyt \u2013 2 mm.<\/li>\n<\/ul>\n<p>D\u0142ugo\u015b\u0107 naszyjnika:\u00a0 47 -52 cm.<\/p>\n<p>Kamienie zasupe\u0142kowane s\u0105 na zielonej, mocnej nici jubilerskiej.<\/p>\n<p>Wszystkie elementy metalowe wykonane s\u0105 z nieuczulaj\u0105cej stali szlachetnej w kolorze z\u0142otym.<\/p>\n<p>Bransoletka jest bezpieczna przy u\u017cywaniu zgodnie z jej zastosowaniem.<\/p>\n","protected":false},"excerpt":{"rendered":"<p>Naszyjnik z czarnymi turmalinami, z wplecionymi diopsydami i z\u0142otymi hematytami. Zwie\u0144czeniem naszyjnika jest zawieszka &#8211; hamsa z symbolem trzeciego oka.<\/p>\n","protected":false},"featured_media":7784,"comment_status":"open","ping_status":"closed","template":"","meta":{"advanced_seo_description":"","jetpack_seo_html_title":"","jetpack_seo_noindex":false},"product_brand":[],"product_cat":[229],"product_tag":[288,29,33,2840,2839,2841,2044],"class_list":{"0":"post-7782","1":"product","2":"type-product","3":"status-publish","4":"has-post-thumbnail","6":"product_cat-sprzedane","7":"product_tag-czarny-turmalin","8":"product_tag-diopsyd","9":"product_tag-hamsa","10":"product_tag-naszyjnik-ochronny-z-czarnymi-turmalinami","11":"product_tag-naszyjnik-z-czarnymi-turmalinami-i-diopsydami-oraz-hamsa","12":"product_tag-ochronny-naszyjnik-z-czarnymi-kamieniami-naturalnymi","13":"product_tag-trzecie-oko","15":"first","16":"outofstock","17":"shipping-taxable","18":"purchasable","19":"product-type-simple"},"jetpack_sharing_enabled":true,"_links":{"self":[{"href":"https:\/\/koraledetale.pl\/index.php?rest_route=\/wp\/v2\/product\/7782","targetHints":{"allow":["GET"]}}],"collection":[{"href":"https:\/\/koraledetale.pl\/index.php?rest_route=\/wp\/v2\/product"}],"about":[{"href":"https:\/\/koraledetale.pl\/index.php?rest_route=\/wp\/v2\/types\/product"}],"replies":[{"embeddable":true,"href":"https:\/\/koraledetale.pl\/index.php?rest_route=%2Fwp%2Fv2%2Fcomments&post=7782"}],"wp:featuredmedia":[{"embeddable":true,"href":"https:\/\/koraledetale.pl\/index.php?rest_route=\/wp\/v2\/media\/7784"}],"wp:attachment":[{"href":"https:\/\/koraledetale.pl\/index.php?rest_route=%2Fwp%2Fv2%2Fmedia&parent=7782"}],"wp:term":[{"taxonomy":"product_brand","embeddable":true,"href":"https:\/\/koraledetale.pl\/index.php?rest_route=%2Fwp%2Fv2%2Fproduct_brand&post=7782"},{"taxonomy":"product_cat","embeddable":true,"href":"https:\/\/koraledetale.pl\/index.php?rest_route=%2Fwp%2Fv2%2Fproduct_cat&post=7782"},{"taxonomy":"product_tag","embeddable":true,"href":"https:\/\/koraledetale.pl\/index.php?rest_route=%2Fwp%2Fv2%2Fproduct_tag&post=7782"}],"curies":[{"name":"wp","href":"https:\/\/api.w.org\/{rel}","templated":true}]}}