{"id":7771,"date":"2025-09-16T09:52:07","date_gmt":"2025-09-16T09:52:07","guid":{"rendered":"https:\/\/koraledetale.pl\/?post_type=product&#038;p=7771"},"modified":"2025-12-05T15:37:14","modified_gmt":"2025-12-05T15:37:14","slug":"kolczyki-kwiat-lotosu-z-labradorytami","status":"publish","type":"product","link":"https:\/\/koraledetale.pl\/?product=kolczyki-kwiat-lotosu-z-labradorytami","title":{"rendered":"Kolczyki KWIAT LOTOSU z labradorytami"},"content":{"rendered":"<p>Wielko\u015b\u0107 labradoryt\u00f3w \u2013 ok. 15\u00d78\u00d75 mm.<\/p>\n<p>D\u0142ugo\u015b\u0107 kolczyk\u00f3w \u2013 4,8 cm.<\/p>\n<p>Wszystkie elementy metalowe wykonane s\u0105 z nieuczulaj\u0105cej stali szlachetnej w kolorze srebrnym.<\/p>\n<p>Kolczyki s\u0105 bezpieczne przy u\u017cywaniu zgodnie z ich zastosowaniem.<\/p>\n","protected":false},"excerpt":{"rendered":"<p>D\u0142ugie kolczyki z kwiatem lotosu i labradorytem w kszta\u0142cie p\u00f3\u0142ksi\u0119\u017cyca, zawieszonymi na otwartych biglach.<\/p>\n","protected":false},"featured_media":7764,"comment_status":"open","ping_status":"closed","template":"","meta":{"advanced_seo_description":"","jetpack_seo_html_title":"","jetpack_seo_noindex":false},"product_brand":[],"product_cat":[229],"product_tag":[95,2831,2520,56],"class_list":{"0":"post-7771","1":"product","2":"type-product","3":"status-publish","4":"has-post-thumbnail","6":"product_cat-sprzedane","7":"product_tag-kolczyki-z-kamieniami-naturalnymi","8":"product_tag-kolczyki-z-kwiatem-lotosu-i-labradorytem","9":"product_tag-kwiat-lotosu","10":"product_tag-labradoryt","12":"first","13":"outofstock","14":"shipping-taxable","15":"purchasable","16":"product-type-simple"},"jetpack_sharing_enabled":true,"_links":{"self":[{"href":"https:\/\/koraledetale.pl\/index.php?rest_route=\/wp\/v2\/product\/7771","targetHints":{"allow":["GET"]}}],"collection":[{"href":"https:\/\/koraledetale.pl\/index.php?rest_route=\/wp\/v2\/product"}],"about":[{"href":"https:\/\/koraledetale.pl\/index.php?rest_route=\/wp\/v2\/types\/product"}],"replies":[{"embeddable":true,"href":"https:\/\/koraledetale.pl\/index.php?rest_route=%2Fwp%2Fv2%2Fcomments&post=7771"}],"wp:featuredmedia":[{"embeddable":true,"href":"https:\/\/koraledetale.pl\/index.php?rest_route=\/wp\/v2\/media\/7764"}],"wp:attachment":[{"href":"https:\/\/koraledetale.pl\/index.php?rest_route=%2Fwp%2Fv2%2Fmedia&parent=7771"}],"wp:term":[{"taxonomy":"product_brand","embeddable":true,"href":"https:\/\/koraledetale.pl\/index.php?rest_route=%2Fwp%2Fv2%2Fproduct_brand&post=7771"},{"taxonomy":"product_cat","embeddable":true,"href":"https:\/\/koraledetale.pl\/index.php?rest_route=%2Fwp%2Fv2%2Fproduct_cat&post=7771"},{"taxonomy":"product_tag","embeddable":true,"href":"https:\/\/koraledetale.pl\/index.php?rest_route=%2Fwp%2Fv2%2Fproduct_tag&post=7771"}],"curies":[{"name":"wp","href":"https:\/\/api.w.org\/{rel}","templated":true}]}}