{"id":774,"date":"2021-06-24T15:53:45","date_gmt":"2021-06-24T15:53:45","guid":{"rendered":"https:\/\/koraledetale.pl\/?post_type=product&#038;p=774"},"modified":"2024-11-11T11:14:36","modified_gmt":"2024-11-11T11:14:36","slug":"bransoletka-na-kostke","status":"publish","type":"product","link":"https:\/\/koraledetale.pl\/?product=bransoletka-na-kostke","title":{"rendered":"Bransoletka na kostk\u0119"},"content":{"rendered":"<p>Wielko\u015b\u0107 kamieni:<\/p>\n<ul>\n<li>magnezyt &#8211; 2 mm,<\/li>\n<li>hematyt &#8211; 2 mm.<\/li>\n<\/ul>\n<p>Wielko\u015b\u0107 zawieszki &#8211; 9&#215;8 mm.<\/p>\n<p>D\u0142ugo\u015b\u0107 bransoletki: 22-32 cm.<\/p>\n","protected":false},"excerpt":{"rendered":"<p>Bransoletka na kostk\u0119 z drobnych magnezyt\u00f3w i z\u0142otych hematyt\u00f3w, zasupe\u0142kowanych na czerwonej, mocnej nici jubilerskiej. Letniego akcentu bransoletce dodaje zawieszka &#8211; rozgwiazda ze stali chirurgicznej (szlachetnej). Bransoletka posiada \u0142atw\u0105 regulacj\u0119 d\u0142ugo\u015bci (przez przeci\u0105gni\u0119cie sznurk\u00f3w przez w\u0119ze\u0142 makramowy).<\/p>\n","protected":false},"featured_media":775,"comment_status":"open","ping_status":"closed","template":"","meta":{"advanced_seo_description":"","jetpack_seo_html_title":"","jetpack_seo_noindex":false},"product_brand":[],"product_cat":[229],"product_tag":[325,326],"class_list":{"0":"post-774","1":"product","2":"type-product","3":"status-publish","4":"has-post-thumbnail","6":"product_cat-sprzedane","7":"product_tag-bransoletka-na-kostke-z-magnezytem","8":"product_tag-turkusowa-bransoletka-na-noge","10":"first","11":"outofstock","12":"shipping-taxable","13":"product-type-simple"},"jetpack_sharing_enabled":true,"_links":{"self":[{"href":"https:\/\/koraledetale.pl\/index.php?rest_route=\/wp\/v2\/product\/774","targetHints":{"allow":["GET"]}}],"collection":[{"href":"https:\/\/koraledetale.pl\/index.php?rest_route=\/wp\/v2\/product"}],"about":[{"href":"https:\/\/koraledetale.pl\/index.php?rest_route=\/wp\/v2\/types\/product"}],"replies":[{"embeddable":true,"href":"https:\/\/koraledetale.pl\/index.php?rest_route=%2Fwp%2Fv2%2Fcomments&post=774"}],"wp:featuredmedia":[{"embeddable":true,"href":"https:\/\/koraledetale.pl\/index.php?rest_route=\/wp\/v2\/media\/775"}],"wp:attachment":[{"href":"https:\/\/koraledetale.pl\/index.php?rest_route=%2Fwp%2Fv2%2Fmedia&parent=774"}],"wp:term":[{"taxonomy":"product_brand","embeddable":true,"href":"https:\/\/koraledetale.pl\/index.php?rest_route=%2Fwp%2Fv2%2Fproduct_brand&post=774"},{"taxonomy":"product_cat","embeddable":true,"href":"https:\/\/koraledetale.pl\/index.php?rest_route=%2Fwp%2Fv2%2Fproduct_cat&post=774"},{"taxonomy":"product_tag","embeddable":true,"href":"https:\/\/koraledetale.pl\/index.php?rest_route=%2Fwp%2Fv2%2Fproduct_tag&post=774"}],"curies":[{"name":"wp","href":"https:\/\/api.w.org\/{rel}","templated":true}]}}