{"id":7730,"date":"2025-09-09T12:38:10","date_gmt":"2025-09-09T12:38:10","guid":{"rendered":"https:\/\/koraledetale.pl\/?post_type=product&#038;p=7730"},"modified":"2025-10-19T08:53:35","modified_gmt":"2025-10-19T08:53:35","slug":"kolczyki-fala-uczuc-z-labradorytami","status":"publish","type":"product","link":"https:\/\/koraledetale.pl\/?product=kolczyki-fala-uczuc-z-labradorytami","title":{"rendered":"Kolczyki FALA UCZU\u0106 z labradorytami"},"content":{"rendered":"<p>Wielko\u015b\u0107 labradoryt\u00f3w \u2013 16\u00d710,5\u00d76,5 mm i 15,5x10x5,5 mm.<\/p>\n<p>D\u0142ugo\u015b\u0107 kolczyk\u00f3w: 5,6 i 3,7 cm.<\/p>\n<p>Wszystkie elementy metalowe wykonane s\u0105 z nieuczulaj\u0105cej stali szlachetnej.<\/p>\n<p>Kolczyki s\u0105 bezpieczne przy u\u017cywaniu zgodnie z ich zastosowaniem.<\/p>\n","protected":false},"excerpt":{"rendered":"<p>Asymetryczne kolczyki z pod\u0142u\u017cnymi labradorytami o zielono-niebiesko-pomara\u0144czowej zorzy, zawieszonymi na okr\u0105g\u0142ych biglach (typu kajdanki).<\/p>\n","protected":false},"featured_media":7724,"comment_status":"open","ping_status":"closed","template":"","meta":{"advanced_seo_description":"","jetpack_seo_html_title":"","jetpack_seo_noindex":false},"product_brand":[],"product_cat":[229],"product_tag":[2066,2824,56],"class_list":{"0":"post-7730","1":"product","2":"type-product","3":"status-publish","4":"has-post-thumbnail","6":"product_cat-sprzedane","7":"product_tag-asymetryczne-kolczyki-z-kamieniami-naturalnymi","8":"product_tag-asymetryczne-kolczyki-z-labradorytami","9":"product_tag-labradoryt","11":"first","12":"outofstock","13":"shipping-taxable","14":"purchasable","15":"product-type-simple"},"jetpack_sharing_enabled":true,"_links":{"self":[{"href":"https:\/\/koraledetale.pl\/index.php?rest_route=\/wp\/v2\/product\/7730","targetHints":{"allow":["GET"]}}],"collection":[{"href":"https:\/\/koraledetale.pl\/index.php?rest_route=\/wp\/v2\/product"}],"about":[{"href":"https:\/\/koraledetale.pl\/index.php?rest_route=\/wp\/v2\/types\/product"}],"replies":[{"embeddable":true,"href":"https:\/\/koraledetale.pl\/index.php?rest_route=%2Fwp%2Fv2%2Fcomments&post=7730"}],"wp:featuredmedia":[{"embeddable":true,"href":"https:\/\/koraledetale.pl\/index.php?rest_route=\/wp\/v2\/media\/7724"}],"wp:attachment":[{"href":"https:\/\/koraledetale.pl\/index.php?rest_route=%2Fwp%2Fv2%2Fmedia&parent=7730"}],"wp:term":[{"taxonomy":"product_brand","embeddable":true,"href":"https:\/\/koraledetale.pl\/index.php?rest_route=%2Fwp%2Fv2%2Fproduct_brand&post=7730"},{"taxonomy":"product_cat","embeddable":true,"href":"https:\/\/koraledetale.pl\/index.php?rest_route=%2Fwp%2Fv2%2Fproduct_cat&post=7730"},{"taxonomy":"product_tag","embeddable":true,"href":"https:\/\/koraledetale.pl\/index.php?rest_route=%2Fwp%2Fv2%2Fproduct_tag&post=7730"}],"curies":[{"name":"wp","href":"https:\/\/api.w.org\/{rel}","templated":true}]}}