{"id":7705,"date":"2025-09-03T08:57:03","date_gmt":"2025-09-03T08:57:03","guid":{"rendered":"https:\/\/koraledetale.pl\/?post_type=product&#038;p=7705"},"modified":"2025-09-17T16:28:21","modified_gmt":"2025-09-17T16:28:21","slug":"naszyjnik-magnetyzm-z-krysztalami-gorskimi-i-cytrynami","status":"publish","type":"product","link":"https:\/\/koraledetale.pl\/?product=naszyjnik-magnetyzm-z-krysztalami-gorskimi-i-cytrynami","title":{"rendered":"Naszyjnik MAGNETYZM z kryszta\u0142ami g\u00f3rskimi i cytrynami"},"content":{"rendered":"<p>Wielko\u015b\u0107 kamieni:<\/p>\n<ul>\n<li>kryszta\u0142 g\u00f3rski &#8211; ok 4-8\u00d71-3 mm<\/li>\n<li>cytryn \u2013 6\u00d73,5 mm (oponka), 29&#215;13,5\u00d711 mm (zawieszka),<\/li>\n<li>hematyt \u2013 2,1 mm i 2 mm.<\/li>\n<\/ul>\n<p>D\u0142ugo\u015b\u0107 naszyjnika:\u00a0 47 cm + zawieszka 2,5 cm.<\/p>\n<p>Wszystkie elementy metalowe wykonane s\u0105 z nieuczulaj\u0105cej stali szlachetnej.<\/p>\n<p>Naszyjnik jest bezpieczny przy u\u017cywaniu zgodnie z jego zastosowaniem.<\/p>\n","protected":false},"excerpt":{"rendered":"<p>Naszyjnik z nieregularnych kryszta\u0142\u00f3w g\u00f3rskich, przeplatanych z\u0142otymi hematytami\u00a0 oraz oponkami cytrynu, z zapi\u0119ciem z przodu, od kt\u00f3rego dochodzi zawieszka z owalnym cytrynem.<\/p>\n","protected":false},"featured_media":7706,"comment_status":"open","ping_status":"closed","template":"","meta":{"advanced_seo_description":"","jetpack_seo_html_title":"","jetpack_seo_noindex":false},"product_brand":[],"product_cat":[229],"product_tag":[193,702,2819,2818,31],"class_list":{"0":"post-7705","1":"product","2":"type-product","3":"status-publish","4":"has-post-thumbnail","6":"product_cat-sprzedane","7":"product_tag-cytryn","8":"product_tag-krysztal-gorski","9":"product_tag-naszyjnik-ochronny-z-kamieniami-naturalnymi","10":"product_tag-naszyjnik-z-krysztalami-gorskimi-i-cytrynami","11":"product_tag-zloty-hematyt","13":"first","14":"outofstock","15":"shipping-taxable","16":"purchasable","17":"product-type-simple"},"jetpack_sharing_enabled":true,"_links":{"self":[{"href":"https:\/\/koraledetale.pl\/index.php?rest_route=\/wp\/v2\/product\/7705","targetHints":{"allow":["GET"]}}],"collection":[{"href":"https:\/\/koraledetale.pl\/index.php?rest_route=\/wp\/v2\/product"}],"about":[{"href":"https:\/\/koraledetale.pl\/index.php?rest_route=\/wp\/v2\/types\/product"}],"replies":[{"embeddable":true,"href":"https:\/\/koraledetale.pl\/index.php?rest_route=%2Fwp%2Fv2%2Fcomments&post=7705"}],"wp:featuredmedia":[{"embeddable":true,"href":"https:\/\/koraledetale.pl\/index.php?rest_route=\/wp\/v2\/media\/7706"}],"wp:attachment":[{"href":"https:\/\/koraledetale.pl\/index.php?rest_route=%2Fwp%2Fv2%2Fmedia&parent=7705"}],"wp:term":[{"taxonomy":"product_brand","embeddable":true,"href":"https:\/\/koraledetale.pl\/index.php?rest_route=%2Fwp%2Fv2%2Fproduct_brand&post=7705"},{"taxonomy":"product_cat","embeddable":true,"href":"https:\/\/koraledetale.pl\/index.php?rest_route=%2Fwp%2Fv2%2Fproduct_cat&post=7705"},{"taxonomy":"product_tag","embeddable":true,"href":"https:\/\/koraledetale.pl\/index.php?rest_route=%2Fwp%2Fv2%2Fproduct_tag&post=7705"}],"curies":[{"name":"wp","href":"https:\/\/api.w.org\/{rel}","templated":true}]}}