{"id":7703,"date":"2025-08-31T12:23:57","date_gmt":"2025-08-31T12:23:57","guid":{"rendered":"https:\/\/koraledetale.pl\/?post_type=product&#038;p=7703"},"modified":"2025-12-30T16:11:53","modified_gmt":"2025-12-30T16:11:53","slug":"naszyjnik-anielski-z-hematytami-i-muszla","status":"publish","type":"product","link":"https:\/\/koraledetale.pl\/?product=naszyjnik-anielski-z-hematytami-i-muszla","title":{"rendered":"Naszyjnik ANIELSKI z hematytami i muszl\u0105"},"content":{"rendered":"<p>Wielko\u015b\u0107 kamieni:<\/p>\n<ul>\n<li>hematyt \u2013 4 mm i 2 mm,<\/li>\n<li>muszla &#8211; 42x20x4 mm (mierzona w najszerszych miejscach).<\/li>\n<\/ul>\n<p>D\u0142ugo\u015b\u0107 naszyjnika \u2013 90 cm + zawieszka z k\u00f3\u0142kiem &#8211; 6,7 cm.<\/p>\n<p>Wszystkie elementy metalowe wykonane s\u0105 z nieuczulaj\u0105cej stali szlachetnej w kolorze z\u0142otym.<\/p>\n<p>Naszyjnik jest bezpieczny przy u\u017cywaniu zgodnie z jego zastosowaniem.<\/p>\n","protected":false},"excerpt":{"rendered":"<p>D\u0142ugi naszyjnik z hematytami &#8211; szarymi i z\u0142otymi, zwie\u0144czony k\u00f3\u0142kiem o m\u0142otkowanej fakturze, od kt\u00f3rego odchodz\u0105 dwie zawieszki w kszta\u0142cie anielskich skrzyde\u0142 (wi\u0119ksze wykrojone jest z muszli).<\/p>\n","protected":false},"featured_media":7700,"comment_status":"open","ping_status":"closed","template":"","meta":{"advanced_seo_description":"","jetpack_seo_html_title":"","jetpack_seo_noindex":false},"product_brand":[],"product_cat":[229],"product_tag":[2815,2817,2814,2816,67,989,1166],"class_list":{"0":"post-7703","1":"product","2":"type-product","3":"status-publish","4":"has-post-thumbnail","6":"product_cat-sprzedane","7":"product_tag-dlugi-naszyjnik-z-anielskimi-skrzydlami","8":"product_tag-dlugi-naszyjnik-z-hematytami-i-zawieszkami","9":"product_tag-dlugi-naszyjnik-z-szarymi-i-zlotymi-hematytami","10":"product_tag-dlugi-naszyjnik-z-szarymi-kamieniami-naturalnymi","11":"product_tag-hematyt","12":"product_tag-muszla","13":"product_tag-skrzydlo-aniola","15":"first","16":"outofstock","17":"shipping-taxable","18":"purchasable","19":"product-type-simple"},"jetpack_sharing_enabled":true,"_links":{"self":[{"href":"https:\/\/koraledetale.pl\/index.php?rest_route=\/wp\/v2\/product\/7703","targetHints":{"allow":["GET"]}}],"collection":[{"href":"https:\/\/koraledetale.pl\/index.php?rest_route=\/wp\/v2\/product"}],"about":[{"href":"https:\/\/koraledetale.pl\/index.php?rest_route=\/wp\/v2\/types\/product"}],"replies":[{"embeddable":true,"href":"https:\/\/koraledetale.pl\/index.php?rest_route=%2Fwp%2Fv2%2Fcomments&post=7703"}],"wp:featuredmedia":[{"embeddable":true,"href":"https:\/\/koraledetale.pl\/index.php?rest_route=\/wp\/v2\/media\/7700"}],"wp:attachment":[{"href":"https:\/\/koraledetale.pl\/index.php?rest_route=%2Fwp%2Fv2%2Fmedia&parent=7703"}],"wp:term":[{"taxonomy":"product_brand","embeddable":true,"href":"https:\/\/koraledetale.pl\/index.php?rest_route=%2Fwp%2Fv2%2Fproduct_brand&post=7703"},{"taxonomy":"product_cat","embeddable":true,"href":"https:\/\/koraledetale.pl\/index.php?rest_route=%2Fwp%2Fv2%2Fproduct_cat&post=7703"},{"taxonomy":"product_tag","embeddable":true,"href":"https:\/\/koraledetale.pl\/index.php?rest_route=%2Fwp%2Fv2%2Fproduct_tag&post=7703"}],"curies":[{"name":"wp","href":"https:\/\/api.w.org\/{rel}","templated":true}]}}