{"id":7702,"date":"2025-08-31T12:05:03","date_gmt":"2025-08-31T12:05:03","guid":{"rendered":"https:\/\/koraledetale.pl\/?post_type=product&#038;p=7702"},"modified":"2025-09-08T08:27:00","modified_gmt":"2025-09-08T08:27:00","slug":"naszyjnik-powitanie-slonca-z-larimarami-labradorytami-i-perlami","status":"publish","type":"product","link":"https:\/\/koraledetale.pl\/?product=naszyjnik-powitanie-slonca-z-larimarami-labradorytami-i-perlami","title":{"rendered":"Naszyjnik POWITANIE S\u0141O\u0143CA z larimarami, labradorytami i per\u0142ami"},"content":{"rendered":"<p>Wielko\u015b\u0107 kamieni:<\/p>\n<ul>\n<li>larimar \u2013 4 mm i 3 mm,<\/li>\n<li>labradoryt &#8211; 4,5 mm i 9&#215;15\u00d75,5 mm (zawieszka),<\/li>\n<li>per\u0142a &#8211; ok. 6&#215;4 mm,<\/li>\n<li>hematyt \u2013 4\u00d72 mm, 2\u00d71 mm i 2 mm.<\/li>\n<\/ul>\n<p>Regulowana d\u0142ugo\u015b\u0107 naszyjnika w zakresie 41 \u2013 76 cm, poprzez przeci\u0105gniecie sznureczk\u00f3w przez koralik-stoper (ze stali szlachetnej) + zawieszka 1,75 cm.<\/p>\n<p>Kamienie zasupe\u0142kowane s\u0105 na szarym, jedwabnym sznureczku.<\/p>\n<p>Naszyjnik jest bezpieczny przy u\u017cywaniu zgodnie z jego zastosowaniem.<\/p>\n","protected":false},"excerpt":{"rendered":"<p>Jedwabny naszyjnik o regulowanej d\u0142ugo\u015bci, z larimarami, labradorytami i szarymi per\u0142ami, przeplatanymi z\u0142otymi hematytami, zwie\u0144czony zawieszk\u0105 z labradorytu. Mo\u017cesz go nosi\u0107 jako kr\u00f3tki lub d\u0142u\u017cszy, w zale\u017cno\u015bci od potrzeb.<\/p>\n","protected":false},"featured_media":7691,"comment_status":"open","ping_status":"closed","template":"","meta":{"advanced_seo_description":"","jetpack_seo_html_title":"","jetpack_seo_noindex":false},"product_brand":[],"product_cat":[229],"product_tag":[2813,56,488,2812,2811,61],"class_list":{"0":"post-7702","1":"product","2":"type-product","3":"status-publish","4":"has-post-thumbnail","6":"product_cat-sprzedane","7":"product_tag-jedwabny-sznurek","8":"product_tag-labradoryt","9":"product_tag-larimar","10":"product_tag-naszyjnik-na-jedwabnym-sznureczku-z-blekitnymi-i-szarymi-kamieniami-naturalnymi","11":"product_tag-regulowany-naszyjnik-z-larimarami-labradorytami-i-szarymi-perlami","12":"product_tag-szara-perla","14":"first","15":"outofstock","16":"shipping-taxable","17":"purchasable","18":"product-type-simple"},"jetpack_sharing_enabled":true,"_links":{"self":[{"href":"https:\/\/koraledetale.pl\/index.php?rest_route=\/wp\/v2\/product\/7702","targetHints":{"allow":["GET"]}}],"collection":[{"href":"https:\/\/koraledetale.pl\/index.php?rest_route=\/wp\/v2\/product"}],"about":[{"href":"https:\/\/koraledetale.pl\/index.php?rest_route=\/wp\/v2\/types\/product"}],"replies":[{"embeddable":true,"href":"https:\/\/koraledetale.pl\/index.php?rest_route=%2Fwp%2Fv2%2Fcomments&post=7702"}],"wp:featuredmedia":[{"embeddable":true,"href":"https:\/\/koraledetale.pl\/index.php?rest_route=\/wp\/v2\/media\/7691"}],"wp:attachment":[{"href":"https:\/\/koraledetale.pl\/index.php?rest_route=%2Fwp%2Fv2%2Fmedia&parent=7702"}],"wp:term":[{"taxonomy":"product_brand","embeddable":true,"href":"https:\/\/koraledetale.pl\/index.php?rest_route=%2Fwp%2Fv2%2Fproduct_brand&post=7702"},{"taxonomy":"product_cat","embeddable":true,"href":"https:\/\/koraledetale.pl\/index.php?rest_route=%2Fwp%2Fv2%2Fproduct_cat&post=7702"},{"taxonomy":"product_tag","embeddable":true,"href":"https:\/\/koraledetale.pl\/index.php?rest_route=%2Fwp%2Fv2%2Fproduct_tag&post=7702"}],"curies":[{"name":"wp","href":"https:\/\/api.w.org\/{rel}","templated":true}]}}