{"id":770,"date":"2021-06-23T12:39:19","date_gmt":"2021-06-23T12:39:19","guid":{"rendered":"https:\/\/koraledetale.pl\/?post_type=product&#038;p=770"},"modified":"2024-11-11T11:14:54","modified_gmt":"2024-11-11T11:14:54","slug":"kolczyki-z-kianitami","status":"publish","type":"product","link":"https:\/\/koraledetale.pl\/?product=kolczyki-z-kianitami","title":{"rendered":"Kolczyki z kianitami"},"content":{"rendered":"<p>Wielko\u015b\u0107 kamieni:<\/p>\n<ul>\n<li>kianit \u2013 6&#215;6 mm,<\/li>\n<li>hematyt \u2013 2 mm i 3\u00d71 mm.<\/li>\n<\/ul>\n<p>\u015arednica k\u00f3\u0142ek &#8211; 1 cm.<\/p>\n<p>D\u0142ugo\u015b\u0107 kolczyk\u00f3w &#8211; 2,4 cm.<\/p>\n","protected":false},"excerpt":{"rendered":"<p>Malutkie k\u00f3\u0142ka z kostkami kianitu i z\u0142otymi hematytami. Kolczyki wykonane s\u0105 z nieuczulaj\u0105cej stali chirurgicznej (szlachetnej).<\/p>\n","protected":false},"featured_media":772,"comment_status":"open","ping_status":"closed","template":"","meta":{"advanced_seo_description":"","jetpack_seo_html_title":"","jetpack_seo_noindex":false},"product_brand":[],"product_cat":[229],"product_tag":[304,324,107,108],"class_list":{"0":"post-770","1":"product","2":"type-product","3":"status-publish","4":"has-post-thumbnail","6":"product_cat-sprzedane","7":"product_tag-kolczyki-z-kianitem","8":"product_tag-kolczyki-z-niebieskimi-kamieniami","9":"product_tag-kolczyki-ze-stali-chirurgicznej","10":"product_tag-kolczyki-ze-stali-szlachetnej","12":"first","13":"outofstock","14":"shipping-taxable","15":"product-type-simple"},"jetpack_sharing_enabled":true,"_links":{"self":[{"href":"https:\/\/koraledetale.pl\/index.php?rest_route=\/wp\/v2\/product\/770","targetHints":{"allow":["GET"]}}],"collection":[{"href":"https:\/\/koraledetale.pl\/index.php?rest_route=\/wp\/v2\/product"}],"about":[{"href":"https:\/\/koraledetale.pl\/index.php?rest_route=\/wp\/v2\/types\/product"}],"replies":[{"embeddable":true,"href":"https:\/\/koraledetale.pl\/index.php?rest_route=%2Fwp%2Fv2%2Fcomments&post=770"}],"wp:featuredmedia":[{"embeddable":true,"href":"https:\/\/koraledetale.pl\/index.php?rest_route=\/wp\/v2\/media\/772"}],"wp:attachment":[{"href":"https:\/\/koraledetale.pl\/index.php?rest_route=%2Fwp%2Fv2%2Fmedia&parent=770"}],"wp:term":[{"taxonomy":"product_brand","embeddable":true,"href":"https:\/\/koraledetale.pl\/index.php?rest_route=%2Fwp%2Fv2%2Fproduct_brand&post=770"},{"taxonomy":"product_cat","embeddable":true,"href":"https:\/\/koraledetale.pl\/index.php?rest_route=%2Fwp%2Fv2%2Fproduct_cat&post=770"},{"taxonomy":"product_tag","embeddable":true,"href":"https:\/\/koraledetale.pl\/index.php?rest_route=%2Fwp%2Fv2%2Fproduct_tag&post=770"}],"curies":[{"name":"wp","href":"https:\/\/api.w.org\/{rel}","templated":true}]}}