{"id":7690,"date":"2025-08-31T11:47:03","date_gmt":"2025-08-31T11:47:03","guid":{"rendered":"https:\/\/koraledetale.pl\/?post_type=product&#038;p=7690"},"modified":"2026-03-10T12:16:00","modified_gmt":"2026-03-10T12:16:00","slug":"naszyjnik-atlantyda-z-larimarami","status":"publish","type":"product","link":"https:\/\/koraledetale.pl\/?product=naszyjnik-atlantyda-z-larimarami","title":{"rendered":"Naszyjnik ATLANTYDA z larimarami"},"content":{"rendered":"<p>Wielko\u015b\u0107 kamieni:<\/p>\n<ul>\n<li>larimar \u2013 4 mm i 11\u00d76,5 mm (zawieszka),<\/li>\n<li>hematyt \u2013 4\u00d72 mm, 2\u00d71 mm i 2 mm.<\/li>\n<\/ul>\n<p>D\u0142ugo\u015b\u0107 naszyjnika:\u00a0 58 \u2013 64 cm + zawieszka 1,2 cm.<\/p>\n<p>Kamienie zasupe\u0142kowane s\u0105 na granatowej, mocnej nici jubilerskiej.<\/p>\n<p>Wszystkie elementy metalowe wykonane s\u0105 z nieuczulaj\u0105cej stali szlachetnej w kolorze z\u0142otym.<\/p>\n<p>Naszyjnik jest bezpieczny przy u\u017cywaniu zgodnie z jego zastosowaniem.<\/p>\n","protected":false},"excerpt":{"rendered":"<p>\u015aredniej d\u0142ugo\u015bci naszyjnik z larimarami, przeplatanymi z\u0142otymi hematytami, z zawieszk\u0105 &#8211; okr\u0105g\u0142ym larimarem. Naszyjnik wyko\u0144czony jest \u0142a\u0144cuszkiem z drobnymi kuleczkami.<\/p>\n","protected":false},"featured_media":7693,"comment_status":"open","ping_status":"closed","template":"","meta":{"advanced_seo_description":"","jetpack_seo_html_title":"","jetpack_seo_noindex":false},"product_brand":[],"product_cat":[229],"product_tag":[488,2662,2809,31,2810],"class_list":{"0":"post-7690","1":"product","2":"type-product","3":"status-publish","4":"has-post-thumbnail","6":"product_cat-sprzedane","7":"product_tag-larimar","8":"product_tag-naszyjnik-z-blekitnymi-kamieniami-naturalnymi","9":"product_tag-naszyjnik-z-larimarami","10":"product_tag-zloty-hematyt","11":"product_tag-lancuszek-z-larimarami","13":"first","14":"outofstock","15":"shipping-taxable","16":"purchasable","17":"product-type-simple"},"jetpack_sharing_enabled":true,"_links":{"self":[{"href":"https:\/\/koraledetale.pl\/index.php?rest_route=\/wp\/v2\/product\/7690","targetHints":{"allow":["GET"]}}],"collection":[{"href":"https:\/\/koraledetale.pl\/index.php?rest_route=\/wp\/v2\/product"}],"about":[{"href":"https:\/\/koraledetale.pl\/index.php?rest_route=\/wp\/v2\/types\/product"}],"replies":[{"embeddable":true,"href":"https:\/\/koraledetale.pl\/index.php?rest_route=%2Fwp%2Fv2%2Fcomments&post=7690"}],"wp:featuredmedia":[{"embeddable":true,"href":"https:\/\/koraledetale.pl\/index.php?rest_route=\/wp\/v2\/media\/7693"}],"wp:attachment":[{"href":"https:\/\/koraledetale.pl\/index.php?rest_route=%2Fwp%2Fv2%2Fmedia&parent=7690"}],"wp:term":[{"taxonomy":"product_brand","embeddable":true,"href":"https:\/\/koraledetale.pl\/index.php?rest_route=%2Fwp%2Fv2%2Fproduct_brand&post=7690"},{"taxonomy":"product_cat","embeddable":true,"href":"https:\/\/koraledetale.pl\/index.php?rest_route=%2Fwp%2Fv2%2Fproduct_cat&post=7690"},{"taxonomy":"product_tag","embeddable":true,"href":"https:\/\/koraledetale.pl\/index.php?rest_route=%2Fwp%2Fv2%2Fproduct_tag&post=7690"}],"curies":[{"name":"wp","href":"https:\/\/api.w.org\/{rel}","templated":true}]}}