{"id":7689,"date":"2025-08-29T09:39:54","date_gmt":"2025-08-29T09:39:54","guid":{"rendered":"https:\/\/koraledetale.pl\/?post_type=product&#038;p=7689"},"modified":"2025-09-07T08:29:05","modified_gmt":"2025-09-07T08:29:05","slug":"bransoletka-optymistyczna-z-lapis-lazuli","status":"publish","type":"product","link":"https:\/\/koraledetale.pl\/?product=bransoletka-optymistyczna-z-lapis-lazuli","title":{"rendered":"Bransoletka OCEANIA z lapis lazuli"},"content":{"rendered":"<p>Wielko\u015b\u0107 kamieni:<\/p>\n<ul>\n<li>lapis lazuli \u2013 9-11\u00d76 mm,<\/li>\n<li>hematyt \u2013 6\u00d74 mm i 3 mm.<\/li>\n<\/ul>\n<p>D\u0142ugo\u015b\u0107 bransoletki: 18-22 cm.<\/p>\n<p>Zawieszka &#8211; 2,3&#215;2 cm.<\/p>\n<p>Wszystkie elementy metalowe wykonane s\u0105 z nieuczulaj\u0105cej stali szlachetnej w kolorze z\u0142otym.<\/p>\n<p>Bransoletka jest bezpieczna przy u\u017cywaniu zgodnie z jej zastosowaniem.<\/p>\n","protected":false},"excerpt":{"rendered":"<p>Bransoletka z du\u017cymi wa\u0142eczkami lapis lazuli, przeplatanymi z\u0142otymi hematytami, oraz du\u017c\u0105, okr\u0105g\u0142\u0105 zawieszk\u0105.<\/p>\n","protected":false},"featured_media":7685,"comment_status":"open","ping_status":"closed","template":"","meta":{"advanced_seo_description":"","jetpack_seo_html_title":"","jetpack_seo_noindex":false},"product_brand":[],"product_cat":[229],"product_tag":[2808,2279,1409,31],"class_list":{"0":"post-7689","1":"product","2":"type-product","3":"status-publish","4":"has-post-thumbnail","6":"product_cat-sprzedane","7":"product_tag-bransoletka-z-lapis-lazuli-i-zawieszka","8":"product_tag-bransoletka-z-niebieskimi-kamieniami-naturalnymi","9":"product_tag-lapis-lazuli","10":"product_tag-zloty-hematyt","12":"first","13":"outofstock","14":"shipping-taxable","15":"purchasable","16":"product-type-simple"},"jetpack_sharing_enabled":true,"_links":{"self":[{"href":"https:\/\/koraledetale.pl\/index.php?rest_route=\/wp\/v2\/product\/7689","targetHints":{"allow":["GET"]}}],"collection":[{"href":"https:\/\/koraledetale.pl\/index.php?rest_route=\/wp\/v2\/product"}],"about":[{"href":"https:\/\/koraledetale.pl\/index.php?rest_route=\/wp\/v2\/types\/product"}],"replies":[{"embeddable":true,"href":"https:\/\/koraledetale.pl\/index.php?rest_route=%2Fwp%2Fv2%2Fcomments&post=7689"}],"wp:featuredmedia":[{"embeddable":true,"href":"https:\/\/koraledetale.pl\/index.php?rest_route=\/wp\/v2\/media\/7685"}],"wp:attachment":[{"href":"https:\/\/koraledetale.pl\/index.php?rest_route=%2Fwp%2Fv2%2Fmedia&parent=7689"}],"wp:term":[{"taxonomy":"product_brand","embeddable":true,"href":"https:\/\/koraledetale.pl\/index.php?rest_route=%2Fwp%2Fv2%2Fproduct_brand&post=7689"},{"taxonomy":"product_cat","embeddable":true,"href":"https:\/\/koraledetale.pl\/index.php?rest_route=%2Fwp%2Fv2%2Fproduct_cat&post=7689"},{"taxonomy":"product_tag","embeddable":true,"href":"https:\/\/koraledetale.pl\/index.php?rest_route=%2Fwp%2Fv2%2Fproduct_tag&post=7689"}],"curies":[{"name":"wp","href":"https:\/\/api.w.org\/{rel}","templated":true}]}}