{"id":7686,"date":"2025-08-29T09:32:26","date_gmt":"2025-08-29T09:32:26","guid":{"rendered":"https:\/\/koraledetale.pl\/?post_type=product&#038;p=7686"},"modified":"2025-09-10T13:22:35","modified_gmt":"2025-09-10T13:22:35","slug":"naszyjnik-optymistyczny-z-lapis-lazuli","status":"publish","type":"product","link":"https:\/\/koraledetale.pl\/?product=naszyjnik-optymistyczny-z-lapis-lazuli","title":{"rendered":"Naszyjnik OCEANIA z lapis lazuli"},"content":{"rendered":"<p>Wielko\u015b\u0107 kamieni:<\/p>\n<ul>\n<li>lapis lazuli \u2013 27-10&#215;6 mm,<\/li>\n<li>hematyt \u2013 6&#215;4 mm i 3 mm.<\/li>\n<\/ul>\n<p>D\u0142ugo\u015b\u0107 naszyjnika: 41 \u2013 50 cm + 3,2 cm zawieszka. Na zdj\u0119ciu naszyjnik zapi\u0119ty jest w ok. 1\/3 d\u0142ugo\u015bci przed\u0142u\u017cki.<\/p>\n<p>Wszystkie elementy metalowe wykonane s\u0105 z nieuczulaj\u0105cej stali szlachetnej w kolorze z\u0142otym.<\/p>\n<p>Naszyjnik jest bezpieczny przy u\u017cywaniu zgodnie z jego zastosowaniem.<\/p>\n","protected":false},"excerpt":{"rendered":"<p>Choker z du\u017cymi wa\u0142eczkami lapis lazuli, przeplatanymi z\u0142otymi hematytami, oraz du\u017c\u0105, okr\u0105g\u0142\u0105 zawieszk\u0105. Dzi\u0119ki 9-centymetrowej przed\u0142u\u017cce naszyjnik mo\u017cesz dopasowywa\u0107 do rodzaju dekoltu ka\u017cdej stylizacji.<\/p>\n","protected":false},"featured_media":7681,"comment_status":"open","ping_status":"closed","template":"","meta":{"advanced_seo_description":"","jetpack_seo_html_title":"","jetpack_seo_noindex":false},"product_brand":[],"product_cat":[229],"product_tag":[2807,1409,1418,2333,31],"class_list":{"0":"post-7686","1":"product","2":"type-product","3":"status-publish","4":"has-post-thumbnail","6":"product_cat-sprzedane","7":"product_tag-choker-z-lapis-lazuli","8":"product_tag-lapis-lazuli","9":"product_tag-naszyjnik-z-lapis-lazuli","10":"product_tag-naszyjnik-z-niebieskimi-kamieniami-naturalnymi","11":"product_tag-zloty-hematyt","13":"first","14":"outofstock","15":"shipping-taxable","16":"purchasable","17":"product-type-simple"},"jetpack_sharing_enabled":true,"_links":{"self":[{"href":"https:\/\/koraledetale.pl\/index.php?rest_route=\/wp\/v2\/product\/7686","targetHints":{"allow":["GET"]}}],"collection":[{"href":"https:\/\/koraledetale.pl\/index.php?rest_route=\/wp\/v2\/product"}],"about":[{"href":"https:\/\/koraledetale.pl\/index.php?rest_route=\/wp\/v2\/types\/product"}],"replies":[{"embeddable":true,"href":"https:\/\/koraledetale.pl\/index.php?rest_route=%2Fwp%2Fv2%2Fcomments&post=7686"}],"wp:featuredmedia":[{"embeddable":true,"href":"https:\/\/koraledetale.pl\/index.php?rest_route=\/wp\/v2\/media\/7681"}],"wp:attachment":[{"href":"https:\/\/koraledetale.pl\/index.php?rest_route=%2Fwp%2Fv2%2Fmedia&parent=7686"}],"wp:term":[{"taxonomy":"product_brand","embeddable":true,"href":"https:\/\/koraledetale.pl\/index.php?rest_route=%2Fwp%2Fv2%2Fproduct_brand&post=7686"},{"taxonomy":"product_cat","embeddable":true,"href":"https:\/\/koraledetale.pl\/index.php?rest_route=%2Fwp%2Fv2%2Fproduct_cat&post=7686"},{"taxonomy":"product_tag","embeddable":true,"href":"https:\/\/koraledetale.pl\/index.php?rest_route=%2Fwp%2Fv2%2Fproduct_tag&post=7686"}],"curies":[{"name":"wp","href":"https:\/\/api.w.org\/{rel}","templated":true}]}}