{"id":7666,"date":"2025-08-14T14:54:43","date_gmt":"2025-08-14T14:54:43","guid":{"rendered":"https:\/\/koraledetale.pl\/?post_type=product&#038;p=7666"},"modified":"2026-01-01T13:08:20","modified_gmt":"2026-01-01T13:08:20","slug":"naszyjnik-swiatynia-kobiecosci-z-ametystami","status":"publish","type":"product","link":"https:\/\/koraledetale.pl\/?product=naszyjnik-swiatynia-kobiecosci-z-ametystami","title":{"rendered":"Naszyjnik \u015aWI\u0104TYNIA KOBIECO\u015aCI z ametystami"},"content":{"rendered":"<p>Wielko\u015b\u0107 kamieni:<\/p>\n<ul>\n<li>ametyst \u2013 4\u00d73-3,5 mm i 11&#215;7,5 mm (kropla),<\/li>\n<li>hematyt \u2013 4\u00d72 mm, 2\u00d71 mm i 2 mm.<\/li>\n<\/ul>\n<p>D\u0142ugo\u015b\u0107 naszyjnika:\u00a0 46,5 &#8211; 51,5 cm.<\/p>\n<p>Kamienie zasupe\u0142kowane s\u0105 na fioletowej, mocnej nici jubilerskiej.<\/p>\n<p>Wszystkie elementy metalowe wykonane s\u0105 z nieuczulaj\u0105cej stali szlachetnej w kolorze z\u0142otym.<\/p>\n<p>Naszyjnik jest bezpieczny przy u\u017cywaniu zgodnie z jego zastosowaniem.<\/p>\n","protected":false},"excerpt":{"rendered":"<p>Naszyjnik z ciosanymi, cieniowanymi ametystami, przeplatanymi z\u0142otymi hematytami, zwie\u0144czony du\u017c\u0105, a\u017curow\u0105 lunul\u0105 z kropl\u0105 ametystu.<\/p>\n","protected":false},"featured_media":7654,"comment_status":"open","ping_status":"closed","template":"","meta":{"advanced_seo_description":"","jetpack_seo_html_title":"","jetpack_seo_noindex":false},"product_brand":[],"product_cat":[229],"product_tag":[38,757,2801,2802,31],"class_list":{"0":"post-7666","1":"product","2":"type-product","3":"status-publish","4":"has-post-thumbnail","6":"product_cat-sprzedane","7":"product_tag-ametyst","8":"product_tag-lunula","9":"product_tag-naszyjnik-z-cieniowanymi-ametystami-i-lunula","10":"product_tag-naszyjnik-z-fioletowymi-kamieniami-naturalnymi-i-lunula","11":"product_tag-zloty-hematyt","13":"first","14":"outofstock","15":"shipping-taxable","16":"purchasable","17":"product-type-simple"},"jetpack_sharing_enabled":true,"_links":{"self":[{"href":"https:\/\/koraledetale.pl\/index.php?rest_route=\/wp\/v2\/product\/7666","targetHints":{"allow":["GET"]}}],"collection":[{"href":"https:\/\/koraledetale.pl\/index.php?rest_route=\/wp\/v2\/product"}],"about":[{"href":"https:\/\/koraledetale.pl\/index.php?rest_route=\/wp\/v2\/types\/product"}],"replies":[{"embeddable":true,"href":"https:\/\/koraledetale.pl\/index.php?rest_route=%2Fwp%2Fv2%2Fcomments&post=7666"}],"wp:featuredmedia":[{"embeddable":true,"href":"https:\/\/koraledetale.pl\/index.php?rest_route=\/wp\/v2\/media\/7654"}],"wp:attachment":[{"href":"https:\/\/koraledetale.pl\/index.php?rest_route=%2Fwp%2Fv2%2Fmedia&parent=7666"}],"wp:term":[{"taxonomy":"product_brand","embeddable":true,"href":"https:\/\/koraledetale.pl\/index.php?rest_route=%2Fwp%2Fv2%2Fproduct_brand&post=7666"},{"taxonomy":"product_cat","embeddable":true,"href":"https:\/\/koraledetale.pl\/index.php?rest_route=%2Fwp%2Fv2%2Fproduct_cat&post=7666"},{"taxonomy":"product_tag","embeddable":true,"href":"https:\/\/koraledetale.pl\/index.php?rest_route=%2Fwp%2Fv2%2Fproduct_tag&post=7666"}],"curies":[{"name":"wp","href":"https:\/\/api.w.org\/{rel}","templated":true}]}}