{"id":7646,"date":"2025-08-07T09:24:07","date_gmt":"2025-08-07T09:24:07","guid":{"rendered":"https:\/\/koraledetale.pl\/?post_type=product&#038;p=7646"},"modified":"2025-08-07T09:24:07","modified_gmt":"2025-08-07T09:24:07","slug":"bransoletka-randka-z-krysztalem-gorskim","status":"publish","type":"product","link":"https:\/\/koraledetale.pl\/?product=bransoletka-randka-z-krysztalem-gorskim","title":{"rendered":"Bransoletka RANDKA z kryszta\u0142em g\u00f3rskim"},"content":{"rendered":"<p>Wielko\u015b\u0107 kamieni:<\/p>\n<ul>\n<li>kryszta\u0142 g\u00f3rski \u2013 4,5 mm i 10x11x6,5 (mierzona w najszerszych miejscach),<\/li>\n<li>hematyt \u2013 2&#215;1 i 2 mm.<\/li>\n<\/ul>\n<p>D\u0142ugo\u015b\u0107 bransoletki: 17 &#8211; 21,5 cm.<\/p>\n<p>Wszystkie elementy metalowe wykonane s\u0105 z nieuczulaj\u0105cej stali chirurgicznej szlachetnej w kolorze z\u0142otym.<\/p>\n<p>Bransoletka jest bezpieczna przy u\u017cywaniu zgodnie z jej zastosowaniem.<\/p>\n","protected":false},"excerpt":{"rendered":"<p>Bransoletka z kryszta\u0142ami g\u00f3rskimi, przeplatanymi z\u0142otymi hematytami, z k\u00f3\u0142kiem z zawieszkami: z kryszta\u0142ami g\u00f3rskimi &#8211; wi\u0119kszym, i mniejszym przy zwie\u0144czeniu przed\u0142u\u017cki.<\/p>\n","protected":false},"featured_media":7648,"comment_status":"open","ping_status":"closed","template":"","meta":{"advanced_seo_description":"","jetpack_seo_html_title":"","jetpack_seo_noindex":false},"product_brand":[],"product_cat":[17],"product_tag":[2018,2795,2796,2794,702],"class_list":{"0":"post-7646","1":"product","2":"type-product","3":"status-publish","4":"has-post-thumbnail","6":"product_cat-bransoletki","7":"product_tag-bransoletka-ochronna","8":"product_tag-bransoletka-oczyszczajaca","9":"product_tag-bransoletka-z-czystym-kwarcem","10":"product_tag-bransoletka-z-krysztalem-gorskim-i-zawieszkami","11":"product_tag-krysztal-gorski","13":"first","14":"instock","15":"shipping-taxable","16":"purchasable","17":"product-type-simple"},"jetpack_sharing_enabled":true,"_links":{"self":[{"href":"https:\/\/koraledetale.pl\/index.php?rest_route=\/wp\/v2\/product\/7646","targetHints":{"allow":["GET"]}}],"collection":[{"href":"https:\/\/koraledetale.pl\/index.php?rest_route=\/wp\/v2\/product"}],"about":[{"href":"https:\/\/koraledetale.pl\/index.php?rest_route=\/wp\/v2\/types\/product"}],"replies":[{"embeddable":true,"href":"https:\/\/koraledetale.pl\/index.php?rest_route=%2Fwp%2Fv2%2Fcomments&post=7646"}],"wp:featuredmedia":[{"embeddable":true,"href":"https:\/\/koraledetale.pl\/index.php?rest_route=\/wp\/v2\/media\/7648"}],"wp:attachment":[{"href":"https:\/\/koraledetale.pl\/index.php?rest_route=%2Fwp%2Fv2%2Fmedia&parent=7646"}],"wp:term":[{"taxonomy":"product_brand","embeddable":true,"href":"https:\/\/koraledetale.pl\/index.php?rest_route=%2Fwp%2Fv2%2Fproduct_brand&post=7646"},{"taxonomy":"product_cat","embeddable":true,"href":"https:\/\/koraledetale.pl\/index.php?rest_route=%2Fwp%2Fv2%2Fproduct_cat&post=7646"},{"taxonomy":"product_tag","embeddable":true,"href":"https:\/\/koraledetale.pl\/index.php?rest_route=%2Fwp%2Fv2%2Fproduct_tag&post=7646"}],"curies":[{"name":"wp","href":"https:\/\/api.w.org\/{rel}","templated":true}]}}