{"id":7642,"date":"2025-08-06T17:26:36","date_gmt":"2025-08-06T17:26:36","guid":{"rendered":"https:\/\/koraledetale.pl\/?post_type=product&#038;p=7642"},"modified":"2025-08-06T17:26:36","modified_gmt":"2025-08-06T17:26:36","slug":"kolczyki-metafizyczny-spokoj-z-rozowymi-kwarcami-szmaragdami-i-iolitami","status":"publish","type":"product","link":"https:\/\/koraledetale.pl\/?product=kolczyki-metafizyczny-spokoj-z-rozowymi-kwarcami-szmaragdami-i-iolitami","title":{"rendered":"Kolczyki METAFIZYCZNY SPOK\u00d3J z r\u00f3\u017cowymi kwarcami, szmaragdami i iolitami"},"content":{"rendered":"<p>Wielko\u015b\u0107 kamieni:<\/p>\n<ul>\n<li>szmaragd &#8211; 5&#215;6 mm,<\/li>\n<li>kwarc r\u00f3\u017cowy \u2013 8,5\u00d76,5 mm,<\/li>\n<li>iolit \u2013 8\u00d74,5 mm.<\/li>\n<\/ul>\n<p>D\u0142ugo\u015b\u0107 kolczyk\u00f3w \u2013 5,1 cm.<\/p>\n<p>Wszystkie elementy metalowe wykonane s\u0105 z nieuczulaj\u0105cej stali szlachetnej w kolorze srebrnym.<\/p>\n<p>Kolczyki s\u0105 bezpieczne przy u\u017cywaniu zgodnie z ich zastosowaniem.<\/p>\n","protected":false},"excerpt":{"rendered":"<p>Kolczyki z fasetowanymi oponkami szmaragdu, oliwkami r\u00f3\u017cowego kwarcu oraz kropelkami iolitu, zawieszonymi na okr\u0105g\u0142ych sztyftach.<\/p>\n","protected":false},"featured_media":7645,"comment_status":"open","ping_status":"closed","template":"","meta":{"advanced_seo_description":"","jetpack_seo_html_title":"","jetpack_seo_noindex":false},"product_brand":[],"product_cat":[18],"product_tag":[23,2792,2793,216,143],"class_list":{"0":"post-7642","1":"product","2":"type-product","3":"status-publish","4":"has-post-thumbnail","6":"product_cat-kolczyki","7":"product_tag-iolit","8":"product_tag-kolczyki-na-sztyftach-z-kolorowymi-kamieniami-naturalnymi","9":"product_tag-kolczyki-na-sztyftach-ze-szmaragdami-kwarcami-rozowymi-i-iolitami","10":"product_tag-kwarc-rozowy","11":"product_tag-szmaragd","13":"first","14":"instock","15":"shipping-taxable","16":"purchasable","17":"product-type-simple"},"jetpack_sharing_enabled":true,"_links":{"self":[{"href":"https:\/\/koraledetale.pl\/index.php?rest_route=\/wp\/v2\/product\/7642","targetHints":{"allow":["GET"]}}],"collection":[{"href":"https:\/\/koraledetale.pl\/index.php?rest_route=\/wp\/v2\/product"}],"about":[{"href":"https:\/\/koraledetale.pl\/index.php?rest_route=\/wp\/v2\/types\/product"}],"replies":[{"embeddable":true,"href":"https:\/\/koraledetale.pl\/index.php?rest_route=%2Fwp%2Fv2%2Fcomments&post=7642"}],"wp:featuredmedia":[{"embeddable":true,"href":"https:\/\/koraledetale.pl\/index.php?rest_route=\/wp\/v2\/media\/7645"}],"wp:attachment":[{"href":"https:\/\/koraledetale.pl\/index.php?rest_route=%2Fwp%2Fv2%2Fmedia&parent=7642"}],"wp:term":[{"taxonomy":"product_brand","embeddable":true,"href":"https:\/\/koraledetale.pl\/index.php?rest_route=%2Fwp%2Fv2%2Fproduct_brand&post=7642"},{"taxonomy":"product_cat","embeddable":true,"href":"https:\/\/koraledetale.pl\/index.php?rest_route=%2Fwp%2Fv2%2Fproduct_cat&post=7642"},{"taxonomy":"product_tag","embeddable":true,"href":"https:\/\/koraledetale.pl\/index.php?rest_route=%2Fwp%2Fv2%2Fproduct_tag&post=7642"}],"curies":[{"name":"wp","href":"https:\/\/api.w.org\/{rel}","templated":true}]}}