{"id":7632,"date":"2025-08-05T10:55:01","date_gmt":"2025-08-05T10:55:01","guid":{"rendered":"https:\/\/koraledetale.pl\/?post_type=product&#038;p=7632"},"modified":"2025-08-06T16:12:29","modified_gmt":"2025-08-06T16:12:29","slug":"naszyjnik-pozytywne-wibracje-z-agatem-i-kamieniami-slonecznymi","status":"publish","type":"product","link":"https:\/\/koraledetale.pl\/?product=naszyjnik-pozytywne-wibracje-z-agatem-i-kamieniami-slonecznymi","title":{"rendered":"Naszyjnik POZYTYWNE WIBRACJE z agatem i kamieniami s\u0142onecznymi"},"content":{"rendered":"<p>Wielko\u015b\u0107 kamieni:<\/p>\n<ul>\n<li>agat -57x40x4 mm,<\/li>\n<li>kamie\u0144 s\u0142oneczny \u2013 9&#215;6,5 mm,<\/li>\n<li>tygrysie oko &#8211; 4,5&#215;2,5 mm,<\/li>\n<li>hematyt \u2013 2 mm i 2\u00d72 mm.<\/li>\n<\/ul>\n<p>D\u0142ugo\u015b\u0107 naszyjnika &#8211; 86 cm + 4,5 cm zawieszka z agatem.<\/p>\n<p>Wszystkie elementy metalowe wykonane s\u0105 z nieuczulaj\u0105cej stali chirurgicznej szlachetnej w kolorze z\u0142otym.<\/p>\n<p>Naszyjnik jest bezpieczny przy u\u017cywaniu zgodnie z jego zastosowaniem.<\/p>\n","protected":false},"excerpt":{"rendered":"<p>D\u0142ugi naszyjnik z kamieniami s\u0142onecznymi, przeplatanymi z\u0142otymi hematytami i oponkami tygrysiego oka, z du\u017cym (lekkim) plastrem br\u0105zowego agatu po\u015brodku i \u0142a\u0144cuszkiem o pod\u0142u\u017cynych, karbowanych oczkach.<\/p>\n","protected":false},"featured_media":7636,"comment_status":"open","ping_status":"closed","template":"","meta":{"advanced_seo_description":"","jetpack_seo_html_title":"","jetpack_seo_noindex":false},"product_brand":[],"product_cat":[229],"product_tag":[127,2790,2791,94,2418,31],"class_list":{"0":"post-7632","1":"product","2":"type-product","3":"status-publish","4":"has-post-thumbnail","6":"product_cat-sprzedane","7":"product_tag-agat","8":"product_tag-dlugi-naszyjnik-z-agatem-i-kamieniami-slonecznymi","9":"product_tag-dlugi-naszyjnik-z-bezowymi-i-brazowymi-kamieniami-naturalnymi","10":"product_tag-kamien-sloneczny","11":"product_tag-tygrysie-oko","12":"product_tag-zloty-hematyt","14":"first","15":"outofstock","16":"shipping-taxable","17":"purchasable","18":"product-type-simple"},"jetpack_sharing_enabled":true,"_links":{"self":[{"href":"https:\/\/koraledetale.pl\/index.php?rest_route=\/wp\/v2\/product\/7632","targetHints":{"allow":["GET"]}}],"collection":[{"href":"https:\/\/koraledetale.pl\/index.php?rest_route=\/wp\/v2\/product"}],"about":[{"href":"https:\/\/koraledetale.pl\/index.php?rest_route=\/wp\/v2\/types\/product"}],"replies":[{"embeddable":true,"href":"https:\/\/koraledetale.pl\/index.php?rest_route=%2Fwp%2Fv2%2Fcomments&post=7632"}],"wp:featuredmedia":[{"embeddable":true,"href":"https:\/\/koraledetale.pl\/index.php?rest_route=\/wp\/v2\/media\/7636"}],"wp:attachment":[{"href":"https:\/\/koraledetale.pl\/index.php?rest_route=%2Fwp%2Fv2%2Fmedia&parent=7632"}],"wp:term":[{"taxonomy":"product_brand","embeddable":true,"href":"https:\/\/koraledetale.pl\/index.php?rest_route=%2Fwp%2Fv2%2Fproduct_brand&post=7632"},{"taxonomy":"product_cat","embeddable":true,"href":"https:\/\/koraledetale.pl\/index.php?rest_route=%2Fwp%2Fv2%2Fproduct_cat&post=7632"},{"taxonomy":"product_tag","embeddable":true,"href":"https:\/\/koraledetale.pl\/index.php?rest_route=%2Fwp%2Fv2%2Fproduct_tag&post=7632"}],"curies":[{"name":"wp","href":"https:\/\/api.w.org\/{rel}","templated":true}]}}