{"id":7617,"date":"2025-08-04T10:44:10","date_gmt":"2025-08-04T10:44:10","guid":{"rendered":"https:\/\/koraledetale.pl\/?post_type=product&#038;p=7617"},"modified":"2025-08-04T10:57:10","modified_gmt":"2025-08-04T10:57:10","slug":"kolczyki-wspomnienia-z-labradorytami","status":"publish","type":"product","link":"https:\/\/koraledetale.pl\/?product=kolczyki-wspomnienia-z-labradorytami","title":{"rendered":"Kolczyki WSPOMNIENIA z labradorytami"},"content":{"rendered":"<p>Wielko\u015b\u0107 kamieni:<\/p>\n<ul>\n<li>labradoryt \u2013 8&#215;4 mm,<\/li>\n<li>hematyt &#8211; 5&#215;2,5 i 4&#215;2 mm.<\/li>\n<\/ul>\n<p>D\u0142ugo\u015b\u0107 kolczyk\u00f3w \u2013 3,3 cm.<\/p>\n<p>Wszystkie elementy metalowe wykonane s\u0105 z nieuczulaj\u0105cej stali szlachetnej w kolorze srebrnym.<\/p>\n<p>Kolczyki s\u0105 bezpieczne przy u\u017cywaniu zgodnie z ich zastosowaniem.<\/p>\n","protected":false},"excerpt":{"rendered":"<p>Kolczyki z fasetowanymi oponkami labradorytu, przek\u0142adanymi srebrnymi hematytami, zawieszonymi na okr\u0105g\u0142ym biglu angielskim.<\/p>\n","protected":false},"featured_media":7624,"comment_status":"open","ping_status":"closed","template":"","meta":{"advanced_seo_description":"","jetpack_seo_html_title":"","jetpack_seo_noindex":false},"product_brand":[],"product_cat":[18],"product_tag":[177,56,26,2784],"class_list":{"0":"post-7617","1":"product","2":"type-product","3":"status-publish","4":"has-post-thumbnail","6":"product_cat-kolczyki","7":"product_tag-kolczyki-z-labradorytami","8":"product_tag-labradoryt","9":"product_tag-srebrny-hematyt","10":"product_tag-wiszace-kolczyki-z-szarymi-kamieniami-naturalnymi","12":"first","13":"instock","14":"shipping-taxable","15":"purchasable","16":"product-type-simple"},"jetpack_sharing_enabled":true,"_links":{"self":[{"href":"https:\/\/koraledetale.pl\/index.php?rest_route=\/wp\/v2\/product\/7617","targetHints":{"allow":["GET"]}}],"collection":[{"href":"https:\/\/koraledetale.pl\/index.php?rest_route=\/wp\/v2\/product"}],"about":[{"href":"https:\/\/koraledetale.pl\/index.php?rest_route=\/wp\/v2\/types\/product"}],"replies":[{"embeddable":true,"href":"https:\/\/koraledetale.pl\/index.php?rest_route=%2Fwp%2Fv2%2Fcomments&post=7617"}],"wp:featuredmedia":[{"embeddable":true,"href":"https:\/\/koraledetale.pl\/index.php?rest_route=\/wp\/v2\/media\/7624"}],"wp:attachment":[{"href":"https:\/\/koraledetale.pl\/index.php?rest_route=%2Fwp%2Fv2%2Fmedia&parent=7617"}],"wp:term":[{"taxonomy":"product_brand","embeddable":true,"href":"https:\/\/koraledetale.pl\/index.php?rest_route=%2Fwp%2Fv2%2Fproduct_brand&post=7617"},{"taxonomy":"product_cat","embeddable":true,"href":"https:\/\/koraledetale.pl\/index.php?rest_route=%2Fwp%2Fv2%2Fproduct_cat&post=7617"},{"taxonomy":"product_tag","embeddable":true,"href":"https:\/\/koraledetale.pl\/index.php?rest_route=%2Fwp%2Fv2%2Fproduct_tag&post=7617"}],"curies":[{"name":"wp","href":"https:\/\/api.w.org\/{rel}","templated":true}]}}