{"id":7597,"date":"2025-07-31T10:30:03","date_gmt":"2025-07-31T10:30:03","guid":{"rendered":"https:\/\/koraledetale.pl\/?post_type=product&#038;p=7597"},"modified":"2025-08-01T05:22:38","modified_gmt":"2025-08-01T05:22:38","slug":"naszyjnik-mocarz-z-herkimerami-i-krysztalem-gorskim","status":"publish","type":"product","link":"https:\/\/koraledetale.pl\/?product=naszyjnik-mocarz-z-herkimerami-i-krysztalem-gorskim","title":{"rendered":"Naszyjnik MOCARZ z herkimerami i kryszta\u0142em g\u00f3rskim"},"content":{"rendered":"<p>Wielko\u015b\u0107 kamieni:<\/p>\n<ul>\n<li>herkimer \u2013 11-15 x 3,5-7 mm,<\/li>\n<li>kryszta\u0142 g\u00f3rski -28&#215;7 mm,<\/li>\n<li>hematyt \u2013 2 mm i 2&#215;2 mm.<\/li>\n<\/ul>\n<p>D\u0142ugo\u015b\u0107 naszyjnika do 53 cm.<\/p>\n<p>Wszystkie elementy metalowe wykonane s\u0105 z nieuczulaj\u0105cej stali chirurgicznej szlachetnej w kolorze z\u0142otym.<\/p>\n<p>Naszyjnik jest bezpieczny przy u\u017cywaniu zgodnie z jego zastosowaniem.<\/p>\n<p>Herkimer to kryszta\u0142 g\u00f3rski o wyj\u0105tkowej budowie. Wyst\u0119puje wy\u0142\u0105cznie w\u00a0 Herkimer County w stanie Nowy Jork, st\u0105d te\u017c pochodzi jego nazwa. Ma unikalne w\u0142a\u015bciwo\u015bci, oto kilka z nich:<\/p>\n<ul>\n<li><strong>Wzmacnianie intuicji<\/strong>\u00a0i jasnowidzenie, otwiera trzecie oko i pomaga w odbieraniu subtelnej energii oraz w zrozumieniu g\u0142\u0119bszych aspekt\u00f3w rzeczywisto\u015bci.<\/li>\n<li><strong>Ochrona i oczyszczanie \u2013<\/strong>\u00a0ochrona przed negatywn\u0105 energi\u0105 oraz oczyszczanie aury i przestrzeni. Jego czysta, silna energia ma potencja\u0142 do usuwania blokad energetycznych i promowania harmonii.<\/li>\n<li><strong>Wzmacnianie intencji<\/strong>: podobnie jak inne kwarce, herkimer mo\u017ce by\u0107 \u201cprogramowany\u201d do osi\u0105gni\u0119cia zamierzonych cel\u00f3w i pragnie\u0144.<\/li>\n<li><strong>Wzmacnianie energii \u017cyciowej<\/strong>\u00a0i pomoc w osi\u0105ganiu r\u00f3wnowagi energetycznej. Pomaga zwi\u0119kszy\u0107 witalno\u015b\u0107 i poprawia og\u00f3ln\u0105 kondycj\u0119 fizyczn\u0105 i emocjonaln\u0105.<\/li>\n<li><strong>Przewodzenie energii<\/strong>\u00a0podczas praktyk medytacyjnych, uzdrawiania energetycznego i manifestacji.<\/li>\n<\/ul>\n","protected":false},"excerpt":{"rendered":"<p>Naszyjnik z herkimerami przeplatanymi z\u0142otymi hematytami, z kryszta\u0142em g\u00f3rskim po\u015brodku i \u0142a\u0144cuszkiem o pod\u0142u\u017cynych oczkach po boku. Naszyjnik zapniesz na dowolnym oczku, dzi\u0119ki czemu mo\u017ce by\u0107 noszony jako choker lub ozdoba du\u017cych dekolt\u00f3w.<\/p>\n","protected":false},"featured_media":7600,"comment_status":"open","ping_status":"closed","template":"","meta":{"advanced_seo_description":"","jetpack_seo_html_title":"","jetpack_seo_noindex":false},"product_brand":[],"product_cat":[229],"product_tag":[1252,702,2130,2782,31,2783],"class_list":{"0":"post-7597","1":"product","2":"type-product","3":"status-publish","4":"has-post-thumbnail","6":"product_cat-sprzedane","7":"product_tag-herkimer","8":"product_tag-krysztal-gorski","9":"product_tag-naszyjnik-ochronny","10":"product_tag-naszyjnik-z-herkimerami-i-krysztalem-gorskim","11":"product_tag-zloty-hematyt","12":"product_tag-lancuszek-z-herkimerami-i-krysztalem-gorskim","14":"first","15":"outofstock","16":"shipping-taxable","17":"purchasable","18":"product-type-simple"},"jetpack_sharing_enabled":true,"_links":{"self":[{"href":"https:\/\/koraledetale.pl\/index.php?rest_route=\/wp\/v2\/product\/7597","targetHints":{"allow":["GET"]}}],"collection":[{"href":"https:\/\/koraledetale.pl\/index.php?rest_route=\/wp\/v2\/product"}],"about":[{"href":"https:\/\/koraledetale.pl\/index.php?rest_route=\/wp\/v2\/types\/product"}],"replies":[{"embeddable":true,"href":"https:\/\/koraledetale.pl\/index.php?rest_route=%2Fwp%2Fv2%2Fcomments&post=7597"}],"wp:featuredmedia":[{"embeddable":true,"href":"https:\/\/koraledetale.pl\/index.php?rest_route=\/wp\/v2\/media\/7600"}],"wp:attachment":[{"href":"https:\/\/koraledetale.pl\/index.php?rest_route=%2Fwp%2Fv2%2Fmedia&parent=7597"}],"wp:term":[{"taxonomy":"product_brand","embeddable":true,"href":"https:\/\/koraledetale.pl\/index.php?rest_route=%2Fwp%2Fv2%2Fproduct_brand&post=7597"},{"taxonomy":"product_cat","embeddable":true,"href":"https:\/\/koraledetale.pl\/index.php?rest_route=%2Fwp%2Fv2%2Fproduct_cat&post=7597"},{"taxonomy":"product_tag","embeddable":true,"href":"https:\/\/koraledetale.pl\/index.php?rest_route=%2Fwp%2Fv2%2Fproduct_tag&post=7597"}],"curies":[{"name":"wp","href":"https:\/\/api.w.org\/{rel}","templated":true}]}}