{"id":758,"date":"2021-06-21T14:31:19","date_gmt":"2021-06-21T14:31:19","guid":{"rendered":"https:\/\/koraledetale.pl\/?post_type=product&#038;p=758"},"modified":"2024-11-11T11:15:23","modified_gmt":"2024-11-11T11:15:23","slug":"naszyjnik-noc-z-perel","status":"publish","type":"product","link":"https:\/\/koraledetale.pl\/?product=naszyjnik-noc-z-perel","title":{"rendered":"Naszyjnik NOC z pere\u0142"},"content":{"rendered":"<p>Wielko\u015b\u0107 kamieni:<\/p>\n<ul>\n<li>per\u0142a &#8211; 4&#215;3 mm,<\/li>\n<li>hematyt &#8211; 2 mm.<\/li>\n<\/ul>\n<p>D\u0142ugo\u015b\u0107 naszyjnika &#8211; 41 cm + zawieszka 1,7 cm.<\/p>\n","protected":false},"excerpt":{"rendered":"<p>Choker z ciemnych, t\u0119czowych pere\u0142 przeplatanych srebrnymi hematytami, zasup\u0142anych na czerwonej nitce. Zwie\u0144czeniem naszyjnika jest zawieszka &#8211; sierp ksi\u0119\u017cyca. Wszyskie elementy metalowe wykonane s\u0105 ze stali chirurgicznej (szlachetnej).<\/p>\n","protected":false},"featured_media":761,"comment_status":"open","ping_status":"closed","template":"","meta":{"advanced_seo_description":"","jetpack_seo_html_title":"","jetpack_seo_noindex":false},"product_brand":[],"product_cat":[229],"product_tag":[269,318,257,274,317,319],"class_list":{"0":"post-758","1":"product","2":"type-product","3":"status-publish","4":"has-post-thumbnail","6":"product_cat-sprzedane","7":"product_tag-choker-z-perel","8":"product_tag-ciemne-perly","9":"product_tag-naszyjnik-z-ciemnych-perel","10":"product_tag-naszyjnik-z-ksiezycem","11":"product_tag-naszyjnik-z-perel-z-ksiezycem","12":"product_tag-perla-teczowa","14":"first","15":"outofstock","16":"shipping-taxable","17":"product-type-simple"},"jetpack_sharing_enabled":true,"_links":{"self":[{"href":"https:\/\/koraledetale.pl\/index.php?rest_route=\/wp\/v2\/product\/758","targetHints":{"allow":["GET"]}}],"collection":[{"href":"https:\/\/koraledetale.pl\/index.php?rest_route=\/wp\/v2\/product"}],"about":[{"href":"https:\/\/koraledetale.pl\/index.php?rest_route=\/wp\/v2\/types\/product"}],"replies":[{"embeddable":true,"href":"https:\/\/koraledetale.pl\/index.php?rest_route=%2Fwp%2Fv2%2Fcomments&post=758"}],"wp:featuredmedia":[{"embeddable":true,"href":"https:\/\/koraledetale.pl\/index.php?rest_route=\/wp\/v2\/media\/761"}],"wp:attachment":[{"href":"https:\/\/koraledetale.pl\/index.php?rest_route=%2Fwp%2Fv2%2Fmedia&parent=758"}],"wp:term":[{"taxonomy":"product_brand","embeddable":true,"href":"https:\/\/koraledetale.pl\/index.php?rest_route=%2Fwp%2Fv2%2Fproduct_brand&post=758"},{"taxonomy":"product_cat","embeddable":true,"href":"https:\/\/koraledetale.pl\/index.php?rest_route=%2Fwp%2Fv2%2Fproduct_cat&post=758"},{"taxonomy":"product_tag","embeddable":true,"href":"https:\/\/koraledetale.pl\/index.php?rest_route=%2Fwp%2Fv2%2Fproduct_tag&post=758"}],"curies":[{"name":"wp","href":"https:\/\/api.w.org\/{rel}","templated":true}]}}