{"id":7578,"date":"2025-07-21T10:12:38","date_gmt":"2025-07-21T10:12:38","guid":{"rendered":"https:\/\/koraledetale.pl\/?post_type=product&#038;p=7578"},"modified":"2025-08-14T14:33:29","modified_gmt":"2025-08-14T14:33:29","slug":"bransoletka-azuryt-i-rozgwiazda","status":"publish","type":"product","link":"https:\/\/koraledetale.pl\/?product=bransoletka-azuryt-i-rozgwiazda","title":{"rendered":"Bransoletka AZURYT I ROZGWIAZDA"},"content":{"rendered":"<p>Wielko\u015b\u0107 kamieni:<\/p>\n<ul>\n<li>azuryt \u2013 2,5 mm,<\/li>\n<li>hematyt \u2013 2 mm.<\/li>\n<\/ul>\n<p>D\u0142ugo\u015b\u0107 bransoletki: 17-21 cm.<\/p>\n<p>Wszystkie elementy metalowe wykonane s\u0105 z nieuczulaj\u0105cej stali chirurgicznej szlachetnej w kolorze z\u0142otym.<\/p>\n<p>Kamienie zasupe\u0142kowane s\u0105 na ciemnoniebieskiej, mocnej nici jubilerskiej.<\/p>\n<p>Bransoletka jest bezpieczny przy u\u017cywaniu zgodnie z jej zastosowaniem.<\/p>\n","protected":false},"excerpt":{"rendered":"<p>Podw\u00f3jny bransoletka ze sznurem drobnych azuryt\u00f3w oraz \u0142a\u0144cuszka z kuleczkami, zwie\u0144czona zawieszk\u0105 \u2013 rozgwiazd\u0105.<\/p>\n","protected":false},"featured_media":7581,"comment_status":"open","ping_status":"closed","template":"","meta":{"advanced_seo_description":"","jetpack_seo_html_title":"","jetpack_seo_noindex":false},"product_brand":[],"product_cat":[229],"product_tag":[1027,2774,2773,2775,796],"class_list":{"0":"post-7578","1":"product","2":"type-product","3":"status-publish","4":"has-post-thumbnail","6":"product_cat-sprzedane","7":"product_tag-azuryt","8":"product_tag-bransoletka-z-lancuszkiem-i-azurytami-z-rozgwiazda","9":"product_tag-podwojna-bransoletka-z-azurytami-i-rozgwiazda","10":"product_tag-podwojna-bransoletka-z-niebieskimi-kamieniami-naturalnymi","11":"product_tag-rozgwiazda","13":"first","14":"outofstock","15":"shipping-taxable","16":"purchasable","17":"product-type-simple"},"jetpack_sharing_enabled":true,"_links":{"self":[{"href":"https:\/\/koraledetale.pl\/index.php?rest_route=\/wp\/v2\/product\/7578","targetHints":{"allow":["GET"]}}],"collection":[{"href":"https:\/\/koraledetale.pl\/index.php?rest_route=\/wp\/v2\/product"}],"about":[{"href":"https:\/\/koraledetale.pl\/index.php?rest_route=\/wp\/v2\/types\/product"}],"replies":[{"embeddable":true,"href":"https:\/\/koraledetale.pl\/index.php?rest_route=%2Fwp%2Fv2%2Fcomments&post=7578"}],"wp:featuredmedia":[{"embeddable":true,"href":"https:\/\/koraledetale.pl\/index.php?rest_route=\/wp\/v2\/media\/7581"}],"wp:attachment":[{"href":"https:\/\/koraledetale.pl\/index.php?rest_route=%2Fwp%2Fv2%2Fmedia&parent=7578"}],"wp:term":[{"taxonomy":"product_brand","embeddable":true,"href":"https:\/\/koraledetale.pl\/index.php?rest_route=%2Fwp%2Fv2%2Fproduct_brand&post=7578"},{"taxonomy":"product_cat","embeddable":true,"href":"https:\/\/koraledetale.pl\/index.php?rest_route=%2Fwp%2Fv2%2Fproduct_cat&post=7578"},{"taxonomy":"product_tag","embeddable":true,"href":"https:\/\/koraledetale.pl\/index.php?rest_route=%2Fwp%2Fv2%2Fproduct_tag&post=7578"}],"curies":[{"name":"wp","href":"https:\/\/api.w.org\/{rel}","templated":true}]}}